{"id":2912,"date":"2016-07-01T10:38:32","date_gmt":"2016-07-01T10:38:32","guid":{"rendered":"http:\/\/orpheus.hr\/si\/?page_id=2912"},"modified":"2016-07-01T12:49:18","modified_gmt":"2016-07-01T12:49:18","slug":"valborg-werbeck-svardstrom-slo","status":"publish","type":"page","link":"https:\/\/orpheus.hr\/sl\/valborg-werbeck-svardstrom-slo\/","title":{"rendered":"Valborg Werbeck-Sv\u00e4rdstr\u00f6m-slo"},"content":{"rendered":"<div id=\"post-1873\" class=\"container post-1873 page type-page status-publish hentry language-sl\">\n<div class=\"twelve alt columns\">\n<h3 class=\"headline\">Pomembnost glasbe in petja<\/h3>\n<p><img loading=\"lazy\" decoding=\"async\" class=\"wp-image-110 image-left alignleft\" src=\"\/hr\/wp-content\/uploads\/2013\/10\/werbeck.jpg\" alt=\"werbeck\" width=\"239\" height=\"150\" \/> <span class=\"dropcap \">V<\/span>alborg Sv\u00e4rdstr\u00f6m (poro\u010dena Werbeck-Sv\u00e4rdstr\u00f6m) je bila rojena na severu \u0160vedske leta 1879. Pela je od zgodnjega otro\u0161tva. Te\u017eav pri petju ni poznala ne pri najvi\u0161jih ne pri najni\u017ejih tonih (A\u2019\u2019\u2019). Dihalne te\u017eave za njo niso obstajale, koloratura je pri\u0161la sama od sebe. \u201ePetje je bilo enostavno nekaj mojega. Nisem mogla razumeti, kako ljudje lahko postanejo hripavi ali se utrudijo zaradi petja. Petje je bilo zame najodkritej\u0161i izraz brezskrbnega otro\u0161kega bitja,\u201c Werbeck.<\/p>\n<p>Pri petnajstih letih se je vpisala na Kraljevsko glasbeno akademijo v Stockholmu. Pri petju navadnih vaj je s\u010dasoma za\u010dela \u010dutiti nelagodje. Ta ob\u010dutek je nara\u0161\u010dal med \u0161olanjem. Dobila je infekcijo vratnih \u017elez. Zdravniki niso mogli najti vzroka za to, infekcija pa je postopoma za\u010dela \u0161kodovati njenemu petju. Te\u017eave so se ve\u010dale, visoki toni tretje oktave so se za\u010deli izgubljati. Kljub temu je pri enaindvajsetih postala \u010dlanica Kraljevske opere v Stockholmu.<\/p>\n<p>Pri petindvajsetih je dobila paralizo glasilk. Njen glas je utihnil. Glede na to, da na svojih turnejah po Franciji, Italiji in Nem\u010diji ni na\u0161la novega, bolj zdravega na\u010dina petja, je za\u010dela razvijati lastni pristop fenomena glasu, tako da je dognala vaje, s pomo\u010djo katerih se ji je postopno povrnil glas. Iz teh vaj je \u0161e naprej razvijala svojo metodo petja in tako lahko ponovno prevzela vlogo operne pevke. Pred njen glas so bile postavljene velike zahteve. Lahko jih je izpolnila samo tako, da je vadila po svojem novem pristopu k petju. \u010ceprav je bila zelo znana in priznana pevka, je imela na vrhuncu kariere samo en cilj: kon\u010dati kariero in ustanoviti novo \u0161olo petja \u201e\u0160olo za odkrivanje glasu\u201c.<\/p>\n<p>Leta 1912 je spoznala dr. Rudolfa Steinerja, ki ji je pomagal pri delu. Njuno sodelovanje (1912-1924) je pripeljalo do priznanja \u201c\u0160ole za odkrivanje glasu\u201d kot pravilne poti pri \u0161olanju glasu. Med delom v centrih za osebe z motnjami v razvoju je postavila osnove za terapevtsko uporabo \u201e\u0160ole za odkrivanje glasu\u201c. To pionirsko delo je predano opravljala do konca svojega \u017eivljenja.<\/p>\n<\/div>\n<\/div>\n<!-- Facebook Members Plugin by Crunchify: http:\/\/Crunchify.com\/facebook-members\/ -->\n\t\t<div class=\"fb-recommendations-bar\" data-href=\"https:\/\/orpheus.hr\/sl\/valborg-werbeck-svardstrom-slo\/\" data-read-time=\"5\" data-side=\"\" data-action=\"like\"><\/div>","protected":false},"excerpt":{"rendered":"<p>Pomembnost glasbe in petja Valborg Sv\u00e4rdstr\u00f6m (poro\u010dena Werbeck-Sv\u00e4rdstr\u00f6m) je bila rojena na severu \u0160vedske leta 1879. Pela je od zgodnjega otro\u0161tva. Te\u017eav pri petju ni poznala ne pri najvi\u0161jih ne pri najni\u017ejih tonih (A\u2019\u2019\u2019). Dihalne te\u017eave za njo niso obstajale, koloratura je pri\u0161la sama od sebe. \u201ePetje je bilo enostavno nekaj mojega. Nisem mogla razumeti,&#8230;<\/p>\n","protected":false},"author":2,"featured_media":0,"parent":0,"menu_order":0,"comment_status":"closed","ping_status":"closed","template":"","meta":{"footnotes":""},"_links":{"self":[{"href":"https:\/\/orpheus.hr\/sl\/wp-json\/wp\/v2\/pages\/2912"}],"collection":[{"href":"https:\/\/orpheus.hr\/sl\/wp-json\/wp\/v2\/pages"}],"about":[{"href":"https:\/\/orpheus.hr\/sl\/wp-json\/wp\/v2\/types\/page"}],"author":[{"embeddable":true,"href":"https:\/\/orpheus.hr\/sl\/wp-json\/wp\/v2\/users\/2"}],"replies":[{"embeddable":true,"href":"https:\/\/orpheus.hr\/sl\/wp-json\/wp\/v2\/comments?post=2912"}],"version-history":[{"count":3,"href":"https:\/\/orpheus.hr\/sl\/wp-json\/wp\/v2\/pages\/2912\/revisions"}],"predecessor-version":[{"id":2970,"href":"https:\/\/orpheus.hr\/sl\/wp-json\/wp\/v2\/pages\/2912\/revisions\/2970"}],"wp:attachment":[{"href":"https:\/\/orpheus.hr\/sl\/wp-json\/wp\/v2\/media?parent=2912"}],"curies":[{"name":"wp","href":"https:\/\/api.w.org\/{rel}","templated":true}]}}