{"id":2879,"date":"2016-07-01T07:50:34","date_gmt":"2016-07-01T07:50:34","guid":{"rendered":"http:\/\/orpheus.hr\/si\/?page_id=2879"},"modified":"2024-02-06T18:12:47","modified_gmt":"2024-02-06T18:12:47","slug":"home-slo","status":"publish","type":"page","link":"https:\/\/orpheus.hr\/sl\/","title":{"rendered":"Home"},"content":{"rendered":"<section class=\"l-section wpb_row us_custom_98127159 height_auto\"><div class=\"l-section-h i-cf\"><div class=\"g-cols vc_row via_grid cols_1 laptops-cols_inherit tablets-cols_inherit mobiles-cols_1 valign_top type_default stacking_default\"><div class=\"wpb_column vc_column_container\"><div class=\"vc_column-inner\">[rev_slider_vc alias=&#8221;slovenski&#8221;]<\/div><\/div><\/div><\/div><\/section><section class=\"l-section wpb_row height_large\" id=\"start\"><div class=\"l-section-h i-cf\"><div class=\"g-cols vc_row via_grid cols_1 laptops-cols_inherit tablets-cols_inherit mobiles-cols_1 valign_top type_default stacking_default\"><div class=\"wpb_column vc_column_container\"><div class=\"vc_column-inner\"><div class=\"wpb_text_column\"><div class=\"wpb_wrapper\"><h2 style=\"text-align: center;\">Terapija petje<\/h2>\n<\/div><\/div><div class=\"w-separator size_medium\"><\/div><div class=\"g-cols wpb_row via_grid cols_3 laptops-cols_inherit tablets-cols_inherit mobiles-cols_1 valign_top type_default stacking_default\" style=\"--gap:3rem;\"><div class=\"wpb_column vc_column_container\"><div class=\"vc_column-inner\"><div class=\"w-iconbox iconpos_top style_circle color_primary align_center\"><div class=\"w-iconbox-icon\" style=\"font-size:36px;\"><i class=\"material-icons\">favorite_outline<\/i><\/div><div class=\"w-iconbox-meta\"><h4 class=\"w-iconbox-title\">Potovanje v globino du\u0161e<\/h4><div class=\"w-iconbox-text\"><p>V naravi ni najti ni\u010d lep\u0161ega in popolnej\u0161ega od glasbe. Ona usmerja \u010dloveka v globino njegove du\u0161e. (Marij Kogoj)<\/p>\n<\/div><\/div><\/div><\/div><\/div><div class=\"wpb_column vc_column_container\"><div class=\"vc_column-inner\"><div class=\"w-iconbox iconpos_top style_circle color_primary align_center\"><div class=\"w-iconbox-icon\" style=\"font-size:36px;\"><i class=\"material-icons\">perm_identity<\/i><\/div><div class=\"w-iconbox-meta\"><h4 class=\"w-iconbox-title\">Lek za vse bole\u010dine srca<\/h4><div class=\"w-iconbox-text\"><p>Iz glasbe prihaja \u010dar, ob katerem se morajo upokojiti vse skrbi in vse bole\u010dine srca. (William Shakespeare)<\/p>\n<\/div><\/div><\/div><\/div><\/div><div class=\"wpb_column vc_column_container\"><div class=\"vc_column-inner\"><div class=\"w-iconbox iconpos_top style_circle color_primary align_center\"><div class=\"w-iconbox-icon\" style=\"font-size:36px;\"><i class=\"material-icons\">thumb_up<\/i><\/div><div class=\"w-iconbox-meta\"><h4 class=\"w-iconbox-title\">Glasba spreminja navade<\/h4><div class=\"w-iconbox-text\"><p>Glasba je tista, ki lahko izbolj\u0161a \u010dlove\u0161ki um s tem, da ga gane, in tako spremeni \u010dlove\u0161ke navade. (Knjiga sprememb)<\/p>\n<\/div><\/div><\/div><\/div><\/div><\/div><\/div><\/div><\/div><\/div><\/section><section class=\"l-section wpb_row height_large color_primary\"><div class=\"l-section-overlay\" style=\"background:rgba(0,0,0,0.5)\"><\/div><div class=\"l-section-h i-cf\"><div class=\"g-cols vc_row via_grid cols_1 laptops-cols_inherit tablets-cols_inherit mobiles-cols_1 valign_top type_default stacking_default\"><div class=\"wpb_column vc_column_container\"><div class=\"vc_column-inner\"><div class=\"wpb_text_column\"><div class=\"wpb_wrapper\"><h1 style=\"text-align: center;\"><strong>Kaj<\/strong> delamo?<\/h1>\n<\/div><\/div><div class=\"w-separator size_medium\"><\/div><div class=\"w-grid type_grid layout_3416 cols_4 ratio_1x1\" id=\"us_grid_1\" style=\"--gap:2px;\" data-filterable=\"true\"><style>@media (max-width:-1px){#us_grid_1 .w-grid-item{width:33.3333%}#us_grid_1 .w-grid-item.size_2x1,#us_grid_1 .w-grid-item.size_2x2{width:66.6667%}}@media (max-width:-1px){#us_grid_1 .w-grid-item{width:50%}#us_grid_1 .w-grid-item.size_2x1,#us_grid_1 .w-grid-item.size_2x2{width:100%}}@media (max-width:-1px){#us_grid_1 .w-grid-list{margin:0}#us_grid_1 .w-grid-item{width:100%;padding:0;margin-bottom:var(--gap,0px)}}.layout_3416 .w-grid-item-h:before{padding-bottom:100%}@media (min-width:0px){.layout_3416 .w-grid-item.size_1x2 .w-grid-item-h:before{padding-bottom:calc(200% + var(--gap,0px) * 2)}.layout_3416 .w-grid-item.size_2x1 .w-grid-item-h:before{padding-bottom:calc(50% - var(--gap,0px) * 1)}.layout_3416 .w-grid-item.size_2x2 .w-grid-item-h:before{padding-bottom:calc(100% - var(--gap,0px) * 0)}}.layout_3416 .w-grid-item-h{}.layout_3416 .usg_post_image_1{transition-duration:0.4s;transform-origin:50% 50%;transform:scale(1) translate(0%,0%);opacity:0.35}.layout_3416 .w-grid-item-h:hover .usg_post_image_1{transform:scale(1) translate(0%,0%);opacity:1}.layout_3416 .usg_post_title_1{transition-duration:0.3s;transform-origin:50% 50%;transform:scale(1) translate(0%,0%)}.layout_3416 .w-grid-item-h:hover .usg_post_title_1{transform:scale(1) translate(0%,-100%);opacity:0}.layout_3416 .usg_post_image_1{position:absolute!important;top:-1px!important;right:-1px!important;bottom:-1px!important;left:-1px!important}.layout_3416 .usg_vwrapper_1{position:absolute!important;top:0!important;right:0!important;bottom:0!important;left:0!important;padding:2rem!important}.layout_3416 .usg_post_title_1{color:inherit!important}@media (min-width:1025px) and (max-width:1380px){.layout_3416 .usg_post_image_1{position:absolute!important;top:-1px!important;right:-1px!important;bottom:-1px!important;left:-1px!important}.layout_3416 .usg_vwrapper_1{position:absolute!important;top:0!important;right:0!important;bottom:0!important;left:0!important;padding:2rem!important}.layout_3416 .usg_post_title_1{color:inherit!important}}@media (min-width:601px) and (max-width:1024px){.layout_3416 .usg_post_image_1{position:absolute!important;top:-1px!important;right:-1px!important;bottom:-1px!important;left:-1px!important}.layout_3416 .usg_vwrapper_1{position:absolute!important;top:0!important;right:0!important;bottom:0!important;left:0!important;padding:2rem!important}.layout_3416 .usg_post_title_1{color:inherit!important}}@media (max-width:600px){.layout_3416 .usg_post_image_1{position:absolute!important;top:-1px!important;right:-1px!important;bottom:-1px!important;left:-1px!important}.layout_3416 .usg_vwrapper_1{position:absolute!important;top:0!important;right:0!important;bottom:0!important;left:0!important;padding:2rem!important}.layout_3416 .usg_post_title_1{color:inherit!important}}<\/style><div class=\"w-grid-list\">\t<article class=\"w-grid-item size_1x1 post-2799 us_portfolio type-us_portfolio status-publish has-post-thumbnail hentry us_portfolio_category-naslovna\" data-id=\"2799\">\r\n\t\t<div class=\"w-grid-item-h\">\r\n\t\t\t\t\t\t\t<a href=\"https:\/\/orpheus.hr\/sl\/portfolio\/prof-baldo-mikulic\/\" class=\"w-grid-item-anchor\" aria-label=\"prof. Baldo Mikuli\u0107\"><\/a>\r\n\t\t\t\t\t\t<div class=\"w-post-elm post_image usg_post_image_1 stretched\"><img loading=\"lazy\" decoding=\"async\" width=\"556\" height=\"389\" src=\"https:\/\/orpheus.hr\/sl\/wp-content\/uploads\/2013\/09\/pjevanjem-do-zdravlja.jpg\" class=\"attachment-us_img_size_1 size-us_img_size_1 wp-post-image\" alt=\"\" srcset=\"https:\/\/orpheus.hr\/sl\/wp-content\/uploads\/2013\/09\/pjevanjem-do-zdravlja.jpg 556w, https:\/\/orpheus.hr\/sl\/wp-content\/uploads\/2013\/09\/pjevanjem-do-zdravlja-300x210.jpg 300w\" sizes=\"(max-width: 556px) 100vw, 556px\" \/><\/div><div class=\"w-vwrapper usg_vwrapper_1 align_center valign_middle\"><h2 class=\"w-post-elm post_title usg_post_title_1 has_text_color entry-title color_link_inherit\">prof. Baldo Mikuli\u0107<\/h2><\/div>\t\t<\/div>\r\n\t<\/article>\r\n\t<article class=\"w-grid-item size_1x1 custom-link post-2809 us_portfolio type-us_portfolio status-publish has-post-thumbnail hentry us_portfolio_category-naslovna\" data-id=\"2809\">\r\n\t\t<div class=\"w-grid-item-h\">\r\n\t\t\t\t\t\t\t<a href=\"\/hr\/category\/vijesti\/\" class=\"w-grid-item-anchor\" aria-label=\"Novosti\"><\/a>\r\n\t\t\t\t\t\t<div class=\"w-post-elm post_image usg_post_image_1 stretched\"><img loading=\"lazy\" decoding=\"async\" width=\"600\" height=\"375\" src=\"https:\/\/orpheus.hr\/sl\/wp-content\/uploads\/2016\/01\/quotes.jpg\" class=\"attachment-us_img_size_1 size-us_img_size_1 wp-post-image\" alt=\"\" srcset=\"https:\/\/orpheus.hr\/sl\/wp-content\/uploads\/2016\/01\/quotes.jpg 600w, https:\/\/orpheus.hr\/sl\/wp-content\/uploads\/2016\/01\/quotes-300x188.jpg 300w\" sizes=\"(max-width: 600px) 100vw, 600px\" \/><\/div><div class=\"w-vwrapper usg_vwrapper_1 align_center valign_middle\"><h2 class=\"w-post-elm post_title usg_post_title_1 has_text_color entry-title color_link_inherit\">Novosti<\/h2><\/div>\t\t<\/div>\r\n\t<\/article>\r\n\t<article class=\"w-grid-item size_1x1 custom-link post-2807 us_portfolio type-us_portfolio status-publish has-post-thumbnail hentry us_portfolio_category-naslovna\" data-id=\"2807\">\r\n\t\t<div class=\"w-grid-item-h\">\r\n\t\t\t\t\t\t\t<a href=\"\/hr\/category\/aktualni-seminari\/\" class=\"w-grid-item-anchor\" aria-label=\"Seminari Werbeck pjevanja\"><\/a>\r\n\t\t\t\t\t\t<div class=\"w-post-elm post_image usg_post_image_1 stretched\"><img loading=\"lazy\" decoding=\"async\" width=\"500\" height=\"500\" src=\"https:\/\/orpheus.hr\/sl\/wp-content\/uploads\/2014\/09\/pticica.jpg\" class=\"attachment-us_img_size_1 size-us_img_size_1 wp-post-image\" alt=\"\" srcset=\"https:\/\/orpheus.hr\/sl\/wp-content\/uploads\/2014\/09\/pticica.jpg 500w, https:\/\/orpheus.hr\/sl\/wp-content\/uploads\/2014\/09\/pticica-150x150.jpg 150w, https:\/\/orpheus.hr\/sl\/wp-content\/uploads\/2014\/09\/pticica-300x300.jpg 300w\" sizes=\"(max-width: 500px) 100vw, 500px\" \/><\/div><div class=\"w-vwrapper usg_vwrapper_1 align_center valign_middle\"><h2 class=\"w-post-elm post_title usg_post_title_1 has_text_color entry-title color_link_inherit\">Seminari Werbeck pjevanja<\/h2><\/div>\t\t<\/div>\r\n\t<\/article>\r\n\t<article class=\"w-grid-item size_1x1 custom-link post-2803 us_portfolio type-us_portfolio status-publish has-post-thumbnail hentry us_portfolio_category-naslovna\" data-id=\"2803\">\r\n\t\t<div class=\"w-grid-item-h\">\r\n\t\t\t\t\t\t\t<a href=\"\/hr\/glazbeno-ljetovanje\/\" class=\"w-grid-item-anchor\" aria-label=\"Poletni seminar\"><\/a>\r\n\t\t\t\t\t\t<div class=\"w-post-elm post_image usg_post_image_1 stretched\"><img loading=\"lazy\" decoding=\"async\" width=\"600\" height=\"450\" src=\"https:\/\/orpheus.hr\/sl\/wp-content\/uploads\/2016\/06\/12345-600x450.jpg\" class=\"attachment-us_img_size_1 size-us_img_size_1 wp-post-image\" alt=\"\" srcset=\"https:\/\/orpheus.hr\/sl\/wp-content\/uploads\/2016\/06\/12345-600x450.jpg 600w, https:\/\/orpheus.hr\/sl\/wp-content\/uploads\/2016\/06\/12345-300x225.jpg 300w, https:\/\/orpheus.hr\/sl\/wp-content\/uploads\/2016\/06\/12345.jpg 650w\" sizes=\"(max-width: 600px) 100vw, 600px\" \/><\/div><div class=\"w-vwrapper usg_vwrapper_1 align_center valign_middle\"><h2 class=\"w-post-elm post_title usg_post_title_1 has_text_color entry-title color_link_inherit\">Poletni seminar<\/h2><\/div>\t\t<\/div>\r\n\t<\/article>\r\n<\/div><div class=\"w-grid-preloader\">\t<div class=\"g-preloader type_1\">\r\n\t\t<div><\/div>\r\n\t<\/div>\r\n\t<\/div>\t<div class=\"w-grid-json hidden\" onclick='return {&quot;action&quot;:&quot;us_ajax_grid&quot;,&quot;ajax_url&quot;:&quot;https:\\\/\\\/orpheus.hr\\\/sl\\\/wp-admin\\\/admin-ajax.php&quot;,&quot;infinite_scroll&quot;:0,&quot;max_num_pages&quot;:1,&quot;pagination&quot;:&quot;ajax&quot;,&quot;template_vars&quot;:{&quot;columns&quot;:&quot;4&quot;,&quot;exclude_items&quot;:&quot;none&quot;,&quot;img_size&quot;:&quot;us_img_size_1&quot;,&quot;ignore_items_size&quot;:0,&quot;items_layout&quot;:&quot;3416&quot;,&quot;items_offset&quot;:&quot;1&quot;,&quot;load_animation&quot;:&quot;none&quot;,&quot;overriding_link&quot;:&quot;%7B%22type%22%3A%22post%22%7D&quot;,&quot;post_id&quot;:0,&quot;query_args&quot;:{&quot;post_type&quot;:[&quot;us_portfolio&quot;],&quot;tax_query&quot;:[{&quot;taxonomy&quot;:&quot;us_portfolio_category&quot;,&quot;field&quot;:&quot;slug&quot;,&quot;terms&quot;:[&quot;naslovna&quot;]}],&quot;post_status&quot;:[&quot;publish&quot;],&quot;posts_per_page&quot;:&quot;4&quot;},&quot;orderby_query_args&quot;:{&quot;orderby&quot;:{&quot;date&quot;:&quot;DESC&quot;}},&quot;type&quot;:&quot;grid&quot;,&quot;us_grid_ajax_index&quot;:1,&quot;us_grid_filter_params&quot;:[],&quot;us_grid_index&quot;:1,&quot;_us_grid_post_type&quot;:&quot;us_portfolio&quot;,&quot;page_args&quot;:[]}}'><\/div>\r\n\t<\/div><\/div><\/div><\/div><\/div><\/section><section class=\"l-section wpb_row height_large\" id=\"seminari\"><div class=\"l-section-h i-cf\"><div class=\"g-cols vc_row via_grid cols_1 laptops-cols_inherit tablets-cols_inherit mobiles-cols_1 valign_top type_default stacking_default\"><div class=\"wpb_column vc_column_container\"><div class=\"vc_column-inner\"><div class=\"wpb_text_column\"><div class=\"wpb_wrapper\"><h2>Seminarji<br \/>\nWerbeck petje<\/h2>\n<\/div><\/div><div class=\"w-grid type_masonry layout_3438 cols_3 with_isotope\" id=\"us_grid_2\" style=\"--gap:4px;\" data-filterable=\"true\"><style>@media (max-width:-1px){#us_grid_2 .w-grid-item{width:50%}}@media (max-width:-1px){#us_grid_2 .w-grid-list{margin:0}#us_grid_2 .w-grid-item{width:100%;padding:0;margin-bottom:var(--gap,0px)}}.layout_3438 .w-grid-item-h{}.layout_3438 .usg_post_image_1{margin-bottom:0.5rem!important}.layout_3438 .usg_post_title_1{font-size:1rem!important}@media (min-width:1025px) and (max-width:1380px){.layout_3438 .usg_post_image_1{margin-bottom:0.5rem!important}.layout_3438 .usg_post_title_1{font-size:1rem!important}}@media (min-width:601px) and (max-width:1024px){.layout_3438 .usg_post_image_1{margin-bottom:0.5rem!important}.layout_3438 .usg_post_title_1{font-size:1rem!important}}@media (max-width:600px){.layout_3438 .usg_post_image_1{margin-bottom:0.5rem!important}.layout_3438 .usg_post_title_1{font-size:1rem!important}}<\/style><div class=\"w-grid-list\">\t<article class=\"w-grid-item size_1x1 post-2745 post type-post status-publish format-standard hentry category-aktualni-seminare category-vijesti\" data-id=\"2745\">\r\n\t\t<div class=\"w-grid-item-h\">\r\n\t\t\t\t\t\t<h2 class=\"w-post-elm post_title usg_post_title_1 entry-title color_link_inherit\"><a href=\"https:\/\/orpheus.hr\/sl\/kamenice-nad-lipou-7-8-10-2016\/\">Vyskutn\u00e1 nad Jihlavou, 01. &#8211; 02.03.2024<\/a><\/h2>\t\t<\/div>\r\n\t<\/article>\r\n\t<article class=\"w-grid-item size_1x1 post-3386 post type-post status-publish format-standard hentry category-aktualni-seminari category-seminarji category-vijesti\" data-id=\"3386\">\r\n\t\t<div class=\"w-grid-item-h\">\r\n\t\t\t\t\t\t<h2 class=\"w-post-elm post_title usg_post_title_1 entry-title color_link_inherit\"><a href=\"https:\/\/orpheus.hr\/sl\/banja-kulasi-u-blizini-prnjavora-bih-29-11-03-12-2023\/\">Banja Kula\u0161i (u blizini Prnjavora BiH) 29.11.-03.12.2023<\/a><\/h2>\t\t<\/div>\r\n\t<\/article>\r\n\t<article class=\"w-grid-item size_1x1 post-3295 post type-post status-publish format-standard has-post-thumbnail hentry category-seminarji\" data-id=\"3295\">\r\n\t\t<div class=\"w-grid-item-h\">\r\n\t\t\t\t\t\t<div class=\"w-post-elm post_image usg_post_image_1 stretched\"><a href=\"https:\/\/orpheus.hr\/sl\/seminar-petja-kal-pri-hrastniku-2\/\" aria-label=\"Seminar petja, Kal pri Hrastniku, 17.03.2023. \u2013 19.03.2023.\"><img loading=\"lazy\" decoding=\"async\" width=\"600\" height=\"431\" src=\"https:\/\/orpheus.hr\/sl\/wp-content\/uploads\/2017\/02\/Kal-600x431.jpg\" class=\"attachment-us_img_size_1 size-us_img_size_1 wp-post-image\" alt=\"\" srcset=\"https:\/\/orpheus.hr\/sl\/wp-content\/uploads\/2017\/02\/Kal-600x431.jpg 600w, https:\/\/orpheus.hr\/sl\/wp-content\/uploads\/2017\/02\/Kal-300x215.jpg 300w, https:\/\/orpheus.hr\/sl\/wp-content\/uploads\/2017\/02\/Kal.jpg 646w\" sizes=\"(max-width: 600px) 100vw, 600px\" \/><\/a><\/div><h2 class=\"w-post-elm post_title usg_post_title_1 entry-title color_link_inherit\"><a href=\"https:\/\/orpheus.hr\/sl\/seminar-petja-kal-pri-hrastniku-2\/\">Seminar petja, Kal pri Hrastniku, 17.03.2023. \u2013 19.03.2023.<\/a><\/h2>\t\t<\/div>\r\n\t<\/article>\r\n\t<article class=\"w-grid-item size_1x1 post-3275 post type-post status-publish format-standard has-post-thumbnail hentry category-uncategorized\" data-id=\"3275\">\r\n\t\t<div class=\"w-grid-item-h\">\r\n\t\t\t\t\t\t<div class=\"w-post-elm post_image usg_post_image_1 stretched\"><a href=\"https:\/\/orpheus.hr\/sl\/solanje-glasu-po-werbeck-metodi\/\" aria-label=\"\u0160olanje glasu po Werbeck metodi\"><img loading=\"lazy\" decoding=\"async\" width=\"600\" height=\"450\" src=\"https:\/\/orpheus.hr\/sl\/wp-content\/uploads\/2020\/11\/\u0161kolovanje-glasa-600x450.jpg\" class=\"attachment-us_img_size_1 size-us_img_size_1 wp-post-image\" alt=\"\" srcset=\"https:\/\/orpheus.hr\/sl\/wp-content\/uploads\/2020\/11\/\u0161kolovanje-glasa-600x450.jpg 600w, https:\/\/orpheus.hr\/sl\/wp-content\/uploads\/2020\/11\/\u0161kolovanje-glasa-300x225.jpg 300w, https:\/\/orpheus.hr\/sl\/wp-content\/uploads\/2020\/11\/\u0161kolovanje-glasa-768x576.jpg 768w, https:\/\/orpheus.hr\/sl\/wp-content\/uploads\/2020\/11\/\u0161kolovanje-glasa.jpg 1000w\" sizes=\"(max-width: 600px) 100vw, 600px\" \/><\/a><\/div><h2 class=\"w-post-elm post_title usg_post_title_1 entry-title color_link_inherit\"><a href=\"https:\/\/orpheus.hr\/sl\/solanje-glasu-po-werbeck-metodi\/\">\u0160olanje glasu po Werbeck metodi<\/a><\/h2>\t\t<\/div>\r\n\t<\/article>\r\n<\/div><div class=\"w-grid-preloader\">\t<div class=\"g-preloader type_1\">\r\n\t\t<div><\/div>\r\n\t<\/div>\r\n\t<\/div>\t<div class=\"w-grid-json hidden\" onclick='return {&quot;action&quot;:&quot;us_ajax_grid&quot;,&quot;ajax_url&quot;:&quot;https:\\\/\\\/orpheus.hr\\\/sl\\\/wp-admin\\\/admin-ajax.php&quot;,&quot;infinite_scroll&quot;:0,&quot;max_num_pages&quot;:9,&quot;pagination&quot;:&quot;none&quot;,&quot;template_vars&quot;:{&quot;columns&quot;:&quot;3&quot;,&quot;exclude_items&quot;:&quot;none&quot;,&quot;img_size&quot;:&quot;us_img_size_1&quot;,&quot;ignore_items_size&quot;:0,&quot;items_layout&quot;:&quot;3438&quot;,&quot;items_offset&quot;:&quot;1&quot;,&quot;load_animation&quot;:&quot;none&quot;,&quot;overriding_link&quot;:&quot;{\\&quot;url\\&quot;:\\&quot;\\&quot;}&quot;,&quot;post_id&quot;:0,&quot;query_args&quot;:{&quot;post_type&quot;:[&quot;post&quot;],&quot;post_status&quot;:[&quot;publish&quot;],&quot;posts_per_page&quot;:&quot;4&quot;},&quot;orderby_query_args&quot;:{&quot;orderby&quot;:{&quot;date&quot;:&quot;DESC&quot;}},&quot;type&quot;:&quot;masonry&quot;,&quot;us_grid_ajax_index&quot;:2,&quot;us_grid_filter_params&quot;:[],&quot;us_grid_index&quot;:2,&quot;_us_grid_post_type&quot;:&quot;post&quot;,&quot;page_args&quot;:[]}}'><\/div>\r\n\t<\/div><div class=\"w-separator size_small\"><\/div><\/div><\/div><\/div><\/div><\/section><section class=\"l-section wpb_row height_large color_alternate\"><div class=\"l-section-h i-cf\"><div class=\"g-cols vc_row via_grid cols_1 laptops-cols_inherit tablets-cols_inherit mobiles-cols_1 valign_top type_default stacking_default\"><div class=\"wpb_column vc_column_container\"><div class=\"vc_column-inner\"><div class=\"w-separator size_medium\"><\/div><div class=\"g-cols wpb_row via_grid cols_4 laptops-cols_inherit tablets-cols_inherit mobiles-cols_1 valign_top type_default stacking_default\" style=\"--gap:3rem;\"><div class=\"wpb_column vc_column_container\"><div class=\"vc_column-inner\"><div class=\"w-counter us_custom_a832860b color_custom align_center has_font_size\" data-duration=\"2\"><div class=\"w-counter-value\" style=\"color:#ffb03a;\"><span class=\"w-counter-value-part type_text\" data-final=\"\"><\/span><span class=\"w-counter-value-part type_number\" data-final=\"20\">0<\/span><span class=\"w-counter-value-part type_text\" data-final=\"+\">+<\/span><\/div><h6 class=\"w-counter-title\">Let dela<\/h6><\/div><\/div><\/div><div class=\"wpb_column vc_column_container\"><div class=\"vc_column-inner\"><div class=\"w-counter us_custom_a832860b color_primary align_center has_font_size\" data-duration=\"2\"><div class=\"w-counter-value\"><span class=\"w-counter-value-part type_text\" data-final=\"\"><\/span><span class=\"w-counter-value-part type_number\" data-final=\"500\">0<\/span><span class=\"w-counter-value-part type_text\" data-final=\"+\">+<\/span><\/div><h6 class=\"w-counter-title\">Seminar<\/h6><\/div><\/div><\/div><div class=\"wpb_column vc_column_container\"><div class=\"vc_column-inner\"><div class=\"w-counter us_custom_a832860b color_custom align_center has_font_size\" data-duration=\"2\"><div class=\"w-counter-value\" style=\"color:#ffb03a;\"><span class=\"w-counter-value-part type_text\" data-final=\"\"><\/span><span class=\"w-counter-value-part type_number\" data-final=\"5000\">0<\/span><span class=\"w-counter-value-part type_text\" data-final=\"+\">+<\/span><\/div><h6 class=\"w-counter-title\">\u0160tudentov<\/h6><\/div><\/div><\/div><div class=\"wpb_column vc_column_container\"><div class=\"vc_column-inner\"><div class=\"w-counter us_custom_a832860b color_primary align_center has_font_size\" data-duration=\"2\"><div class=\"w-counter-value\"><span class=\"w-counter-value-part type_text\" data-final=\"\"><\/span><span class=\"w-counter-value-part type_number\" data-final=\"1\">0<\/span><span class=\"w-counter-value-part type_text\" data-final=\"\"><\/span><\/div><h6 class=\"w-counter-title\">Orpheus<\/h6><\/div><\/div><\/div><\/div><\/div><\/div><\/div><\/div><\/section><section class=\"l-section wpb_row height_large\" id=\"skolovanje-glasa\"><div class=\"l-section-h i-cf\"><div class=\"g-cols vc_row via_grid cols_1 laptops-cols_inherit tablets-cols_inherit mobiles-cols_1 valign_top type_default stacking_default\"><div class=\"wpb_column vc_column_container\"><div class=\"vc_column-inner\"><div class=\"wpb_text_column\"><div class=\"wpb_wrapper\"><h2 style=\"text-align: center;\"><strong>Orpheus<\/strong> \u0161ola za <span class=\"highlight highlight_primary\">odkrivanje glasovno pou\u010devanje<\/span><br \/>\n<span class=\"highlight highlight_primary\">Werbeck na\u010din petja<\/span><\/h2>\n<\/div><\/div><div class=\"w-separator size_medium with_line width_30 thick_1 style_solid color_border align_center with_content\"><div class=\"w-separator-h\"><i class=\"fas fa-chevron-down\"><\/i><\/div><\/div><div class=\"g-cols wpb_row via_grid cols_2 laptops-cols_inherit tablets-cols_inherit mobiles-cols_1 valign_top type_default stacking_default\" style=\"--gap:3rem;\"><div class=\"wpb_column vc_column_container\"><div class=\"vc_column-inner\"><div class=\"w-iconbox iconpos_left style_default color_contrast align_left\"><div class=\"w-iconbox-icon\" style=\"font-size:36px;\"><i class=\"far fa-heart\"><\/i><\/div><div class=\"w-iconbox-meta\"><h4 class=\"w-iconbox-title\" style=\"font-size:20px;\">Individualna ura<\/h4><div class=\"w-iconbox-text\"><p>Individualna ura ljudem omogo\u010da odkriti, da tudi oni lahko pojejo (za tiste, ki mislijo, da \u201enimajo glasu\u201c ali da ne morejo peti).<\/p>\n<\/div><\/div><\/div><div class=\"w-separator size_small\"><\/div><div class=\"w-iconbox iconpos_left style_default color_contrast align_left\"><div class=\"w-iconbox-icon\" style=\"font-size:36px;\"><i class=\"fas fa-cube\"><\/i><\/div><div class=\"w-iconbox-meta\"><h4 class=\"w-iconbox-title\" style=\"font-size:20px;\">Skupinska ura<\/h4><div class=\"w-iconbox-text\"><p>Poleg primarnega cilja osvoboditve glasu se pri skupinskem petju pozornost posve\u010da tudi razvoju poslu\u0161anja.<\/p>\n<\/div><\/div><\/div><\/div><\/div><div class=\"wpb_column vc_column_container\"><div class=\"vc_column-inner\"><div class=\"w-iconbox iconpos_left style_default color_contrast align_left\"><div class=\"w-iconbox-icon\" style=\"font-size:36px;\"><i class=\"far fa-paper-plane\"><\/i><\/div><div class=\"w-iconbox-meta\"><h4 class=\"w-iconbox-title\" style=\"font-size:20px;\">Vikend te\u010daj<\/h4><div class=\"w-iconbox-text\"><p>Med vikend te\u010dajem udele\u017eenec lahko odkrije nove mo\u017enosti za razvoj lastnega glasu. Te\u010daj se za\u010dne v petek popoldne. <\/p>\n<\/div><\/div><\/div><div class=\"w-separator size_small\"><\/div><div class=\"w-iconbox iconpos_left style_default color_contrast align_left\"><div class=\"w-iconbox-icon\" style=\"font-size:36px;\"><i class=\"far fa-bell\"><\/i><\/div><div class=\"w-iconbox-meta\"><h4 class=\"w-iconbox-title\" style=\"font-size:20px;\">Intenzivni teden<\/h4><div class=\"w-iconbox-text\"><p>Med intenzivnim tednom se delo s skupino odvija dvakrat na dan. Cilj je, da se vsak udele\u017eenec globlje pove\u017ee s svojim glasom.<\/p>\n<\/div><\/div><\/div><\/div><\/div><\/div><div class=\"w-separator size_small\"><\/div><\/div><\/div><\/div><\/div><\/section>\n<!-- Facebook Members Plugin by Crunchify: http:\/\/Crunchify.com\/facebook-members\/ -->\n\t\t<div class=\"fb-recommendations-bar\" data-href=\"https:\/\/orpheus.hr\/sl\/\" data-read-time=\"5\" data-side=\"\" data-action=\"like\"><\/div>","protected":false},"excerpt":{"rendered":"\u201cOrpheus \u2013 \u0160ola za odkrivanje glasu\u201d ponovno nudi tudi udele\u017eencem iz Slovenije mo\u017enost vklju\u010ditve v izobra\u017eevalni program \u0161olanja glasu po metodi \u201c\u0160ola za odkrivanje glasu\u201d. Program bo potekal v Zagrebu. Namenjen je predvsem tistim, ki pri svojem delu aktivno uporabljajo pojo\u010d glas, pa tudi vsem, ki ga \u017eelijo na splo\u0161no izbolj\u0161ati v svojem zasebnem in...","protected":false},"author":2,"featured_media":0,"parent":0,"menu_order":0,"comment_status":"closed","ping_status":"closed","template":"","meta":{"footnotes":""},"_links":{"self":[{"href":"https:\/\/orpheus.hr\/sl\/wp-json\/wp\/v2\/pages\/2879"}],"collection":[{"href":"https:\/\/orpheus.hr\/sl\/wp-json\/wp\/v2\/pages"}],"about":[{"href":"https:\/\/orpheus.hr\/sl\/wp-json\/wp\/v2\/types\/page"}],"author":[{"embeddable":true,"href":"https:\/\/orpheus.hr\/sl\/wp-json\/wp\/v2\/users\/2"}],"replies":[{"embeddable":true,"href":"https:\/\/orpheus.hr\/sl\/wp-json\/wp\/v2\/comments?post=2879"}],"version-history":[{"count":29,"href":"https:\/\/orpheus.hr\/sl\/wp-json\/wp\/v2\/pages\/2879\/revisions"}],"predecessor-version":[{"id":3452,"href":"https:\/\/orpheus.hr\/sl\/wp-json\/wp\/v2\/pages\/2879\/revisions\/3452"}],"wp:attachment":[{"href":"https:\/\/orpheus.hr\/sl\/wp-json\/wp\/v2\/media?parent=2879"}],"curies":[{"name":"wp","href":"https:\/\/api.w.org\/{rel}","templated":true}]}}