{"id":2098,"date":"2014-02-04T18:58:41","date_gmt":"2014-02-04T18:57:06","guid":{"rendered":"http:\/\/orpheus.hr\/si\/?page_id=2098"},"modified":"2016-07-01T14:14:38","modified_gmt":"2016-07-01T14:14:38","slug":"modre-note","status":"publish","type":"page","link":"https:\/\/orpheus.hr\/sl\/modre-note\/","title":{"rendered":"Modre note"},"content":{"rendered":"<p><img loading=\"lazy\" decoding=\"async\" src=\"http:\/\/orpheus.hr\/si\/wp-content\/uploads\/2013\/10\/Cool-Music-Wallpaper-300x188.jpg\" alt=\"Cool-Music-Wallpaper\" width=\"300\" height=\"188\" class=\"alignleft size-medium wp-image-1471\" srcset=\"https:\/\/orpheus.hr\/sl\/wp-content\/uploads\/2013\/10\/Cool-Music-Wallpaper-300x188.jpg 300w, https:\/\/orpheus.hr\/sl\/wp-content\/uploads\/2013\/10\/Cool-Music-Wallpaper-768x480.jpg 768w, https:\/\/orpheus.hr\/sl\/wp-content\/uploads\/2013\/10\/Cool-Music-Wallpaper-1024x640.jpg 1024w, https:\/\/orpheus.hr\/sl\/wp-content\/uploads\/2013\/10\/Cool-Music-Wallpaper-1200x750.jpg 1200w, https:\/\/orpheus.hr\/sl\/wp-content\/uploads\/2013\/10\/Cool-Music-Wallpaper.jpg 1920w\" sizes=\"(max-width: 300px) 100vw, 300px\" \/><\/p>\n<h3 class=\"headline\">Reki in citati o petju in glasbi<\/h3>\n<p>Glasba je posrednica med duhovnim in stvarnim \u017eivljenjem. (Arnim)<\/p>\n<p>Glasba je vi\u0161je razodetje kot vsa modrost in filozofija. (Beethoven)<\/p>\n<p>Kjer neha govorica,se za\u010denja glasba. (Hoffmann)<\/p>\n<p>Glasba je hrana ljubezni. (Shakespeare)<\/p>\n<p>Iz glasbe prihaja \u010dar, ob katerem se morajo upokojiti vse skrbi in vse bole\u010dine srca. (Shakespeare)<\/p>\n<p>&nbsp;<\/p>\n<p>\u0160e o petju:<\/p>\n<p>\u2022 Kdor poje, zlo ne misli.<br \/>\n\u2022 Kdor poje rad, ostaja mlad.<br \/>\n\u2022 Lepa pesem srce razvedri.<br \/>\n\u2022 Pesem pre\u017eene \u010dloveku skrbi.<br \/>\n\u2022 Tam bodi, kjer pojo, hudobni pesmi nimajo.<br \/>\n\u2022 Blagor hi\u0161i, kjer se petje sli\u0161i<\/p>\n<!-- Facebook Members Plugin by Crunchify: http:\/\/Crunchify.com\/facebook-members\/ -->\n\t\t<div class=\"fb-recommendations-bar\" data-href=\"https:\/\/orpheus.hr\/sl\/modre-note\/\" data-read-time=\"5\" data-side=\"\" data-action=\"like\"><\/div>","protected":false},"excerpt":{"rendered":"<p>Reki in citati o petju in glasbi Glasba je posrednica med duhovnim in stvarnim \u017eivljenjem. (Arnim) Glasba je vi\u0161je razodetje kot vsa modrost in filozofija. (Beethoven) Kjer neha govorica,se za\u010denja glasba. (Hoffmann) Glasba je hrana ljubezni. (Shakespeare) Iz glasbe prihaja \u010dar, ob katerem se morajo upokojiti vse skrbi in vse bole\u010dine srca. (Shakespeare) &nbsp; \u0160e&#8230;<\/p>\n","protected":false},"author":2,"featured_media":0,"parent":0,"menu_order":0,"comment_status":"closed","ping_status":"closed","template":"","meta":{"footnotes":""},"_links":{"self":[{"href":"https:\/\/orpheus.hr\/sl\/wp-json\/wp\/v2\/pages\/2098"}],"collection":[{"href":"https:\/\/orpheus.hr\/sl\/wp-json\/wp\/v2\/pages"}],"about":[{"href":"https:\/\/orpheus.hr\/sl\/wp-json\/wp\/v2\/types\/page"}],"author":[{"embeddable":true,"href":"https:\/\/orpheus.hr\/sl\/wp-json\/wp\/v2\/users\/2"}],"replies":[{"embeddable":true,"href":"https:\/\/orpheus.hr\/sl\/wp-json\/wp\/v2\/comments?post=2098"}],"version-history":[{"count":4,"href":"https:\/\/orpheus.hr\/sl\/wp-json\/wp\/v2\/pages\/2098\/revisions"}],"predecessor-version":[{"id":3057,"href":"https:\/\/orpheus.hr\/sl\/wp-json\/wp\/v2\/pages\/2098\/revisions\/3057"}],"wp:attachment":[{"href":"https:\/\/orpheus.hr\/sl\/wp-json\/wp\/v2\/media?parent=2098"}],"curies":[{"name":"wp","href":"https:\/\/api.w.org\/{rel}","templated":true}]}}