{"id":1948,"date":"2016-06-01T12:12:44","date_gmt":"2013-10-28T11:50:05","guid":{"rendered":"http:\/\/orpheus.hr\/si\/?page_id=1948"},"modified":"2023-05-25T12:29:38","modified_gmt":"2023-05-25T12:29:38","slug":"poletni-seminar","status":"publish","type":"page","link":"https:\/\/orpheus.hr\/sl\/poletni-seminar\/","title":{"rendered":"Poletni seminar"},"content":{"rendered":"<h3 class=\"headline\">Poletni seminar Werbeck petja v Orebi\u0107u 20. &#8211; 26.07.2023.\u00a0<\/h3>\n<p>Tedni seminar petja po metodi \u0160ole za odkrivanje glasu, bo potekal v Orebi\u0107u na polotoku Pelje\u0161ac. Seminar traja celih sedem dni.\u00a0 Delo bo potekalo dvakrat dnevno: \u00a0od 10-12 in od 14-16 ure.<\/p>\n<p>Dol\u017eina seminarja omogo\u010da, da se gre globje in ustvarja instrument iz samega sebe, da se\u00a0 bolje prepozna lastni glas kot tudi na\u010din, kako lahko glas la\u017eje in bolje uporabiti. Pozornost se tako posve\u010da tudi poslu\u0161anju drugih v skupini. Tedensko delo je\u00a0 predvsem osredoto\u010deno na vaje petja Werbeck in na petje enoglasnih in ve\u010dglasnih pesmi.<\/p>\n<p>Kraj poteka seminarja je stavba ob\u010dine na obali v centru Orebi\u0107a.<\/p>\n<p>Cena je 300 evrov na udele\u017eenca. V ceno je v\u0161teta tudi ena individualna ura. Za prijavo je potrebno vpla\u010dati kotizacijo (do 15. 6. 2023.) v vi\u0161ini 100 \u20ac na ra\u010dun (lastnik ra\u010duna je Baldo Mikuli\u0107): 3225310425, Zagreba\u010dka banka d.d., Zagreb, Paromlinska 2, Hrva\u0161ka (SWIFT\/BIC: ZABAHR2X, IBAN: HR6423600003225310425).<br \/>Namestitev se lahko dobi v Orebi\u0107u, Mokalu (5 km od Orebi\u0107a), v kampu ali apartmaju kot tudi v okoli\u0161kih mestih (Viganj, Ku\u010di\u0161te, Postup).<\/p>\n<h3 class=\"headline\">Orebi\u0107<\/h3>\n<p>Mestece z ve\u010d kot 2500 prebivalcev na ju\u017eni obali polotoka Pelje\u0161ca, ki je obrnjen proti Kor\u010duli, ob vzno\u017eju hriba Sv. Ilija (961 km). Slikovito mestece, zibelka pomorskih kapitanov in mornarjev, katerih bogata tradicija hranijo v Pomorskem muzeju. Orebi\u0107 svojim gostom ponuja neokrnjeno naravo stoletnih borov, cipres (znan gozd cipres \u2013 piramidalne ciprese v obliki piramide in alpskega bora na pobo\u010dju ob morju pod fran\u010di\u0161kanskim samostanom Velike Gospe), oliv, mandljev, agav in ro\u017e.<\/p>\n<h3 class=\"headline\">Kaj obiskati:<\/h3>\n<p>Pomorski muzej, Fran\u010di\u0161kanski samostan, Hrib Sv. Ilija, Kor\u010dula, Mljet, Dubrovnik, Me\u0111ugorje.<br \/>Pelje\u0161ka vina<br \/>Enostavno ni mo\u017eno, da bi obiskali ta hrva\u0161ki polotok, ki je drugi po velikosti, ne da bi si ogledali pelje\u0161ke vinograde in nebu v ustih privo\u0161\u010dili zadovoljstvo ob poku\u0161anju vrhunskih vin. Skopa zemlja in te\u017eko delo pridnih pelje\u0161kih ljudi so ustvarili slavna vina, ki so ime Pelje\u0161ac ponesla v svet: \u201eDinga\u010d\u201c, \u201ePostup\u201c, &#8220;Plavac&#8221; in &#8220;Pelje\u0161ac&#8221;. V pelje\u0161kih vinih so u\u017eivali \u017ee Iliri, Grki, Rimljani in Slovani. Car Franc Jo\u017eef, izvrsten poznavalec dobre kapljice, ima na svoji vinski karti z zlatimi \u010drkami vpisano dalmatinsko vino s podro\u010dja Dinga\u010d. Z rde\u010dim vinom s tega podro\u010dja je bil pogo\u0161\u010den tudi biv\u0161i predsednik ZDA. Pridru\u017eite se tudi vi ljubiteljem pelje\u0161kih vin.<\/p>\n<h3 class=\"headline\">Mokalo:<\/h3>\n<p>Slikovita vas predstavlja idealen kraj za po\u010ditnice. V Mokalu boste poleg apartmajev in kampov na\u0161li tudi restavracijo z dalmatinskimi specialitetami, bar na pla\u017ei, potaplja\u0161ki center ter pre\u010dudovito pla\u017eo, kristalno \u010disto morje, stoleten borov gozd, \u010dri\u010danje \u010dri\u010dkov. \u010ce poskusite \u0161e kozarec doma\u010dega vina, vam bodo te po\u010ditnice ostale v trajnem spominu.<br \/><a href=\"http:\/\/baldo.hr\/apartmaji-in-kamp-baldo\/\">Baldo.hr<\/a><\/p>\n<h3 class=\"headline\">Kako prispeti:<\/h3>\n<ul class=\"list-2 bla\">\n<li>Z avtobusom<\/li>\n<\/ul>\n<p>Orebi\u0107 je v \u010dasu glavne turisti\u010dne sezone ve\u010dkrat dnevno (prek avtobusnih linij) povezan s pomembnej\u0161imi sredi\u0161\u010di: z Dubrovnikom, s Splitom, z Zagrebom ter s Sarajevom.<br \/>Avtobusni kolodvor Zagreb &#8211; www.akz.hr<br \/>Autotrans Rijeka &#8211; www.autotrans.hr<br \/>Libertas Dubrovnik &#8211; www.libertasdubrovnik.hr<\/p>\n<ul class=\"list-2 bla\">\n<li>Z avtom<\/li>\n<\/ul>\n<p>\u010ce greste po Jadranski magistrali v smeri od Dubrovnika do Orebi\u0107a, potem pridete \u010dez Ston. Pri Stonu se vklju\u010dite na Pelje\u0161ko cesto, po kateri po 60 km prispete do Orebi\u0107a.<br \/>\u010ce se napotite iz Splita (tudi po Jadranski magistrali), greste \u010dez Makarsko ali Plo\u010d do Stona ter naprej po Pelje\u0161ki cesti do Orebi\u0107a. Lahko se z avtomobilom vkrcate na trajekt v Plo\u010dah, ki bo \u010dez eno uro v Trpnju, vi pa boste \u010dez 20 minut v Orebi\u0107u.<br \/>Hrva\u0161ki Autoklub &#8211; www.hak.hr<br \/>Ljubljana \u2013 Orebi\u0107, oddaljenost: 649 km (564 km avtoceste)<\/p>\n<ul class=\"list-2 bla\">\n<li>Z ladjo<\/li>\n<\/ul>\n<p>Hitra ladijska linija vzdol\u017e obale, ki povezuje Reko, Split in Dubrovnik, med poletnimi meseci vsakodnevno pristaja v Kor\u010duli. \u010ce se izkrcate v Kor\u010duli in \u017eelite dalje do Orebi\u0107a, obstaja mo\u017enost, da pridete tja s trajektom ali s potni\u0161ko ladjico (\u010dez petnajst minut boste pri\u0161li na cilj). Katamaranska linija Split-Kor\u010dula v poletnih mesecih ponuja vsakodnevno najhitrej\u0161o povezavo Splita s Kor\u010dulo. Do Orebi\u0107a se lahko pride s potni\u0161ko ladjico, ki odrine kmalu po prihodu katamarana v Kor\u010dulo.<br \/>Hitra Jadrolinija &#8211; www.jadrolinija.hr<br \/>Mediteranska plovba &#8211; www.medplov.hr<\/p>\n<ul class=\"list-2 bla\">\n<li>Z letalom<\/li>\n<\/ul>\n<p>\u010ce prihajate iz ve\u010djih evropskih mest, vam letali\u0161\u010de v Dubrovniku omogo\u010da, da zelo hitro pridete do Orebi\u0107a. Po prihodu na letali\u0161\u010de imate mo\u017enost transferja do Avtobusnega kolodvora v Dubrovniku in naprej z avtobusom do Orebi\u0107a. Obstaja tudi mo\u017enost rent-a-car-a avtomobila.<br \/>Croatia Airlines &#8211; www.croatiaairlines.hr<\/p>\n<p><strong>Informacije:<\/strong><br \/>Baldo Mikuli\u0107, Horvatovac 92, 10 000 Zagreb, tel: +38591-1714-322,<br \/>e-mail: info@orpheus.hr, baldomikulic@yahoo.co.uk,\u00a0 www.orpheus.hr<\/p>\n\n\n<p><\/p>\n<!-- Facebook Members Plugin by Crunchify: http:\/\/Crunchify.com\/facebook-members\/ -->\n\t\t<div class=\"fb-recommendations-bar\" data-href=\"https:\/\/orpheus.hr\/sl\/poletni-seminar\/\" data-read-time=\"5\" data-side=\"\" data-action=\"like\"><\/div>","protected":false},"excerpt":{"rendered":"<p>Poletni seminar Werbeck petja v Orebi\u0107u 20. &#8211; 26.07.2023.\u00a0 Tedni seminar petja po metodi \u0160ole za odkrivanje glasu, bo potekal v Orebi\u0107u na polotoku Pelje\u0161ac. Seminar traja celih sedem dni.\u00a0 Delo bo potekalo dvakrat dnevno: \u00a0od 10-12 in od 14-16 ure. Dol\u017eina seminarja omogo\u010da, da se gre globje in ustvarja instrument iz samega sebe, da&#8230;<\/p>\n","protected":false},"author":2,"featured_media":0,"parent":0,"menu_order":0,"comment_status":"closed","ping_status":"closed","template":"","meta":{"footnotes":""},"_links":{"self":[{"href":"https:\/\/orpheus.hr\/sl\/wp-json\/wp\/v2\/pages\/1948"}],"collection":[{"href":"https:\/\/orpheus.hr\/sl\/wp-json\/wp\/v2\/pages"}],"about":[{"href":"https:\/\/orpheus.hr\/sl\/wp-json\/wp\/v2\/types\/page"}],"author":[{"embeddable":true,"href":"https:\/\/orpheus.hr\/sl\/wp-json\/wp\/v2\/users\/2"}],"replies":[{"embeddable":true,"href":"https:\/\/orpheus.hr\/sl\/wp-json\/wp\/v2\/comments?post=1948"}],"version-history":[{"count":19,"href":"https:\/\/orpheus.hr\/sl\/wp-json\/wp\/v2\/pages\/1948\/revisions"}],"predecessor-version":[{"id":3353,"href":"https:\/\/orpheus.hr\/sl\/wp-json\/wp\/v2\/pages\/1948\/revisions\/3353"}],"wp:attachment":[{"href":"https:\/\/orpheus.hr\/sl\/wp-json\/wp\/v2\/media?parent=1948"}],"curies":[{"name":"wp","href":"https:\/\/api.w.org\/{rel}","templated":true}]}}