{"id":1945,"date":"2014-02-04T19:14:50","date_gmt":"2013-10-28T11:45:56","guid":{"rendered":"http:\/\/orpheus.hr\/si\/?page_id=1945"},"modified":"2016-07-01T13:05:56","modified_gmt":"2016-07-01T13:05:56","slug":"predmeti-poucavanja-slo","status":"publish","type":"page","link":"https:\/\/orpheus.hr\/sl\/predmeti-poucavanja-slo\/","title":{"rendered":"Predmeti pou\u010davanja slo"},"content":{"rendered":"<h3 class=\"headline\">Werbeck pjevanje &#8211; Predmeti pou\u010davanja<\/h3>\n<p><img loading=\"lazy\" decoding=\"async\" src=\"http:\/\/orpheus.hr\/si\/wp-content\/uploads\/2014\/02\/skolovanje-glasa-300x235-300x235.jpg\" alt=\"skolovanje-glasa-300x235\" width=\"300\" height=\"235\" class=\"alignnone size-medium wp-image-2953\" \/><\/p>\n<ul class=\"list-1\">\n<li>Vje\u017ebe za razvoj glasa<\/li>\n<\/ul>\n<p>Individualni satovi<br \/>\nGrupni satovi<\/p>\n<ul class=\"list-1\">\n<li>Pjevanje<\/li>\n<\/ul>\n<p>Solo pjevanje<br \/>\nZborsko pjevanje<\/p>\n<ul class=\"list-1\">\n<li>Rad na knjizi \u201e\u0160kola za otkrivanje glasa\u201c od Valborg Werbeck Sv\u00e4rdstr\u00f6m<\/li>\n<\/ul>\n<ul class=\"list-1\">\n<li>Antropozofija<\/li>\n<\/ul>\n<ul class=\"list-1\">\n<li>Euritmija<\/li>\n<\/ul>\n<ul class=\"list-1\">\n<li>Feldenkrais masa\u017ea<\/li>\n<\/ul>\n<ul class=\"list-1\">\n<li>Biografija<\/li>\n<\/ul>\n<ul class=\"list-1\">\n<li>Klavir i osnove teorije glazbe (po potrebi)<\/li>\n<\/ul>\n<p>&nbsp;<\/p>\n<p>&nbsp;<\/p>\n<p>U programu, osim prof. Mikuli\u0107a, sudjeluju i gostuju\u0107i predava\u010di. Tijekom \u0161kolovanja raditi \u0107e se i terapijske vje\u017ebe pjevanja, vje\u017ebe koje produbljuju disanje, vje\u017ebe za pro\u0161irivanje raspona glasa i drugo. Obratit \u0107e se veza izme\u0111u faza razvoja glasa i du\u0161evnih sila. Iskustva prikupljena u procesu vje\u017ebanja bit \u0107e popra\u0107ena teorijskim razmatranjima.<\/p>\n<!-- Facebook Members Plugin by Crunchify: http:\/\/Crunchify.com\/facebook-members\/ -->\n\t\t<div class=\"fb-recommendations-bar\" data-href=\"https:\/\/orpheus.hr\/sl\/predmeti-poucavanja-slo\/\" data-read-time=\"5\" data-side=\"\" data-action=\"like\"><\/div>","protected":false},"excerpt":{"rendered":"<p>Werbeck pjevanje &#8211; Predmeti pou\u010davanja Vje\u017ebe za razvoj glasa Individualni satovi Grupni satovi Pjevanje Solo pjevanje Zborsko pjevanje Rad na knjizi \u201e\u0160kola za otkrivanje glasa\u201c od Valborg Werbeck Sv\u00e4rdstr\u00f6m Antropozofija Euritmija Feldenkrais masa\u017ea Biografija Klavir i osnove teorije glazbe (po potrebi) &nbsp; &nbsp; U programu, osim prof. Mikuli\u0107a, sudjeluju i gostuju\u0107i predava\u010di. Tijekom \u0161kolovanja raditi&#8230;<\/p>\n","protected":false},"author":2,"featured_media":0,"parent":0,"menu_order":0,"comment_status":"closed","ping_status":"closed","template":"","meta":{"footnotes":""},"_links":{"self":[{"href":"https:\/\/orpheus.hr\/sl\/wp-json\/wp\/v2\/pages\/1945"}],"collection":[{"href":"https:\/\/orpheus.hr\/sl\/wp-json\/wp\/v2\/pages"}],"about":[{"href":"https:\/\/orpheus.hr\/sl\/wp-json\/wp\/v2\/types\/page"}],"author":[{"embeddable":true,"href":"https:\/\/orpheus.hr\/sl\/wp-json\/wp\/v2\/users\/2"}],"replies":[{"embeddable":true,"href":"https:\/\/orpheus.hr\/sl\/wp-json\/wp\/v2\/comments?post=1945"}],"version-history":[{"count":5,"href":"https:\/\/orpheus.hr\/sl\/wp-json\/wp\/v2\/pages\/1945\/revisions"}],"predecessor-version":[{"id":2994,"href":"https:\/\/orpheus.hr\/sl\/wp-json\/wp\/v2\/pages\/1945\/revisions\/2994"}],"wp:attachment":[{"href":"https:\/\/orpheus.hr\/sl\/wp-json\/wp\/v2\/media?parent=1945"}],"curies":[{"name":"wp","href":"https:\/\/api.w.org\/{rel}","templated":true}]}}