{"id":1940,"date":"2014-02-04T19:09:13","date_gmt":"2013-10-28T11:42:09","guid":{"rendered":"http:\/\/orpheus.hr\/si\/?page_id=1940"},"modified":"2024-02-06T16:59:36","modified_gmt":"2024-02-06T16:59:36","slug":"solanje-glasu","status":"publish","type":"page","link":"https:\/\/orpheus.hr\/sl\/solanje-glasu\/","title":{"rendered":"\u0160olanje glasu"},"content":{"rendered":"<h3 class=\"headline\">\u0160olanje glasu po Werbeck metodi<\/h3>\n<p>\u201cOrpheus &#8211; \u0160ola za odkrivanje glasu\u201d ponovno nudi tudi udele\u017eencem iz Slovenije mo\u017enost vklju\u010ditve v izobra\u017eevalni program \u0161olanja glasu po metodi \u201c\u0160ola za odkrivanje glasu\u201d. Program bo potekal v Zagrebu. Namenjen je predvsem tistim, ki pri svojem delu aktivno uporabljajo pojo\u010d glas, pa tudi vsem, ki ga \u017eelijo na splo\u0161no izbolj\u0161ati v svojem zasebnem in poklicnem \u017eivljenju. Predvsem je namenjen vsem, ki pojejo ali se \u017eelijo nau\u010diti peti, terapevtom, vzgojiteljem, u\u010diteljem, in profesorjem glasbene vzgoje, ki pri svojem delu aktivno pojejo, ter vsem (tudi star\u0161em), ki \u017eelijo izkoristiti dobrobiti petja za lasten razvoj oz. napredek.<\/p>\n<h4>Cilji izobra\u017eevalnega programa<\/h4>\n<p>Cilj izobra\u017eevalnega programa je, kako odkriti, razviti, obdr\u017eati in uporabljati petje (glas) v vsakodnevnem \u017eivljenju in delu. Glede na to, da je glas intimin del vsakega posameznika, vklju\u010duje program tudi individualne ure petja. V \u010dasu \u0161olanja bodo izvedene vaje terapevtskega petja, vaje za poglobitev dihanja, \u0161irjenje razpona glasu in druge. Izobra\u017eevalni program je prakti\u010dne narave. Izku\u0161nje pridobljene v prakti\u010dnem delu bodo seveda podprte tudi z ustrezno teorijo. Poleg skupnih predavanj in vaj, bo vsak udele\u017eenec dobil tudi individualne naloge. Ob zaklju\u010dku izobra\u017eevanja prejmejo vsi udele\u017eenci pisno potrdilo o udele\u017ebi.<\/p>\n<h4>Kdo je avtor programa?<\/h4>\n<p>Program je pripravil prof. Baldo Mikuli\u0107, diplomirani psiholog ter edini diplomirani u\u010ditelj in terapevt petja po Werbeck metodi v tem delu Evrope. Njegovo delo temelji na ve\u010dletnih izku\u0161njah pou\u010devanja petja in na terapevtskem delu s posamezniki in s skupinami po metodi \u201e\u0160ole za odkrivanje glasu\u201c na Hrva\u0161kem, v Sloveniji, Kanadi, na \u010ce\u0161kem in Slova\u0161kem, v Makedoniji, Srbiji ter na Kitajskem. Prof. Mikuli\u0107 je svoje delovne izku\u0161nje pridobil tudi v centru za osebe z motnjami v razvoju \u201eAssociation la branche\u201c v \u0160vici. Specifi\u010dna podro\u010dja v izobra\u017eevalnem programu izvajajo gostujo\u010di predavatelji.<\/p>\n<h4>Trajanje izobra\u017eevanja<\/h4>\n<p>\u0160olanje glasu po Webeck metodi bo potekalo 4 leta in bo zajemalo 600 \u0161olskih ur. Na leto bodo organizirani 4 seminarji, ki bodo trajali 4-5 dni. Seminarji bodo potekali v Zagrebu (Horvatovac 92)<\/p>\n<h4>Vsebina programa:<\/h4>\n<p><strong>Vaje za razvoj glasu<\/strong> (Baldo Mikuli\u0107)<br \/>\na) Individualne ure<br \/>\nb) Skupinske ure<\/p>\n<p><strong>Petje<\/strong> (Baldo Mikuli\u0107)<br \/>\nc) Solo petje<br \/>\nd) Zborovsko petje<\/p>\n<p><strong>Vaje po knjigi Valborg Werbeck Sv\u00e4rdstr\u00f6m<\/strong><br \/>\n\u201c\u0160ola za odkrivanje glasu\u201c (Baldo Mikuli\u0107).<\/p>\n<p><strong>Antropozofija<\/strong> (Katica Radoni\u0107)<\/p>\n<p><strong>Evritmija<\/strong> (Alen Guca)<\/p>\n<p><strong>Feldenkrais metoda<\/strong> (Hrvoje Marko Vitturi)<\/p>\n<p><strong>Biografija<\/strong> (Katica Radoni\u0107)<\/p>\n<p><strong>Osnove teorije glasbe<\/strong> (Tihomir Petrovi\u0107)<\/p>\n<p><em>Izobra\u017eevanje bo potekalo v hrva\u0161\u010dini.<\/em><\/p>\n<h4>Predavatelji:<\/h4>\n<ul>\n<li>Baldo Mikuli\u0107, prof. psihologije, dipl. u\u010ditelj in terapevt po Werbeck metodi petja (\u0160ola za odkrivanje glasu)<\/li>\n<li>Katica Radoni\u0107, dipl. likovni in socialni terapevt, (zaklju\u010den \u0161tudij zdravstvene pedagogike in socialne terapije, likovne terapije, \u0161tudij biografije in karmi\u010dne diagnostike)<\/li>\n<li>Alen Guca, dipl. jur., dipl. evritmist, waldorfski u\u010ditelj<\/li>\n<li>Hrvoje Marko Vitturi, bacc. Physioth, Feldenkrais pedagog, trener<\/li>\n<li>Bones for life, voditelj sistemskih konstalacij<\/li>\n<li>Ratko \u0160imetin dr.med, antropozofski zdravnik<\/li>\n<\/ul>\n<h4>Cena<\/h4>\n<p>Cena izobra\u017eevalnega programa je 950 evrov za eno leto, pla\u010dilo je mo\u017eno v \u0161tirih obrokih. V ceno niso vklju\u010deni stro\u0161ki namestitve, prevoza in prehrane.<\/p>\n<h4>Bi radi izvedeli ve\u010d?<\/h4>\n<p>Obi\u0161\u010dite spletno stran www.orpheus.hr, pokli\u010dite prof. Balda Mikuli\u0107a na telefonsko \u0161tevilko +38591-1714322 ali mu pi\u0161ite na e-mail: info@orpheus.hr. Zvedeli boste vse o na\u010dinu in metodah dela v \u0160oli za odkrivanje glasu.<\/p>\n<h3>Vabljeni!<\/h3>\n<!-- Facebook Members Plugin by Crunchify: http:\/\/Crunchify.com\/facebook-members\/ -->\n\t\t<div class=\"fb-recommendations-bar\" data-href=\"https:\/\/orpheus.hr\/sl\/solanje-glasu\/\" data-read-time=\"5\" data-side=\"\" data-action=\"like\"><\/div>","protected":false},"excerpt":{"rendered":"<p>\u0160olanje glasu po Werbeck metodi \u201cOrpheus &#8211; \u0160ola za odkrivanje glasu\u201d ponovno nudi tudi udele\u017eencem iz Slovenije mo\u017enost vklju\u010ditve v izobra\u017eevalni program \u0161olanja glasu po metodi \u201c\u0160ola za odkrivanje glasu\u201d. Program bo potekal v Zagrebu. Namenjen je predvsem tistim, ki pri svojem delu aktivno uporabljajo pojo\u010d glas, pa tudi vsem, ki ga \u017eelijo na splo\u0161no&#8230;<\/p>\n","protected":false},"author":2,"featured_media":0,"parent":0,"menu_order":0,"comment_status":"closed","ping_status":"closed","template":"","meta":{"footnotes":""},"_links":{"self":[{"href":"https:\/\/orpheus.hr\/sl\/wp-json\/wp\/v2\/pages\/1940"}],"collection":[{"href":"https:\/\/orpheus.hr\/sl\/wp-json\/wp\/v2\/pages"}],"about":[{"href":"https:\/\/orpheus.hr\/sl\/wp-json\/wp\/v2\/types\/page"}],"author":[{"embeddable":true,"href":"https:\/\/orpheus.hr\/sl\/wp-json\/wp\/v2\/users\/2"}],"replies":[{"embeddable":true,"href":"https:\/\/orpheus.hr\/sl\/wp-json\/wp\/v2\/comments?post=1940"}],"version-history":[{"count":6,"href":"https:\/\/orpheus.hr\/sl\/wp-json\/wp\/v2\/pages\/1940\/revisions"}],"predecessor-version":[{"id":3279,"href":"https:\/\/orpheus.hr\/sl\/wp-json\/wp\/v2\/pages\/1940\/revisions\/3279"}],"wp:attachment":[{"href":"https:\/\/orpheus.hr\/sl\/wp-json\/wp\/v2\/media?parent=1940"}],"curies":[{"name":"wp","href":"https:\/\/api.w.org\/{rel}","templated":true}]}}