{"id":1935,"date":"2014-02-04T18:49:37","date_gmt":"2013-10-28T08:25:55","guid":{"rendered":"http:\/\/orpheus.hr\/si\/?page_id=1935"},"modified":"2016-07-01T12:58:06","modified_gmt":"2016-07-01T12:58:06","slug":"pomembnost-glasbe-in-petja","status":"publish","type":"page","link":"https:\/\/orpheus.hr\/sl\/pomembnost-glasbe-in-petja\/","title":{"rendered":"Pomembnost glasbe in petja"},"content":{"rendered":"<h3 class=\"headline\">Pomembnost glasbe in petja<\/h3>\n<p><img loading=\"lazy\" decoding=\"async\" class=\"alignleft size-full wp-image-2053\" alt=\"Pomembnost glasbe in petja\" src=\"\/hr\/wp-content\/uploads\/2013\/10\/vaznost-glazbe-i-pjevanja.jpg\" width=\"399\" height=\"288\" srcset=\"https:\/\/orpheus.hr\/sl\/wp-content\/uploads\/2013\/10\/vaznost-glazbe-i-pjevanja.jpg 399w, https:\/\/orpheus.hr\/sl\/wp-content\/uploads\/2013\/10\/vaznost-glazbe-i-pjevanja-300x217.jpg 300w\" sizes=\"(max-width: 399px) 100vw, 399px\" \/><br \/>\nVzahodnih dru\u017ebah je u\u017eivanje v glasbi in drugih oblikah umetnosti aktivnost, ki je odmaknjena od na\u0161ega vsakodnevnega (potro\u0161ni\u0161kega) \u017eivljenja (v katerem grabimo in zapravljamo). Posebej si vzamemo \u010das za obisk koncertnih dvoran in galerij, zato da bi na\u0161li tisto, po \u010demer te\u017eimo. Zdi se, da se umetnost posku\u0161a izolirati, kot da ta ne bi bila ve\u010d pomemben del \u010dlovekovega \u017eivljenje, ampak luksuz.<br \/>\nV stari Gr\u010diji, ki obi\u010dajno velja za zibelko zahodne civilizacije, je bila glasba vseprisotna (in zelo pomembna) v vsakodnevnem \u017eivljenju. \u010ceprav dejansko vemo malo o tem, kako je gr\u0161ka glasba zvenela, nam klasiki poro\u010dajo o tem, da je bila glasba kot umetnost v stari Gr\u010diji sestavni del njihovega \u017eivljenja. Tako kot je to v dana\u0161nji kulturi, so z vrhunskim instrumentalnim znanjem vladali profesionalni glasbeniki, Grki pa so verjeli, da mora biti pouk petja in igranja lire sestavni del izobra\u017eevanja vsakega svobodnega me\u0161\u010dana. Glasba je bila pomemben del dru\u017einskih proslav, slavnosti in religijskih obredov. \u201eMi pripisujemo izjemen pomen glasbeni vzgoji, ker ritem in harmonija prodrejo najgloblje v notranjost du\u0161e in tukaj predstavljajo najmo\u010dnej\u0161o oporno to\u010dko, ki v vzgojo prina\u0161a vrlino in \u010dloveka okrepi.\u201c Platon.<br \/>\n<\/p>\n<p>Izginila je ideja, da je glasba tako mo\u010dna, da lahko pozitivno ali negativno vpliva na posameznika ali dru\u017ebo.<br \/>\nDanes, ko je ves \u010dlovekov notranji razvoj pod mo\u010dnim vplivom materialisti\u010dnega svetovnega nazora, vokalna umetnost \u010dloveku omogo\u010da ponovno sre\u010danje z duhovnim. S petjem se \u010dlovek lahko dvigne nad meje telesnosti, najde vez s svojim duhovnim bitjem in s svojim bli\u017enjim, tako da uporablja telo kot instrument.<br \/>\nGlasba in petje segajo globlje kot spoznanje in to je lahko zelo dober ali najpomembnej\u0161i prispevek pri pribli\u017eevanju \u010dloveka njegovim notranjim pobudam.<br \/>\nPetje lahko pove\u017ee misli in \u010dustva, lahko pa pomaga tudi pri doseganju ravnote\u017eja v vsakodnevnem \u017eivljenju. Na ta na\u010din lahko nastanejo nove mo\u017enosti za ljudi in za celotni \u010dlove\u0161ki rod.<br \/>\nPetje povzdiguje ljudi iz njihovega vsakdana v nove \u017eivljenjske izku\u0161nje, ki so lahko spodbuda pri njihovih \u017eivljenjskih nalogah. Temu se lahko re\u010de glasbeno dihanje. Na ta na\u010din glasba lahko pridobi konkreten pomen za posameznikovo \u017eivljenje, vsakodnevno \u017eivljenje pa tako postane bolj pevno.<\/p>\n<h3 class=\"headline\">Petje danes<\/h3>\n<p><img loading=\"lazy\" decoding=\"async\" class=\"alignright size-full wp-image-2052\" alt=\"Petje\" src=\"\/hr\/wp-content\/uploads\/2013\/10\/vaznost-glazbe.jpg\" width=\"399\" height=\"288\" srcset=\"https:\/\/orpheus.hr\/sl\/wp-content\/uploads\/2013\/10\/vaznost-glazbe.jpg 399w, https:\/\/orpheus.hr\/sl\/wp-content\/uploads\/2013\/10\/vaznost-glazbe-300x217.jpg 300w\" sizes=\"(max-width: 399px) 100vw, 399px\" \/><br \/>\nGlede na to, da je v zadnjih stoletjih celotno kulturno \u017eivljenje, kot tudi izobra\u017eevanje, do\u017eivelo velike spremembe, ljudje danes pojejo manj kot kadar koli prej. Milijoni ljudi v vsakdanjem \u017eivljenju ne pojejo ve\u010d. Pred 200-300 leti so ljudje imeli razpon od 3-4 oktave, danes pa imajo komaj malo ve\u010d kot eno oktavo. Tendenca je, da na\u0161i glasovi postajajo ni\u017eji, bolj nepremi\u010dni, tr\u0161i (bolj telesni). Na\u0161i glasovi se ne morejo razvijati kot je bilo to mo\u017eno prej. <\/p>\n<p>Ko petje v dru\u017ebenih situacijah preneha (na obali ali ob dru\u017eenju v parku), se za\u010dne poslu\u0161ati reproducirana glasba (radio, TV, plo\u0161\u010de, kasete, CD-ji). Praznina, ki je nastala, se zapolnjuje s substitutom. Substitut (na en na\u010din \u201epopolna\u201c, ampak neresni\u010dna, ne\u017eiva glasba), odvra\u010da na\u0161o zavest in nas dela odvisne na tak\u0161en na\u010din, da lahko \u010dutimo njeno pomanjkanje, ko je ne sli\u0161imo. Po dolo\u010denem \u010dasu u\u017eivanja substitutne glasbe se te\u017eko zadovoljimo s katero koli izvedbo, ki bi se lahko primerjala z glasbo s CD-ja, kasete ali radia. V istem \u010dasu se na\u0161e zmo\u017enosti zmanj\u0161ujejo, te\u017eje se je aktivno ukvarjati s glasbo. Veliko la\u017eje je vklju\u010diti radio in sli\u0161ati \u201epopolno\u201c izvedbo kot poskusiti samostojno izvajati glasbo, ki prina\u0161a veliko ve\u010d zadovoljstva kot poslu\u0161anje radia ali CD-ja.<\/p>\n<!-- Facebook Members Plugin by Crunchify: http:\/\/Crunchify.com\/facebook-members\/ -->\n\t\t<div class=\"fb-recommendations-bar\" data-href=\"https:\/\/orpheus.hr\/sl\/pomembnost-glasbe-in-petja\/\" data-read-time=\"5\" data-side=\"\" data-action=\"like\"><\/div>","protected":false},"excerpt":{"rendered":"<p>Pomembnost glasbe in petja Vzahodnih dru\u017ebah je u\u017eivanje v glasbi in drugih oblikah umetnosti aktivnost, ki je odmaknjena od na\u0161ega vsakodnevnega (potro\u0161ni\u0161kega) \u017eivljenja (v katerem grabimo in zapravljamo). Posebej si vzamemo \u010das za obisk koncertnih dvoran in galerij, zato da bi na\u0161li tisto, po \u010demer te\u017eimo. Zdi se, da se umetnost posku\u0161a izolirati, kot da&#8230;<\/p>\n","protected":false},"author":2,"featured_media":0,"parent":0,"menu_order":0,"comment_status":"closed","ping_status":"closed","template":"","meta":{"footnotes":""},"_links":{"self":[{"href":"https:\/\/orpheus.hr\/sl\/wp-json\/wp\/v2\/pages\/1935"}],"collection":[{"href":"https:\/\/orpheus.hr\/sl\/wp-json\/wp\/v2\/pages"}],"about":[{"href":"https:\/\/orpheus.hr\/sl\/wp-json\/wp\/v2\/types\/page"}],"author":[{"embeddable":true,"href":"https:\/\/orpheus.hr\/sl\/wp-json\/wp\/v2\/users\/2"}],"replies":[{"embeddable":true,"href":"https:\/\/orpheus.hr\/sl\/wp-json\/wp\/v2\/comments?post=1935"}],"version-history":[{"count":2,"href":"https:\/\/orpheus.hr\/sl\/wp-json\/wp\/v2\/pages\/1935\/revisions"}],"predecessor-version":[{"id":2978,"href":"https:\/\/orpheus.hr\/sl\/wp-json\/wp\/v2\/pages\/1935\/revisions\/2978"}],"wp:attachment":[{"href":"https:\/\/orpheus.hr\/sl\/wp-json\/wp\/v2\/media?parent=1935"}],"curies":[{"name":"wp","href":"https:\/\/api.w.org\/{rel}","templated":true}]}}