{"id":1930,"date":"2014-02-04T18:38:20","date_gmt":"2013-10-28T08:19:22","guid":{"rendered":"http:\/\/orpheus.hr\/si\/?page_id=1930"},"modified":"2016-07-01T12:56:02","modified_gmt":"2016-07-01T12:56:02","slug":"nacin-dela","status":"publish","type":"page","link":"https:\/\/orpheus.hr\/sl\/nacin-dela\/","title":{"rendered":"Na\u010din dela"},"content":{"rendered":"<h3 class=\"headline\">Terapija petja Werbeck \u2013 Individualna ur<\/h3>\n<p><img loading=\"lazy\" decoding=\"async\" class=\"wp-image-110 image-left alignleft\" style=\"width: 45%;\" alt=\"Terapija pjevanjem\" src=\"\/wp-content\/uploads\/2013\/10\/terapija-pjevanjem.jpg\" width=\"460\" height=\"334\" \/> Individualna ura ljudem omogo\u010da odkriti, da tudi oni lahko pojejo (za tiste, ki mislijo, da \u201enimajo glasu\u201c ali da ne morejo peti), u\u010di jih kako iz sebe narediti instrument in kako bolj\u0161e peti (tisti, ki \u017ee pojejo), tako da osvobodijo glas motenj in ovir, ki se ponavadi \u201epridobijo\u201c z vzgojo, izobra\u017eevanjem, imitacijo drugih in s slabimi navadami. Ura ponavadi sestoji iz vadbe petja in petja pesmi, ker pa je vsak posameznik druga\u010den, je druga\u010dna tudi vsaka ura.<\/p>\n<p>&nbsp;<br \/>\n&nbsp;<br \/>\n&nbsp;<br \/>\n&nbsp;<br \/>\n&nbsp;<\/p>\n<h3 class=\"headline\">Terapija petja Werbeck &#8211; Skupinska ura<\/h3>\n<p><img loading=\"lazy\" decoding=\"async\" class=\"wp-image-110 image-right alignright\" style=\"width: 45%;\" alt=\"Werbeck terapija pjevanjem - Vikend te\u010daj\" src=\"\/wp-content\/uploads\/2013\/10\/grupna-terapija-pjevanjem-300x225.jpg\" width=\"460\" height=\"334\" \/><br \/>\nPetje je na\u010din, ki zbli\u017euje ljudi. Petje v skupini ustvarja skupni zvok. Poleg primarnega cilja osvoboditve glasu se pri skupinskem petju pozornost posve\u010da tudi razvoju poslu\u0161anja. Z vadbo poslu\u0161anja v skupini se ustvarja en skupni zvok s kakovostjo, ki se jo lahko vzame kot vodilo za samostojno vadbo (skupni zvok dveh ali ve\u010d ljudi je ponavadi veliko bogatej\u0161i kot zvok posameznika). Skupna ura sestoji iz vadbe petja in pesmi. Organizacija in dol\u017eina skupne ure so posebej prilagojeni vsaki skupini.<br \/>\n&nbsp;<br \/>\n&nbsp;<br \/>\n&nbsp;<\/p>\n<h3 class=\"headline\">Terapija petja Werbeck &#8211; Vikend te\u010daj<\/h3>\n<p>Med vikend te\u010dajem udele\u017eenec lahko odkrije nove mo\u017enosti za razvoj lastnega glasu. Te\u010daj se za\u010dne v petek popoldne. V soboto je delo razdeljeno na jutranji in popoldanski blok. Te\u010daj se kon\u010da v nedeljo.<br \/>\n&nbsp;<br \/>\n&nbsp;<\/p>\n<h3 class=\"headline\">Terapija petja Werbeck &#8211; Intenzivni teden<\/h3>\n<p>Med intenzivnim tednom se delo s skupino odvija dvakrat na dan. Cilj je, da se vsak udele\u017eenec globlje pove\u017ee s svojim glasom. Dol\u017eina te\u010daja omogo\u010da, da se gre globlje v ustvarjanje instrumenta iz samih sebe, da se bolje spozna lastni glas, kot tudi na\u010din njegove la\u017eje in bolj\u0161e uporabe. Pozornost je posve\u010dena tudi poslu\u0161anju drugih v skupini. Tedensko delo je v glavnem osredoto\u010deno na vadbo Werbeck petja kot tudi petju ve\u010dglasnih pesmi. Individualne ure potekajo glede na povpra\u0161evanje.<\/p>\n<!-- Facebook Members Plugin by Crunchify: http:\/\/Crunchify.com\/facebook-members\/ -->\n\t\t<div class=\"fb-recommendations-bar\" data-href=\"https:\/\/orpheus.hr\/sl\/nacin-dela\/\" data-read-time=\"5\" data-side=\"\" data-action=\"like\"><\/div>","protected":false},"excerpt":{"rendered":"<p>Terapija petja Werbeck \u2013 Individualna ur Individualna ura ljudem omogo\u010da odkriti, da tudi oni lahko pojejo (za tiste, ki mislijo, da \u201enimajo glasu\u201c ali da ne morejo peti), u\u010di jih kako iz sebe narediti instrument in kako bolj\u0161e peti (tisti, ki \u017ee pojejo), tako da osvobodijo glas motenj in ovir, ki se ponavadi \u201epridobijo\u201c z&#8230;<\/p>\n","protected":false},"author":2,"featured_media":0,"parent":0,"menu_order":0,"comment_status":"closed","ping_status":"closed","template":"","meta":{"footnotes":""},"_links":{"self":[{"href":"https:\/\/orpheus.hr\/sl\/wp-json\/wp\/v2\/pages\/1930"}],"collection":[{"href":"https:\/\/orpheus.hr\/sl\/wp-json\/wp\/v2\/pages"}],"about":[{"href":"https:\/\/orpheus.hr\/sl\/wp-json\/wp\/v2\/types\/page"}],"author":[{"embeddable":true,"href":"https:\/\/orpheus.hr\/sl\/wp-json\/wp\/v2\/users\/2"}],"replies":[{"embeddable":true,"href":"https:\/\/orpheus.hr\/sl\/wp-json\/wp\/v2\/comments?post=1930"}],"version-history":[{"count":2,"href":"https:\/\/orpheus.hr\/sl\/wp-json\/wp\/v2\/pages\/1930\/revisions"}],"predecessor-version":[{"id":2976,"href":"https:\/\/orpheus.hr\/sl\/wp-json\/wp\/v2\/pages\/1930\/revisions\/2976"}],"wp:attachment":[{"href":"https:\/\/orpheus.hr\/sl\/wp-json\/wp\/v2\/media?parent=1930"}],"curies":[{"name":"wp","href":"https:\/\/api.w.org\/{rel}","templated":true}]}}