{"id":1922,"date":"2014-02-04T18:30:53","date_gmt":"2013-10-28T08:07:16","guid":{"rendered":"http:\/\/orpheus.hr\/si\/?page_id=1922"},"modified":"2016-07-01T12:53:06","modified_gmt":"2016-07-01T12:53:06","slug":"terapija-petja-werbeck","status":"publish","type":"page","link":"https:\/\/orpheus.hr\/sl\/terapija-petja-werbeck\/","title":{"rendered":"Terapija petja Werbeck"},"content":{"rendered":"<h3 class=\"headline\">Terapija petja Werbeck<\/h3>\n<p><img loading=\"lazy\" decoding=\"async\" class=\"alignleft size-full wp-image-2044\" src=\"\/hr\/wp-content\/uploads\/2013\/10\/terapija-pjevanjem2.jpg\" alt=\"terapija-pjevanjem\" width=\"399\" height=\"288\" \/><br \/>\nPetje je \u017ee od nekdaj odraz sre\u010de, vez med ljudmi, kraj\u0161a nam \u010das pri delu, nam daje mo\u010d za ozdravljenje in uravnote\u017ea \u010dloveka. Kadar zdru\u017eimo na\u0161e glasove v petju, poglobimo vez s so\u010dlovekom in s sabo.<\/p>\n<p>\u201eGlasbena aktivnost je povezana z vsemi po\u017eivljajo\u010dimi mo\u010dmi v \u010dlove\u0161kem organizmu. Ta se tako poenoti s teko\u010dim zvokom.\u201c Dr. Rudolf Steiner.<\/p>\n<p>V \u201e\u0160oli za odkrivanje glasu\u201c se petje ne smatra kot rezultat \u010dlove\u0161kih organov oz. delov telesa, ampak kot izraz celotnega \u010dlove\u0161kega bitja. Glas je lahko zatrt zaradi fiziolo\u0161kih ali drugih ovir. Pri metodi petja Werbeck sku\u0161amo te ovire odpraviti, da bi se tisto, kar je v vsakem glasu skritega, lahko razvilo. Prav zaradi tega ta metoda nima samo umetni\u0161kega, pa\u010d pa tudi zdravilski zna\u010daj. Ljudje se zavejo, da je posluh v njih in da ga dalje lahko razvijajo sami.<br \/>\nPogosto se poka\u017ee izreden napredek pri petju. Ljudje, ki nikdar niso prepevali in ki so sami sebe smatrali kot izrazito nenadarjene, odkrijejo do tedaj skrite sposobnosti, zaradi \u010desar razvijejo veselje do petja in s tem premagajo du\u0161evne ovire.<\/p>\n<p>\u0160tevilni ljudje, ki imajo manjvrednostni kompleks in druge psiholo\u0161ke ovire, bi se lahko le-teh osvobodili, \u010de bi te skrite talente kultivirali na pravi na\u010din. Za otroke s slu\u0161nimi in govornimi napakami bi \u017ee petje v zboru imelo velik terapevtski u\u010dinek, ker bi bili na ta na\u010din tudi sami del zvo\u010dnega organizma in bi odkrili svoj glas s pomo\u010djo imitacije. S petjem v zboru se \u010dlovek hkrati u\u010di petja in poslu\u0161anja. Znati poslu\u0161ati ljudi okoli sebe pomeni velik korak pri prilagajanju okolici. O\u010ditno je, da ima terapija poleg psiholo\u0161kih tudi mnogo globlje u\u010dinke.<\/p>\n<p>Elementi petja in zakonitosti glasbe v terapiji petja Werbeck se smatrajo kot arhetipska konstituirajo\u010da mo\u010d \u010dlove\u0161kega bitja. Kadar \u010dlovek prepeva, se ta mo\u010d pove\u017ee. V terapiji petja pa ta mo\u010d postane u\u010dinkovita.<\/p>\n<h3 class=\"headline\">Ljekoviti glasovi<\/h3>\n<p><img loading=\"lazy\" decoding=\"async\" class=\"alignright size-full wp-image-2044\" src=\"\/hr\/wp-content\/uploads\/2013\/10\/terapija-pjevanjem1.jpg\" alt=\"terapija-pjevanjem\" width=\"399\" height=\"288\" srcset=\"https:\/\/orpheus.hr\/sl\/wp-content\/uploads\/2013\/10\/terapija-pjevanjem1.jpg 399w, https:\/\/orpheus.hr\/sl\/wp-content\/uploads\/2013\/10\/terapija-pjevanjem1-300x217.jpg 300w\" sizes=\"(max-width: 399px) 100vw, 399px\" \/>Dokler glas odmeva v nas, zaustavljena energija ponovno te\u010de in vzbuja mo\u010d za samoozdravitev.<\/p>\n<p>Dihanje, ki je osnova vsakega oblikovanja glasu, se na ta na\u010din o\u017eivlja in harmonizira, kar vpliva na uravnote\u017eenje celotnega organizma.<\/p>\n<p>Vaje so sestavljene iz soglasnikov (ki so povezani z razli\u010dnimi deli telesa) in samoglasnikov (ki vplivajo na organe), ki so dodani glasbenim elementom (ton, ritem, melodija, lestvice, intervali), zato da bi se izbolj\u0161ale ali celo odpravile dolo\u010dene fiziolo\u0161ke te\u017eave.<\/p>\n<p>S pomo\u010djo samoglasnikov in soglasnikov, naravnih glasbenih elementov in ritmi\u010dnega dihanja se oblikujejo specifi\u010dne vaje, ki se jih izvaja individualno pod nadzorom terapevta.<\/p>\n<p>Vaje terapevtsko delujejo na laringealne organe in pomagajo pri morebitnih dihalnih pomanjkljivostih. Zadovoljivi so tudi rezultati pri ljudeh z govornimi napakami, z astmo, s slu\u0161nimi te\u017eavami, s plitkim dihanjem, s slabo cirkulacijo, s prebavnimi te\u017eavami, pri nevrozi, migreni, pri motnjah spanja, anksioznosti, itd.<\/p>\n<p>Z Werbeck terapijo petja lahko dose\u017eemo uspeh tudi pri ljudeh s posebnimi potrebami; pri vzpostavljanju stikov z osebami, ki so bile poprej obravnavane kot nekooperativne in nekomunikativne; prav tako tudi pri umirjanju in preusmerjanju zmedenih in senilnih; v odvra\u010danju psihi\u010dnih bolnikov od njihovih destruktivnih in agresivnih dejanj ter njihovih halucinacij.<\/p>\n<!-- Facebook Members Plugin by Crunchify: http:\/\/Crunchify.com\/facebook-members\/ -->\n\t\t<div class=\"fb-recommendations-bar\" data-href=\"https:\/\/orpheus.hr\/sl\/terapija-petja-werbeck\/\" data-read-time=\"5\" data-side=\"\" data-action=\"like\"><\/div>","protected":false},"excerpt":{"rendered":"<p>Terapija petja Werbeck Petje je \u017ee od nekdaj odraz sre\u010de, vez med ljudmi, kraj\u0161a nam \u010das pri delu, nam daje mo\u010d za ozdravljenje in uravnote\u017ea \u010dloveka. Kadar zdru\u017eimo na\u0161e glasove v petju, poglobimo vez s so\u010dlovekom in s sabo. \u201eGlasbena aktivnost je povezana z vsemi po\u017eivljajo\u010dimi mo\u010dmi v \u010dlove\u0161kem organizmu. Ta se tako poenoti s&#8230;<\/p>\n","protected":false},"author":2,"featured_media":0,"parent":0,"menu_order":0,"comment_status":"closed","ping_status":"closed","template":"","meta":{"footnotes":""},"_links":{"self":[{"href":"https:\/\/orpheus.hr\/sl\/wp-json\/wp\/v2\/pages\/1922"}],"collection":[{"href":"https:\/\/orpheus.hr\/sl\/wp-json\/wp\/v2\/pages"}],"about":[{"href":"https:\/\/orpheus.hr\/sl\/wp-json\/wp\/v2\/types\/page"}],"author":[{"embeddable":true,"href":"https:\/\/orpheus.hr\/sl\/wp-json\/wp\/v2\/users\/2"}],"replies":[{"embeddable":true,"href":"https:\/\/orpheus.hr\/sl\/wp-json\/wp\/v2\/comments?post=1922"}],"version-history":[{"count":2,"href":"https:\/\/orpheus.hr\/sl\/wp-json\/wp\/v2\/pages\/1922\/revisions"}],"predecessor-version":[{"id":2974,"href":"https:\/\/orpheus.hr\/sl\/wp-json\/wp\/v2\/pages\/1922\/revisions\/2974"}],"wp:attachment":[{"href":"https:\/\/orpheus.hr\/sl\/wp-json\/wp\/v2\/media?parent=1922"}],"curies":[{"name":"wp","href":"https:\/\/api.w.org\/{rel}","templated":true}]}}