{"id":1919,"date":"2014-02-04T18:25:02","date_gmt":"2013-10-28T08:04:55","guid":{"rendered":"http:\/\/orpheus.hr\/si\/?page_id=1919"},"modified":"2016-07-01T12:51:05","modified_gmt":"2016-07-01T12:51:05","slug":"metoda-petja-werbeck","status":"publish","type":"page","link":"https:\/\/orpheus.hr\/sl\/metoda-petja-werbeck\/","title":{"rendered":"Metoda petja Werbeck"},"content":{"rendered":"<h3 class=\"headline\">Metoda petja Werbeck<\/h3>\n<p><img loading=\"lazy\" decoding=\"async\" class=\"alignleft size-full wp-image-2031\" src=\"\/hr\/wp-content\/uploads\/2013\/10\/werbeck-metoda-pjevanja-11.jpg\" alt=\"Metoda petja Werbeck\" width=\"399\" height=\"288\" srcset=\"https:\/\/orpheus.hr\/sl\/wp-content\/uploads\/2013\/10\/werbeck-metoda-pjevanja-11.jpg 399w, https:\/\/orpheus.hr\/sl\/wp-content\/uploads\/2013\/10\/werbeck-metoda-pjevanja-11-300x217.jpg 300w\" sizes=\"(max-width: 399px) 100vw, 399px\" \/>Tako kot razli\u010dne vrste rastlin, ki nastajajo ob sre\u010danju arhetipa rastline s tlemi, tako tudi \u010dlove\u0161ki glasovi nastanejo ob sre\u010danju arhetipa glasu s svojim nosilcem \u2013 \u010dlove\u0161ko telesnostjo. Ena od osnovnih napak, ki prevladujejo pri \u0161tevilnih tehnikah za \u0161olanje glasu, je pojmovanje glasu kot izdelka visoko organizirane materije oz. stvari.<br \/>\nToda visoko organizirana materija ni tista, ki ustvarja glas, temve\u010d se glas (ki je po svoji naravi nematerialen) manifestira skozi njo. Nevidni notranji impulz, ki gre skozi telesnost, nam omogo\u010da, da odkrivamo u\u010dinke, ki ne bi nastali od telesnosti same.<\/p>\n<p>V \u201e\u0160oli za odkrivanje glasu\u201c se petje ne obravnava kot rezultat posameznih organov ali delov telesa, temve\u010d kot izraz celotnega \u010dlovekovega bitja. Toda glas se lahko \u201epregnan???izgubi\u201c zaradi fiziolo\u0161kih in drugih ovir. Pri metodi petja Werbeck se tak\u0161nim oviram sku\u0161amo izogniti, da bi lahko odkrili tisto, kar je navzo\u010de v vsakem \u010dloveku.<br \/>\n\u201eTukaj naletimo na glavno napako pri dana\u0161njem pou\u010devanju petja: \u010dlove\u0161kega glasu ni treba trenirati, ta je \u017ee tu, izpopolnjen in popoln kot celota. To, na kar glas \u010daka, je osvoboditev. Morali bi govoriti o osvoboditvi glasu ali natan\u010dneje o odkrivanju glasu, ne pa o treniranju glasu. Vse delo, vsa prizadevanja pri tem, \u010demur re\u010demo \u0161olanje glasu, v osnovi ni ni\u010d drugega kot osvoboditev glasu, odpravljanje ovir, ki ne dovoljujejo, da glas zazveni v svoji polnosti.\u201c Werbeck.<\/p>\n<p>Vse, kar u\u010ditelj petja ali pevec lahko naredi, je, da ustvari pogoje v katerih se glas lahko pojavi. Lepota tona bo zvenela slabo, \u010de telo \u201ezadr\u017euje\u201c zvok, ko je zvok \u201eujet\u201c v svojem teku.<br \/>\n\u010ceprav je \u201e\u0160ola za odkrivanje glasu\u201c v glavnem osredoto\u010dena na umetni\u0161ko in pedago\u0161ko delo, dobimo o njej bolj popolno sliko z upo\u0161tevanjem perspektive, ki jo ponuja s terapijsko uporabo.<\/p>\n<!-- Facebook Members Plugin by Crunchify: http:\/\/Crunchify.com\/facebook-members\/ -->\n\t\t<div class=\"fb-recommendations-bar\" data-href=\"https:\/\/orpheus.hr\/sl\/metoda-petja-werbeck\/\" data-read-time=\"5\" data-side=\"\" data-action=\"like\"><\/div>","protected":false},"excerpt":{"rendered":"<p>Metoda petja Werbeck Tako kot razli\u010dne vrste rastlin, ki nastajajo ob sre\u010danju arhetipa rastline s tlemi, tako tudi \u010dlove\u0161ki glasovi nastanejo ob sre\u010danju arhetipa glasu s svojim nosilcem \u2013 \u010dlove\u0161ko telesnostjo. Ena od osnovnih napak, ki prevladujejo pri \u0161tevilnih tehnikah za \u0161olanje glasu, je pojmovanje glasu kot izdelka visoko organizirane materije oz. stvari. Toda visoko&#8230;<\/p>\n","protected":false},"author":2,"featured_media":0,"parent":0,"menu_order":0,"comment_status":"closed","ping_status":"closed","template":"","meta":{"footnotes":""},"_links":{"self":[{"href":"https:\/\/orpheus.hr\/sl\/wp-json\/wp\/v2\/pages\/1919"}],"collection":[{"href":"https:\/\/orpheus.hr\/sl\/wp-json\/wp\/v2\/pages"}],"about":[{"href":"https:\/\/orpheus.hr\/sl\/wp-json\/wp\/v2\/types\/page"}],"author":[{"embeddable":true,"href":"https:\/\/orpheus.hr\/sl\/wp-json\/wp\/v2\/users\/2"}],"replies":[{"embeddable":true,"href":"https:\/\/orpheus.hr\/sl\/wp-json\/wp\/v2\/comments?post=1919"}],"version-history":[{"count":2,"href":"https:\/\/orpheus.hr\/sl\/wp-json\/wp\/v2\/pages\/1919\/revisions"}],"predecessor-version":[{"id":2972,"href":"https:\/\/orpheus.hr\/sl\/wp-json\/wp\/v2\/pages\/1919\/revisions\/2972"}],"wp:attachment":[{"href":"https:\/\/orpheus.hr\/sl\/wp-json\/wp\/v2\/media?parent=1919"}],"curies":[{"name":"wp","href":"https:\/\/api.w.org\/{rel}","templated":true}]}}