{"id":1853,"date":"2013-10-27T16:19:35","date_gmt":"2013-10-27T16:18:27","guid":{"rendered":"http:\/\/orpheus.hr\/si\/?page_id=1853"},"modified":"2024-02-06T18:16:22","modified_gmt":"2024-02-06T18:16:22","slug":"werbeck-petje","status":"publish","type":"page","link":"https:\/\/orpheus.hr\/sl\/werbeck-petje\/","title":{"rendered":"Werbeck petje"},"content":{"rendered":"<h3 class=\"headline\">Za\u010detek va\u0161ega iskanja glasu<\/h3>\n<p><img loading=\"lazy\" decoding=\"async\" class=\"alignleft size-full wp-image-2037\" src=\"\/hr\/wp-content\/uploads\/2013\/10\/werbeck-pjevanje1.jpg\" alt=\"werbeck-pjevanje\" width=\"399\" height=\"288\" srcset=\"https:\/\/orpheus.hr\/sl\/wp-content\/uploads\/2013\/10\/werbeck-pjevanje1.jpg 399w, https:\/\/orpheus.hr\/sl\/wp-content\/uploads\/2013\/10\/werbeck-pjevanje1-300x217.jpg 300w\" sizes=\"(max-width: 399px) 100vw, 399px\" \/>Dobrodo\u0161li v hrva\u0161ki \u0161oli za odkrivanje glasu, kjer se lahko najprej nau\u010dite, da vsak ki lahko govori,lahko tudi poje \u2013 \u010de verjamete ali ne, \u010dlovek brez posluha ne obstaja. \u010ce so vas vse \u017eivljenje prepri\u010devali o nasprotnem, ker ne znate natan\u010dno zadeti tonov pesmi, so zavajali ne le vas, temve\u010d tudi sebe. Niso vam lagali namerno, verjetno so vas opozarjali na \u00bbdozdevanje\u00ab o slabem posluhu, da bi vas tako za\u0161\u010ditili pred zasmehovanjem in zlobnimi jeziki. Govorili so vam to, kar tudi sami verjamejo; nih\u010de jih ni nau\u010dil tehnike odkrivanja glasu, niti niso spoznali opevane udele\u017eence na\u0161e \u0161ole, katerim danes nih\u010de ne verjame, da so v\u010dasih \u00bbfu\u0161ali\u00ab.<\/p>\n<p>Po drugi strani pa ste morda v otro\u0161tvu ali mladosti peli kot slav\u010dek, a s \u010dasom pa ste, iz vam nepoznanih razlogov utihnili, ker ste se po\u010dutili povsem blokirane? Kakorkoli, sedaj ste na pravem mestu da \u2013 prvi\u010d ali ponovno \u2013 odkrijete svoj glas.<\/p>\n<h3 class=\"headline\">Operna diva je osmislila vaje<\/h3>\n<p>\u010clove\u0161ko telo je najstarej\u0161e glasbilo na svetu \u2013 najprej smo pri\u010deli odkrivati \u010dude\u017eni svet lastnega vokala, da bi kasneje pri\u010deli z iskanjem stvari, ki spu\u0161\u010dajo zvoke, od katerih smo ustvarili instrumente. Na\u0161e glasbilo je edinstveno in usklajeno in pomeni medsebojno delovanje \u0161tevilnih delov telesa kot so grlo in nos, trebu\u0161ne in hrbtne mi\u0161ice, rebra, plju\u010da&#8230; ter psihe, emocij in \u0161e mnogo drugega. Zato se ni treba \u010duditi, da v\u010dasih v tem procesu lahko nastane napaka ali blokada, o\u010dem nevidna, mislim neprepoznavna, a povsem zadostuje, da nam odvzame dober \u00bbglas.\u00ab Kakor obstajajo mojstri, ki obnovijo in uglasijo instrumente, tako obstajajo tudi u\u010ditelji, ki vam bodo pomagali, da svobodno zapojete, oziroma da odkrijete svoj glas.<\/p>\n<p>\u0160olo za odkrivanje glasu je utemeljila \u0161vedska operna pevka Valborg Werbeck \u2013 Svardstrom, katere kariera je bila v enem trenutku naglo prekinjena zaradi paralize glasilk. Glede na to, da ji ni ni\u010d pomagalo in da je niti eden dotedanji na\u010din petja ni zadovoljeval, je za\u010dela razvijati lasten pristop fenomenu glasa, s po\u010dasnim razdelovanjem vaj, s pomo\u010djo katerih se je uspe\u0161no vrnila v javnost. Na tej poti se ji je pridru\u017eil dr. Rudolf Steiner, o\u010de antropozofije in waldorfskih \u0161ol. Njuno sodelovanje (1912-1924) je doprinesla do priznanja \u00bb\u0160ole za odkrivanje glasu\u00ab, kot pravilne poti za \u0161olanje glasu. V \u010dasu delovanja v centrih za osebe s te\u017eavami v razvoju, je Werbeck-Svardstrom postavila temelje za terapevtski pristop svojih vaj.<\/p>\n<h3 class=\"headline\">Odkrijte svoj instrument<\/h3>\n<p>\u010ce \u017eelite zvedeti ve\u010d o vajah ali se nau\u010diti osnove Werbeck metode petja, se nam pridru\u017eite na enem od na\u0161ih aktualnih seminarjih. Lahko se priklju\u010dite tudi izobra\u017eevanju ali se dogovorite za privatno u\u010denje pri edinem diplomiranem u\u010ditelju petja po Werbeck metodi in glasbenemu terapevtu v tem delu Evrope, prof. Baldu Mikuli\u0107u.<br \/>\nSeveda, vedeti morate, da je odkrivanje glasu samo drugo ime za odkrivanje samega sebe, a pogosto se najde ve\u010d kot se pri\u010dakuje. Prepri\u010dani smo, da boste u\u017eivali v lepoti novoodkritega lastnega instrumenta.<\/p>\n<!-- Facebook Members Plugin by Crunchify: http:\/\/Crunchify.com\/facebook-members\/ -->\n\t\t<div class=\"fb-recommendations-bar\" data-href=\"https:\/\/orpheus.hr\/sl\/werbeck-petje\/\" data-read-time=\"5\" data-side=\"\" data-action=\"like\"><\/div>","protected":false},"excerpt":{"rendered":"<p>Za\u010detek va\u0161ega iskanja glasu Dobrodo\u0161li v hrva\u0161ki \u0161oli za odkrivanje glasu, kjer se lahko najprej nau\u010dite, da vsak ki lahko govori,lahko tudi poje \u2013 \u010de verjamete ali ne, \u010dlovek brez posluha ne obstaja. \u010ce so vas vse \u017eivljenje prepri\u010devali o nasprotnem, ker ne znate natan\u010dno zadeti tonov pesmi, so zavajali ne le vas, temve\u010d tudi&#8230;<\/p>\n","protected":false},"author":2,"featured_media":0,"parent":0,"menu_order":0,"comment_status":"closed","ping_status":"closed","template":"","meta":{"footnotes":""},"_links":{"self":[{"href":"https:\/\/orpheus.hr\/sl\/wp-json\/wp\/v2\/pages\/1853"}],"collection":[{"href":"https:\/\/orpheus.hr\/sl\/wp-json\/wp\/v2\/pages"}],"about":[{"href":"https:\/\/orpheus.hr\/sl\/wp-json\/wp\/v2\/types\/page"}],"author":[{"embeddable":true,"href":"https:\/\/orpheus.hr\/sl\/wp-json\/wp\/v2\/users\/2"}],"replies":[{"embeddable":true,"href":"https:\/\/orpheus.hr\/sl\/wp-json\/wp\/v2\/comments?post=1853"}],"version-history":[{"count":5,"href":"https:\/\/orpheus.hr\/sl\/wp-json\/wp\/v2\/pages\/1853\/revisions"}],"predecessor-version":[{"id":3462,"href":"https:\/\/orpheus.hr\/sl\/wp-json\/wp\/v2\/pages\/1853\/revisions\/3462"}],"wp:attachment":[{"href":"https:\/\/orpheus.hr\/sl\/wp-json\/wp\/v2\/media?parent=1853"}],"curies":[{"name":"wp","href":"https:\/\/api.w.org\/{rel}","templated":true}]}}