{"id":3281,"date":"2017-01-12T12:19:09","date_gmt":"2017-01-12T12:19:09","guid":{"rendered":"http:\/\/orpheus.hr\/hr\/?page_id=3281"},"modified":"2017-01-12T15:46:17","modified_gmt":"2017-01-12T15:46:17","slug":"pjesma-kljuc-za-rajska-vrata","status":"publish","type":"page","link":"https:\/\/orpheus.hr\/hr\/pjesma-kljuc-za-rajska-vrata\/","title":{"rendered":"Pjesma \u2013 klju\u010d za rajska vrata"},"content":{"rendered":"<div class=\"itemIntroText\">\n<p><strong><img loading=\"lazy\" decoding=\"async\" class=\"alignleft wp-image-3283 \" src=\"http:\/\/orpheus.hr\/hr\/wp-content\/uploads\/2017\/01\/raj-300x200.jpg\" alt=\"raj\" width=\"400\" height=\"266\" srcset=\"https:\/\/orpheus.hr\/hr\/wp-content\/uploads\/2017\/01\/raj-300x200.jpg 300w, https:\/\/orpheus.hr\/hr\/wp-content\/uploads\/2017\/01\/raj-768x512.jpg 768w, https:\/\/orpheus.hr\/hr\/wp-content\/uploads\/2017\/01\/raj-600x400.jpg 600w, https:\/\/orpheus.hr\/hr\/wp-content\/uploads\/2017\/01\/raj.jpg 800w\" sizes=\"auto, (max-width: 400px) 100vw, 400px\" \/>Glazba je duhovni svijet gdje na\u0161e du\u0161e \u017eive, razmi\u0161ljaju i stvaraju, rekao je Beethoven. Zapjevajte i ispunite srce melodijama, otkrijte snagu svog glasa i ljepotu du\u0161e.<\/strong><\/p>\n<p>Povezanost glazbe i duhovnog svijeta posve sigurno nije novost. Naprotiv, ta veza je toliko \u010dvrsta, svima prirodna i jasna, da se apsolutno nigdje ne osporava. Najve\u0107i umovi u povijesti \u010dovje\u010danstva otvoreno su govorili o glazbi i njezinom utjecaju na duhovnost te op\u0107enito na njezinu va\u017enost u \u017eivotu svakog pojedinca.<\/p>\n<\/div>\n<div class=\"itemFullText\">\n<p>U \u0161iroj javnosti mo\u017eda je najpoznatija ljubav velikog znanstvenika Alberta Einsteina prema notama &#8211; bio je glazbeno obrazovan, svirao je violinu te klavir. Rekao je da mu upravo glazba omogu\u0107ava rje\u0161avanje problema, pa tako njegovoj muzikalnosti mo\u017eemo zahvaliti i teoriju relativiteta. U razgovoru s poznatim violinskim pedagogom Shinichijem Suzukijem objasnio je:<br \/>\n&#8220;Teorija relativnosti javila mi se intuitivno i glazba kao pokreta\u010dka sila bila je u temeljima te intuitivne misli. Moje novo otkri\u0107e rezultat je moje muzi\u010dke percepcije.&#8221;<br \/>\nOp\u0107enito, kad vi\u0161e ne bi znao na koji na\u010din krenuti dalje, sjeo bi za klavir te se prepustio inspiraciji, a potom bi odjednom sko\u010dio i viknuo: &#8220;Eto, sad ga imam!&#8221; Njegove su rije\u010di rado citirane, a svaki \u0107e ih glazbenik itekako razumjeti: &#8220;Da nisam fizi\u010dar, bio bih glazbenik. Svoje snove sanjam budan u glazbi. Ve\u0107ina moje \u017eivotne radosti dolazi kroz glazbu. Svoj \u017eivot ostvarujem kroz glazbu&#8221;.<\/p>\n<h4>Duhovni svijet<\/h4>\n<p>Glazba otvara vrata u duhovni svijet. Taj prolaz nije tajna i nije privilegija pojedinaca, pa tako ni \u010duveni fizi\u010dar i nobelovac nije bio iznimka. Ljudi koji su svoj \u017eivot posvetili glazbi ili se njome ispunili, naprosto su u potpunosti svjesni \u010dinjenice da je glazba izravni govor na\u0161e du\u0161e te mo\u017eda najizravniji put do spoznaje.<br \/>\nKad smo se ve\u0107 primili citata, mo\u017eemo spomenuti i rije\u010di njema\u010dkog skladatelja Ludwiga van Beethovena: &#8220;Glazba je vi\u0161a od mudrosti i filozofije. Glazba je duhovni svijet gdje na\u0161e du\u0161e \u017eive, razmi\u0161ljaju i stvaraju.&#8221; Kada bismo nastavili dalje na tragu ove misli, mogli bismo pri\u010du zapravo vratiti na po\u010detak, odnosno spomenuti najstariji poznati sustav znanja \u2013 Vede, u kojima pi\u0161e kako je sve po\u010delo zvukom. Uostalom svima je jasno da je zvuk u sr\u017ei na\u0161eg bi\u0107a jer se fiziolo\u0161ki procesi u na\u0161em organizmu \u201eglasaju\u201c.<\/p>\n<h4>Iznad granica tjelesnosti<\/h4>\n<p>Mo\u017eda ste na trenutak pomislili da se ova pri\u010da ne odnosi na vas jer ne znate svirati nikakav instrument, a kamoli da biste bili talentirani poput Beethovena. Mo\u017eda mislite da \u0107e vam stoga, \u010dak i ako taj prolaz u svijet duhovnosti postoji, doticaj s vi\u0161im sferama ostati te\u0161ko dostupan. Ali vi oduvijek imate instrument koji vam ta vrata ve\u0107 danas mo\u017ee otvoriti. To\u010dnije, vi ste predivno glazbalo, va\u0161e tijelo proizvodi zvuk.<br \/>\nDa, rije\u010d je o pjevanju, no nemojte odustati od \u010ditanja ako ste i na trenutak pomislili na sljede\u0107i mogu\u0107i problem, a to je da nemate sluha. Vrijeme je da ovu predrasudu zaboravite &#8211; kao \u0161to je mogu\u0107e ugoditi glazbalo, tako je mogu\u0107e ugoditi i vas. U svemu tome va\u017eno je samo se odva\u017eite i da krenete u potragu za va\u0161im glasom kojeg se mo\u017eda ve\u0107 i zaboravili.<br \/>\n\u201cGlas je odraz onoga \u0161to jesmo. Otkrivaju\u0107i svoj glas, mi zapravo otkrivamo sebe\u201c, ka\u017ee prof. Baldo Mikuli\u0107, u\u010ditelj i terapeut pjevanjem. U tome nema ni\u010deg \u010dudnog, ni\u010deg neprirodnog. Zapravo je neprirodna pojava ona koja se dogodila s pojavom zvu\u010dnih zapisa, \u0161to je rezultiralo time da se danas puno vi\u0161e slu\u0161aju ti zapisi, nego se samostalno pjeva.<\/p>\n<h4>Bogom dano&#8230;<\/h4>\n<p>Laka dostupnost glazbe (na radiju, televiziji, internetu), \u010dini da je prag koji ljude spre\u010dava da samostalno pjevaju ve\u0107i. Spontanost vi\u0161e nije prisutna kako prije 50-100 godina. Iako se \u010dini da je mo\u017eda rije\u010d o naizgled bezazlenoj pojavi u odnosu na sva \u010duda, ali i prijetnje suvremenog svijeta, s gubitkom svugdje prisutne pjesme \u010dovje\u010danstvo je izgubilo jako puno te se ljude mora ponovno u\u010diti ne\u0161to \u0161to im je, reklo bi se, bogom dano. A dano im je s razlogom, \u010dega su svjesni svi koji su vratili izgubljenu vje\u0161tinu.<br \/>\n\u201cPjevanjem se \u010dovjek mo\u017ee uzdi\u0107i iznad granica tjelesnosti, prona\u0107i vezu sa svojim duhovnim bi\u0107em i svojim bli\u017enjim, koriste\u0107i vlastito tijelo kao instrument\u201c, isti\u010de prof. Mikuli\u0107 koji podu\u010dava pjevanje po metodi \u201e\u0160kole za otkrivanje glasa\u201c, to\u010dnije, poma\u017ee polaznicima da ponovno prona\u0111u i oslobode svoj glas.<\/p>\n<h4>\u017divot u zvuku i pjesmi<\/h4>\n<p>Naime, u &#8220;\u0160koli za otkrivanje glasa&#8221; pjevanje se ne promatra kao rezultat pojedinih organa ili dijelova tijela, ve\u0107 kao izraz cjelokupnog \u010dovjekova bi\u0107a. Glas, me\u0111utim, mo\u017ee biti &#8220;zato\u010den&#8221; zbog fiziolo\u0161kih i drugih prepreka. Kod ove metode pjevanja takve se prepreke nastoje otkloniti da bi se ono \u0161to je nazo\u010dno u svakom \u010dovjeku otkrilo.<br \/>\nPrema tome ljudski glas ne treba trenirati, odnosno \u0161kolovati. Ono na \u0161to glas \u010deka jest oslobo\u0111enje, odstranjivanje prepreka koje ne dopu\u0161taju da glas zazvu\u010di u svojoj punini. Stoga, umjesto o \u0161kolovanju glasa, trebamo govoriti o njegovu osloba\u0111anju ili, jo\u0161 to\u010dnije, o otkrivanju glasa.<\/p>\n<blockquote><p>Upustite li se u ovu pustolovinu, pitanje je samo vremena kad \u0107ete shvatiti da zapravo niste nau\u010dili ni\u0161ta novo, ve\u0107 da napokon koristite i razvijate ono \u0161to ste oduvijek imali, da ste se vratili bli\u017ee sebi.<\/p><\/blockquote>\n<h4>Nova metoda<\/h4>\n<p><img loading=\"lazy\" decoding=\"async\" class=\"alignright wp-image-3290 size-medium\" src=\"http:\/\/orpheus.hr\/hr\/wp-content\/uploads\/2017\/01\/valborg-249x300.jpg\" alt=\"valborg\" width=\"249\" height=\"300\" srcset=\"https:\/\/orpheus.hr\/hr\/wp-content\/uploads\/2017\/01\/valborg-249x300.jpg 249w, https:\/\/orpheus.hr\/hr\/wp-content\/uploads\/2017\/01\/valborg.jpg 497w\" sizes=\"auto, (max-width: 249px) 100vw, 249px\" \/>Upravo je to shvatila i poznata \u0161vedska sopranistica Valborg Werbeck -Sv\u00e4rdstr\u00f6m(1879. \u2013 1972.) nakon \u0161to je izgubila svoj prekrasan glas zbog pogre\u0161ne tehnike pjevanja, a koja je u kona\u010dnici dovela do paralize glasnica. Ve\u0107 ranije je osjetila da vje\u017ebe koje je u\u010dila na glazbenoj akademiji izazivaju previ\u0161e napora. Shvativ\u0161i da joj niti jedan dotada\u0161nji sustav vje\u017ebi glasa ne odgovara, krenula je u potragu za svojim vlastitim.<br \/>\nUbrzo se vratila na svjetla pozornice, a nekoliko godina kasnije utemeljila je \u201c\u0160kolu za otkrivanje glasa\u201d u kojoj je podu\u010davala novu metodu pjevanja. Na tom putu pridru\u017eio joj je i utemeljitelj antropozofije, dr. Rudolf Steiner, kojemu je misterij glazbe bio dobro poznat te ga je \u010desto spominjao u svojim govorima:<br \/>\n\u201c\u0160to je sada tamo u duhovnim svjetovima? O tome sam \u010desto govorio. Glazba sfera je stvarnost. \u010cim do\u0111emo u duhovni svijet mi smo u svijetu koji potpuno \u017eivi u zvuku, u melodiji i harmoniji.\u201d<br \/>\nStoga ne \u010dudi \u0161to je njihova vi\u0161egodi\u0161nja suradnja bila uspje\u0161na i plodna, a s vremenom se razvila i terapijska primjena ove metode.<\/p>\n<p>Objavljeno u \u010dasopisu Alter<\/p>\n<\/div>\n<!-- Facebook Members Plugin by Crunchify: http:\/\/Crunchify.com\/facebook-members\/ -->\n\t\t<div class=\"fb-recommendations-bar\" data-href=\"https:\/\/orpheus.hr\/hr\/pjesma-kljuc-za-rajska-vrata\/\" data-read-time=\"5\" data-side=\"\" data-action=\"like\"><\/div>","protected":false},"excerpt":{"rendered":"<p>Glazba je duhovni svijet gdje na\u0161e du\u0161e \u017eive, razmi\u0161ljaju i stvaraju, rekao je Beethoven. Zapjevajte i ispunite srce melodijama, otkrijte snagu svog glasa i ljepotu du\u0161e. Povezanost glazbe i duhovnog svijeta posve sigurno nije novost. Naprotiv, ta veza je toliko \u010dvrsta, svima prirodna i jasna, da se apsolutno nigdje ne osporava. Najve\u0107i umovi u povijesti&#8230;<\/p>\n","protected":false},"author":2,"featured_media":3283,"parent":0,"menu_order":0,"comment_status":"closed","ping_status":"closed","template":"","meta":{"_monsterinsights_skip_tracking":false,"_monsterinsights_sitenote_active":false,"_monsterinsights_sitenote_note":"","_monsterinsights_sitenote_category":0,"_uf_show_specific_survey":0,"_uf_disable_surveys":false,"footnotes":""},"class_list":["post-3281","page","type-page","status-publish","has-post-thumbnail","hentry"],"aioseo_notices":[],"_links":{"self":[{"href":"https:\/\/orpheus.hr\/hr\/wp-json\/wp\/v2\/pages\/3281","targetHints":{"allow":["GET"]}}],"collection":[{"href":"https:\/\/orpheus.hr\/hr\/wp-json\/wp\/v2\/pages"}],"about":[{"href":"https:\/\/orpheus.hr\/hr\/wp-json\/wp\/v2\/types\/page"}],"author":[{"embeddable":true,"href":"https:\/\/orpheus.hr\/hr\/wp-json\/wp\/v2\/users\/2"}],"replies":[{"embeddable":true,"href":"https:\/\/orpheus.hr\/hr\/wp-json\/wp\/v2\/comments?post=3281"}],"version-history":[{"count":12,"href":"https:\/\/orpheus.hr\/hr\/wp-json\/wp\/v2\/pages\/3281\/revisions"}],"predecessor-version":[{"id":3306,"href":"https:\/\/orpheus.hr\/hr\/wp-json\/wp\/v2\/pages\/3281\/revisions\/3306"}],"wp:featuredmedia":[{"embeddable":true,"href":"https:\/\/orpheus.hr\/hr\/wp-json\/wp\/v2\/media\/3283"}],"wp:attachment":[{"href":"https:\/\/orpheus.hr\/hr\/wp-json\/wp\/v2\/media?parent=3281"}],"curies":[{"name":"wp","href":"https:\/\/api.w.org\/{rel}","templated":true}]}}