{"id":2852,"date":"2016-06-30T18:13:47","date_gmt":"2016-06-30T18:13:47","guid":{"rendered":"http:\/\/orpheus.hr\/hr\/?page_id=2852"},"modified":"2024-02-06T20:05:27","modified_gmt":"2024-02-06T20:05:27","slug":"citati-o-muzici-2","status":"publish","type":"page","link":"https:\/\/orpheus.hr\/hr\/citati-o-muzici-2\/","title":{"rendered":"Citati o muzici"},"content":{"rendered":"<section class=\"l-section wpb_row height_medium\"><div class=\"l-section-h i-cf\"><div class=\"g-cols vc_row via_grid cols_1 laptops-cols_inherit tablets-cols_inherit mobiles-cols_1 valign_top type_default stacking_default\"><div class=\"wpb_column vc_column_container\"><div class=\"vc_column-inner\"><div class=\"w-grid type_masonry layout_3835 cols_3 with_isotope\" id=\"us_grid_1\" style=\"--gap:4px;\" data-filterable=\"true\"><style>@media (max-width:-1px){#us_grid_1 .w-grid-item{width:50%}}@media (max-width:-1px){#us_grid_1 .w-grid-list{margin:0}#us_grid_1 .w-grid-item{width:100%;padding:0;margin-bottom:var(--gap,0px)}}.layout_3835 .w-grid-item-h{}.layout_3835 .usg_post_image_1{margin-bottom:0.5rem!important}.layout_3835 .usg_post_title_1{font-size:1rem!important}@media (min-width:1025px) and (max-width:1380px){.layout_3835 .usg_post_image_1{margin-bottom:0.5rem!important}.layout_3835 .usg_post_title_1{font-size:1rem!important}}@media (min-width:601px) and (max-width:1024px){.layout_3835 .usg_post_image_1{margin-bottom:0.5rem!important}.layout_3835 .usg_post_title_1{font-size:1rem!important}}@media (max-width:600px){.layout_3835 .usg_post_image_1{margin-bottom:0.5rem!important}.layout_3835 .usg_post_title_1{font-size:1rem!important}}<\/style><div class=\"w-grid-list\">\t<article class=\"w-grid-item size_1x1 post-2165 post type-post status-publish format-standard hentry category-aktualni-seminare\" data-id=\"2165\">\r\n\t\t<div class=\"w-grid-item-h\">\r\n\t\t\t\t\t\t<h2 class=\"w-post-elm post_title usg_post_title_1 entry-title color_link_inherit\"><a href=\"https:\/\/orpheus.hr\/hr\/kurs-zpivani-praha\/\">Kurs  zp\u00edv\u00e1n\u00ed &#8211; Praha, 13. \u2013 14. 03. 2026.<\/a><\/h2>\t\t<\/div>\r\n\t<\/article>\r\n\t<article class=\"w-grid-item size_1x1 post-2662 post type-post status-publish format-standard has-post-thumbnail hentry category-seminarji category-vijesti\" data-id=\"2662\">\r\n\t\t<div class=\"w-grid-item-h\">\r\n\t\t\t\t\t\t<h2 class=\"w-post-elm post_title usg_post_title_1 entry-title color_link_inherit\"><a href=\"https:\/\/orpheus.hr\/hr\/seminar-petja-kal-pri-hrastniku-20-22-03\/\">Seminar petja, Kal pri Hrastniku, 20. &#8211; 22. 03. 2026.<\/a><\/h2>\t\t<\/div>\r\n\t<\/article>\r\n\t<article class=\"w-grid-item size_1x1 post-3703 post type-post status-publish format-standard has-post-thumbnail hentry category-aktualni-seminari category-vijesti\" data-id=\"3703\">\r\n\t\t<div class=\"w-grid-item-h\">\r\n\t\t\t\t\t\t<div class=\"w-post-elm post_image usg_post_image_1 stretched\"><a href=\"https:\/\/orpheus.hr\/hr\/intenzivni-tjedan-u-njivicama-na-krku-2\/\" aria-label=\"Intenzivni tjedan u Njivicama na Krku, 29.04.2026. \u2013 03.05.2026.\"><img loading=\"lazy\" decoding=\"async\" width=\"600\" height=\"398\" src=\"https:\/\/orpheus.hr\/hr\/wp-content\/uploads\/2017\/02\/njivice-600x398.jpg\" class=\"attachment-us_img_size_1 size-us_img_size_1 wp-post-image\" alt=\"\" srcset=\"https:\/\/orpheus.hr\/hr\/wp-content\/uploads\/2017\/02\/njivice-600x398.jpg 600w, https:\/\/orpheus.hr\/hr\/wp-content\/uploads\/2017\/02\/njivice-300x199.jpg 300w, https:\/\/orpheus.hr\/hr\/wp-content\/uploads\/2017\/02\/njivice-768x509.jpg 768w, https:\/\/orpheus.hr\/hr\/wp-content\/uploads\/2017\/02\/njivice.jpg 800w\" sizes=\"auto, (max-width: 600px) 100vw, 600px\" \/><\/a><\/div><h2 class=\"w-post-elm post_title usg_post_title_1 entry-title color_link_inherit\"><a href=\"https:\/\/orpheus.hr\/hr\/intenzivni-tjedan-u-njivicama-na-krku-2\/\">Intenzivni tjedan u Njivicama na Krku, 29.04.2026. \u2013 03.05.2026.<\/a><\/h2>\t\t<\/div>\r\n\t<\/article>\r\n\t<article class=\"w-grid-item size_1x1 post-3701 post type-post status-publish format-standard has-post-thumbnail hentry category-aktualni-seminare category-aktualni-seminari category-current-seminars category-seminarji category-vijesti tag-svi-zainteresirani-mogu-se-prijaviti-te-zatraziti-dodatne-informacije-na-broj-telefona-091-1714-322-baldo-tonci-mikulic-ili-email-infoorpheus-hr\" data-id=\"3701\">\r\n\t\t<div class=\"w-grid-item-h\">\r\n\t\t\t\t\t\t<div class=\"w-post-elm post_image usg_post_image_1 stretched\"><a href=\"https:\/\/orpheus.hr\/hr\/seminar-pjevanja-u-zagrebu-12-13-12-2025\/\" aria-label=\"Seminar pjevanja u Zagrebu, 12.- 13. 12. 2025.\"><img loading=\"lazy\" decoding=\"async\" width=\"600\" height=\"450\" src=\"https:\/\/orpheus.hr\/hr\/wp-content\/uploads\/2016\/09\/seminar-horvatovac-600x450.jpg\" class=\"attachment-us_img_size_1 size-us_img_size_1 wp-post-image\" alt=\"\" srcset=\"https:\/\/orpheus.hr\/hr\/wp-content\/uploads\/2016\/09\/seminar-horvatovac-600x450.jpg 600w, https:\/\/orpheus.hr\/hr\/wp-content\/uploads\/2016\/09\/seminar-horvatovac-300x225.jpg 300w, https:\/\/orpheus.hr\/hr\/wp-content\/uploads\/2016\/09\/seminar-horvatovac-768x576.jpg 768w, https:\/\/orpheus.hr\/hr\/wp-content\/uploads\/2016\/09\/seminar-horvatovac-1024x768.jpg 1024w, https:\/\/orpheus.hr\/hr\/wp-content\/uploads\/2016\/09\/seminar-horvatovac.jpg 2048w\" sizes=\"auto, (max-width: 600px) 100vw, 600px\" \/><\/a><\/div><h2 class=\"w-post-elm post_title usg_post_title_1 entry-title color_link_inherit\"><a href=\"https:\/\/orpheus.hr\/hr\/seminar-pjevanja-u-zagrebu-12-13-12-2025\/\">Seminar pjevanja u Zagrebu, 12.- 13. 12. 2025.<\/a><\/h2>\t\t<\/div>\r\n\t<\/article>\r\n\t<article class=\"w-grid-item size_1x1 post-23723 post type-post status-publish format-standard hentry category-aktualni-seminare category-aktualni-seminari category-current-seminars category-seminarji\" data-id=\"23723\">\r\n\t\t<div class=\"w-grid-item-h\">\r\n\t\t\t\t\t\t<h2 class=\"w-post-elm post_title usg_post_title_1 entry-title color_link_inherit\"><a href=\"https:\/\/orpheus.hr\/hr\/seminar-u-visokom-bih-27-05-2026-31-05-2026\/\">Seminar u Visokom (BiH): 27.05. 2026. &#8211; 31.05. 2026.<\/a><\/h2>\t\t<\/div>\r\n\t<\/article>\r\n\t<article class=\"w-grid-item size_1x1 post-3707 post type-post status-publish format-standard has-post-thumbnail hentry category-aktualni-seminari category-vijesti\" data-id=\"3707\">\r\n\t\t<div class=\"w-grid-item-h\">\r\n\t\t\t\t\t\t<div class=\"w-post-elm post_image usg_post_image_1 stretched\"><a href=\"https:\/\/orpheus.hr\/hr\/ljetni-seminar-pjevanja\/\" aria-label=\"Ljetni seminar pjevanja, Tisno (Murter), 05. \u2013 11. 07. 2026.\"><img loading=\"lazy\" decoding=\"async\" width=\"650\" height=\"488\" src=\"https:\/\/orpheus.hr\/hr\/wp-content\/uploads\/2013\/10\/12345.jpg\" class=\"attachment-us_img_size_1 size-us_img_size_1 wp-post-image\" alt=\"\" srcset=\"https:\/\/orpheus.hr\/hr\/wp-content\/uploads\/2013\/10\/12345.jpg 650w, https:\/\/orpheus.hr\/hr\/wp-content\/uploads\/2013\/10\/12345-300x225.jpg 300w\" sizes=\"auto, (max-width: 650px) 100vw, 650px\" \/><\/a><\/div><h2 class=\"w-post-elm post_title usg_post_title_1 entry-title color_link_inherit\"><a href=\"https:\/\/orpheus.hr\/hr\/ljetni-seminar-pjevanja\/\">Ljetni seminar pjevanja, Tisno (Murter), 05. \u2013 11. 07. 2026.<\/a><\/h2>\t\t<\/div>\r\n\t<\/article>\r\n\t<article class=\"w-grid-item size_1x1 post-2179 post type-post status-publish format-standard hentry category-aktualni-seminare\" data-id=\"2179\">\r\n\t\t<div class=\"w-grid-item-h\">\r\n\t\t\t\t\t\t<h2 class=\"w-post-elm post_title usg_post_title_1 entry-title color_link_inherit\"><a href=\"https:\/\/orpheus.hr\/hr\/kurs-zpivani-kamenice-nad-lipou\/\">Kurs zp\u00edv\u00e1n\u00ed &#8211; Vyskutn\u00e9 nad Jihlavou, 01. &#8211; 02.03. 2024.<\/a><\/h2>\t\t<\/div>\r\n\t<\/article>\r\n\t<article class=\"w-grid-item size_1x1 post-3507 post type-post status-publish format-standard has-post-thumbnail hentry category-seminarji category-uncategorized\" data-id=\"3507\">\r\n\t\t<div class=\"w-grid-item-h\">\r\n\t\t\t\t\t\t<div class=\"w-post-elm post_image usg_post_image_1 stretched\"><a href=\"https:\/\/orpheus.hr\/hr\/seminar-petja-ljubljana-27-28-09\/\" aria-label=\"Seminar petja, Ljubljana, 12. &#8211; 13.01.2024.\"><img loading=\"lazy\" decoding=\"async\" width=\"600\" height=\"400\" src=\"https:\/\/orpheus.hr\/hr\/wp-content\/uploads\/2018\/12\/ljubljana4-600x400.jpg\" class=\"attachment-us_img_size_1 size-us_img_size_1 wp-post-image\" alt=\"\" srcset=\"https:\/\/orpheus.hr\/hr\/wp-content\/uploads\/2018\/12\/ljubljana4-600x400.jpg 600w, https:\/\/orpheus.hr\/hr\/wp-content\/uploads\/2018\/12\/ljubljana4-300x200.jpg 300w, https:\/\/orpheus.hr\/hr\/wp-content\/uploads\/2018\/12\/ljubljana4-768x512.jpg 768w, https:\/\/orpheus.hr\/hr\/wp-content\/uploads\/2018\/12\/ljubljana4.jpg 1000w\" sizes=\"auto, (max-width: 600px) 100vw, 600px\" \/><\/a><\/div><h2 class=\"w-post-elm post_title usg_post_title_1 entry-title color_link_inherit\"><a href=\"https:\/\/orpheus.hr\/hr\/seminar-petja-ljubljana-27-28-09\/\">Seminar petja, Ljubljana, 12. &#8211; 13.01.2024.<\/a><\/h2>\t\t<\/div>\r\n\t<\/article>\r\n\t<article class=\"w-grid-item size_1x1 post-3740 post type-post status-publish format-standard has-post-thumbnail hentry category-aktualni-seminari category-seminarji\" data-id=\"3740\">\r\n\t\t<div class=\"w-grid-item-h\">\r\n\t\t\t\t\t\t<div class=\"w-post-elm post_image usg_post_image_1 stretched\"><a href=\"https:\/\/orpheus.hr\/hr\/seminar-pjevanja-kal-kod-hrastnika-slo-16-12-2022-18-12-2022\/\" aria-label=\"Seminar pjevanja, Kal kod Hrastnika (SLO), 15.03.2024. \u2013 17.03.2024.\"><img loading=\"lazy\" decoding=\"async\" width=\"600\" height=\"431\" src=\"https:\/\/orpheus.hr\/hr\/wp-content\/uploads\/2017\/02\/Kal-600x431.jpg\" class=\"attachment-us_img_size_1 size-us_img_size_1 wp-post-image\" alt=\"\" srcset=\"https:\/\/orpheus.hr\/hr\/wp-content\/uploads\/2017\/02\/Kal-600x431.jpg 600w, https:\/\/orpheus.hr\/hr\/wp-content\/uploads\/2017\/02\/Kal-300x215.jpg 300w, https:\/\/orpheus.hr\/hr\/wp-content\/uploads\/2017\/02\/Kal.jpg 646w\" sizes=\"auto, (max-width: 600px) 100vw, 600px\" \/><\/a><\/div><h2 class=\"w-post-elm post_title usg_post_title_1 entry-title color_link_inherit\"><a href=\"https:\/\/orpheus.hr\/hr\/seminar-pjevanja-kal-kod-hrastnika-slo-16-12-2022-18-12-2022\/\">Seminar pjevanja, Kal kod Hrastnika (SLO), 15.03.2024. \u2013 17.03.2024.<\/a><\/h2>\t\t<\/div>\r\n\t<\/article>\r\n\t<article class=\"w-grid-item size_1x1 post-3140 post type-post status-publish format-standard has-post-thumbnail hentry category-aktualni-seminari category-current-seminars category-vijesti\" data-id=\"3140\">\r\n\t\t<div class=\"w-grid-item-h\">\r\n\t\t\t\t\t\t<div class=\"w-post-elm post_image usg_post_image_1 stretched\"><a href=\"https:\/\/orpheus.hr\/hr\/14-16-10-2016-ljubljana\/\" aria-label=\"Seminar pjevanja u Ljubljani 12.01. &#8211; 13.01. 2024.\"><img loading=\"lazy\" decoding=\"async\" width=\"399\" height=\"288\" src=\"https:\/\/orpheus.hr\/hr\/wp-content\/uploads\/2014\/02\/werbeck-metoda-pjevanja-11.jpg\" class=\"attachment-us_img_size_1 size-us_img_size_1 wp-post-image\" alt=\"\" srcset=\"https:\/\/orpheus.hr\/hr\/wp-content\/uploads\/2014\/02\/werbeck-metoda-pjevanja-11.jpg 399w, https:\/\/orpheus.hr\/hr\/wp-content\/uploads\/2014\/02\/werbeck-metoda-pjevanja-11-300x217.jpg 300w\" sizes=\"auto, (max-width: 399px) 100vw, 399px\" \/><\/a><\/div><h2 class=\"w-post-elm post_title usg_post_title_1 entry-title color_link_inherit\"><a href=\"https:\/\/orpheus.hr\/hr\/14-16-10-2016-ljubljana\/\">Seminar pjevanja u Ljubljani 12.01. &#8211; 13.01. 2024.<\/a><\/h2>\t\t<\/div>\r\n\t<\/article>\r\n<\/div><div class=\"w-grid-preloader\">\t<div class=\"g-preloader type_1\">\r\n\t\t<div><\/div>\r\n\t<\/div>\r\n\t<\/div>\t<div class=\"w-grid-json hidden\" onclick='return {&quot;action&quot;:&quot;us_ajax_grid&quot;,&quot;ajax_url&quot;:&quot;https:\\\/\\\/orpheus.hr\\\/hr\\\/wp-admin\\\/admin-ajax.php&quot;,&quot;infinite_scroll&quot;:0,&quot;max_num_pages&quot;:15,&quot;pagination&quot;:&quot;none&quot;,&quot;template_vars&quot;:{&quot;columns&quot;:&quot;3&quot;,&quot;exclude_items&quot;:&quot;none&quot;,&quot;img_size&quot;:&quot;us_img_size_1&quot;,&quot;ignore_items_size&quot;:0,&quot;items_layout&quot;:&quot;3835&quot;,&quot;items_offset&quot;:&quot;1&quot;,&quot;load_animation&quot;:&quot;none&quot;,&quot;overriding_link&quot;:&quot;{\\&quot;url\\&quot;:\\&quot;\\&quot;}&quot;,&quot;post_id&quot;:0,&quot;query_args&quot;:{&quot;post_type&quot;:[&quot;post&quot;],&quot;post_status&quot;:[&quot;publish&quot;],&quot;posts_per_page&quot;:&quot;10&quot;},&quot;orderby_query_args&quot;:{&quot;orderby&quot;:{&quot;date&quot;:&quot;DESC&quot;}},&quot;type&quot;:&quot;masonry&quot;,&quot;us_grid_ajax_index&quot;:1,&quot;us_grid_filter_params&quot;:[],&quot;us_grid_index&quot;:1,&quot;_us_grid_post_type&quot;:&quot;post&quot;,&quot;page_args&quot;:[]}}'><\/div>\r\n\t<\/div><\/div><\/div><\/div><\/div><\/section>\n<!-- Facebook Members Plugin by Crunchify: http:\/\/Crunchify.com\/facebook-members\/ -->\n\t\t<div class=\"fb-recommendations-bar\" data-href=\"https:\/\/orpheus.hr\/hr\/citati-o-muzici-2\/\" data-read-time=\"5\" data-side=\"\" data-action=\"like\"><\/div>","protected":false},"excerpt":{"rendered":"Od 12.01., do - 13. 01. 2024.\u00a0 u Waldorfskoj \u0161koli (Streli\u0161ka ul. 12), odr\u017eati \u0107u seminar pjevanja. Seminar pjevanja \u0107e uklju\u010diti vje\u017ebe pjevanja koje se temelje na metodi pjevanja \u201e\u0160kola za otkrivanje glasa\u201c te jednoglasno i vi\u0161eglasno pjevanje. Trajanje seminara: Petak (12. 01.): 18.00-20.45 Sobota (13. 01.): 09.00-11.45 i 13.15-16.00 Cena seminara je 100 \u20ac....","protected":false},"author":2,"featured_media":0,"parent":0,"menu_order":0,"comment_status":"closed","ping_status":"closed","template":"","meta":{"_monsterinsights_skip_tracking":false,"_monsterinsights_sitenote_active":false,"_monsterinsights_sitenote_note":"","_monsterinsights_sitenote_category":0,"_uf_show_specific_survey":0,"_uf_disable_surveys":false,"footnotes":""},"class_list":["post-2852","page","type-page","status-publish","hentry"],"aioseo_notices":[],"_links":{"self":[{"href":"https:\/\/orpheus.hr\/hr\/wp-json\/wp\/v2\/pages\/2852","targetHints":{"allow":["GET"]}}],"collection":[{"href":"https:\/\/orpheus.hr\/hr\/wp-json\/wp\/v2\/pages"}],"about":[{"href":"https:\/\/orpheus.hr\/hr\/wp-json\/wp\/v2\/types\/page"}],"author":[{"embeddable":true,"href":"https:\/\/orpheus.hr\/hr\/wp-json\/wp\/v2\/users\/2"}],"replies":[{"embeddable":true,"href":"https:\/\/orpheus.hr\/hr\/wp-json\/wp\/v2\/comments?post=2852"}],"version-history":[{"count":9,"href":"https:\/\/orpheus.hr\/hr\/wp-json\/wp\/v2\/pages\/2852\/revisions"}],"predecessor-version":[{"id":3836,"href":"https:\/\/orpheus.hr\/hr\/wp-json\/wp\/v2\/pages\/2852\/revisions\/3836"}],"wp:attachment":[{"href":"https:\/\/orpheus.hr\/hr\/wp-json\/wp\/v2\/media?parent=2852"}],"curies":[{"name":"wp","href":"https:\/\/api.w.org\/{rel}","templated":true}]}}