{"id":1974,"date":"2014-02-09T22:09:19","date_gmt":"2013-10-28T13:36:57","guid":{"rendered":"http:\/\/orpheus.hr\/hr\/?page_id=1974"},"modified":"2016-07-02T01:34:20","modified_gmt":"2016-07-02T01:34:20","slug":"prof-baldo-mikulic","status":"publish","type":"page","link":"https:\/\/orpheus.hr\/hr\/prof-baldo-mikulic\/","title":{"rendered":"prof. Baldo Mikuli\u0107"},"content":{"rendered":"<p>Ro\u0111en sam u Ko\u0161arnjem Dolu, malenom selu na poluotoku Pelje\u0161cu, gdje sam proveo prvih osam godina \u017eivota. Tu je bio moj raj i tu sam otkrio ljubav prema glazbi i pjevanju. Kao  dje\u010dak osje\u0107ao sam glazbu duboko u sebi, ali zbog svoje srame\u017eljivosti nisam se usudio nikomu ni re\u0107i a kamoli se upisati u glazbenu \u0161kolu.<\/p>\n<p>Upisao sam studij psihologije u Zadru. Tada nisam znao da  Werbeck pjevanje uop\u0107e postoji. Znao sam da ako \u017eelim studirati ne\u0161to poput Werbeck pjevanja, trebam oti\u0107i izvan Hrvatske, za \u0161to tada nisam imao hrabrosti.<\/p>\n<p>Tijekom studija psihologije u Zadru do\u017eivio sam ratno iskustvo, \u0161to je bilo najbolja \u0161kola koju sam ikada imao. Nakon zavr\u0161etka studija oti\u0161ao sam u Finsku, gdje sam proveo pet i pol godina studiraju\u0107i u  \u201c\u0160koli za otkrivanje glasa\u201d u Lahtiju. Poslije zavr\u0161etka studija upisao sam trogodi\u0161nji Seminar iz terapije pjevanjem Werbeck u Bochumu (Njema\u010dka) i nastavio pou\u010davati pjevanje. U o\u017eujku 2004. godine zavr\u0161io sam Seminar iz terapije pjevanjem Werbeck. Od 1997. godine provodim par mjeseci godi\u0161nje u Association La Branche u \u0160vicarskoj  gdje nastavljam svoj rad s ljudima s posebnim potrebama. U Assotiation La Branche prakticiram pjevanje  i terapiju pjevanjem sa \u0161ti\u0107enicima centra.<\/p>\n<p>U listopadu 2004. godine preselio sam se u Zagreb gdje koristim ste\u010deno znanje i iskustvo u radu s ljudima.<\/p>\n<p>Obrazovanje<\/p>\n<ul>\n<li>Prof. psihologije (Pedago\u0161ki fakultet Rijeka )<\/li>\n<li>U\u010ditelj pjevanja (\u201c\u0160kola za otkrivanje glasa\u201d Lahti, Finska)<\/li>\n<li>Terapeut pjevanjem (\u201cSeminar terapije pjevanjem Werbeck\u201d Bochum, Njema\u010dka)<\/li>\n<\/ul>\n<p>Radno iskustvo<\/p>\n<ul>\n<li>pou\u010dava pjevanje u Sloveniji, Slova\u010dkoj, Republici \u010ce\u0161koj i Hrvatskoj<\/li>\n<li>radio u centru za osobe s pote\u0161ko\u0107ama u razvoju Association La Branche (\u0160vicarska)<\/li>\n<\/ul>\n<!-- Facebook Members Plugin by Crunchify: http:\/\/Crunchify.com\/facebook-members\/ -->\n\t\t<div class=\"fb-recommendations-bar\" data-href=\"https:\/\/orpheus.hr\/hr\/prof-baldo-mikulic\/\" data-read-time=\"5\" data-side=\"\" data-action=\"like\"><\/div>","protected":false},"excerpt":{"rendered":"<p>Ro\u0111en sam u Ko\u0161arnjem Dolu, malenom selu na poluotoku Pelje\u0161cu, gdje sam proveo prvih osam godina \u017eivota. Tu je bio moj raj i tu sam otkrio ljubav prema glazbi i pjevanju. Kao dje\u010dak osje\u0107ao sam glazbu duboko u sebi, ali zbog svoje srame\u017eljivosti nisam se usudio nikomu ni re\u0107i a kamoli se upisati u glazbenu&#8230;<\/p>\n","protected":false},"author":2,"featured_media":0,"parent":0,"menu_order":0,"comment_status":"closed","ping_status":"closed","template":"","meta":{"_monsterinsights_skip_tracking":false,"_monsterinsights_sitenote_active":false,"_monsterinsights_sitenote_note":"","_monsterinsights_sitenote_category":0,"_uf_show_specific_survey":0,"_uf_disable_surveys":false,"footnotes":""},"class_list":["post-1974","page","type-page","status-publish","hentry"],"aioseo_notices":[],"_links":{"self":[{"href":"https:\/\/orpheus.hr\/hr\/wp-json\/wp\/v2\/pages\/1974","targetHints":{"allow":["GET"]}}],"collection":[{"href":"https:\/\/orpheus.hr\/hr\/wp-json\/wp\/v2\/pages"}],"about":[{"href":"https:\/\/orpheus.hr\/hr\/wp-json\/wp\/v2\/types\/page"}],"author":[{"embeddable":true,"href":"https:\/\/orpheus.hr\/hr\/wp-json\/wp\/v2\/users\/2"}],"replies":[{"embeddable":true,"href":"https:\/\/orpheus.hr\/hr\/wp-json\/wp\/v2\/comments?post=1974"}],"version-history":[{"count":1,"href":"https:\/\/orpheus.hr\/hr\/wp-json\/wp\/v2\/pages\/1974\/revisions"}],"predecessor-version":[{"id":3111,"href":"https:\/\/orpheus.hr\/hr\/wp-json\/wp\/v2\/pages\/1974\/revisions\/3111"}],"wp:attachment":[{"href":"https:\/\/orpheus.hr\/hr\/wp-json\/wp\/v2\/media?parent=1974"}],"curies":[{"name":"wp","href":"https:\/\/api.w.org\/{rel}","templated":true}]}}