{"id":1826,"date":"2014-01-27T22:19:19","date_gmt":"2013-10-27T15:35:54","guid":{"rendered":"http:\/\/orpheus.hr\/hr\/?page_id=1826"},"modified":"2016-11-09T04:45:34","modified_gmt":"2016-11-09T04:45:34","slug":"lijecenje-mucanja","status":"publish","type":"page","link":"https:\/\/orpheus.hr\/hr\/lijecenje-mucanja\/","title":{"rendered":"Lije\u010denje mucanja"},"content":{"rendered":"<p><img loading=\"lazy\" decoding=\"async\" class=\"alignleft size-medium wp-image-2010\" src=\"\/hr\/wp-content\/uploads\/2013\/10\/Photoxpress_21721824-300x200.jpg\" alt=\"Lije\u010denje mucanja\" width=\"460\" height=\"334\" \/>Prosje\u010dno jedan posto ljudi u svakoj sredini ima problema s mucanjem, a procjenuje se da ih je u svijetu \u010dak 60 milijuna. Prema definiciji, mucanje se odnosi uglavnom na nenamjeran poreme\u0107aj govora koji se manifestira ponavljanjem rije\u010di ili kad osoba ne mo\u017ee po\u010deti govoriti rije\u010d, govori iskrivljenim slogovima ili produljivanjem govornih zvukova. Mucanje tako\u0111er mo\u017ee biti temporarna (povremena) pojava u stresnim situacijama pri \u010demu se puls ubrzava, javlja se crvenilo, a mi\u0161i\u0107i usana, jezika i lica su poja\u010dano napeti.<\/p>\n<p>Mucanje se \u010desto spominje i kod male djece iako je u tom slu\u010daju naj\u010de\u0161\u0107e rije\u010d o uobi\u010dajenim nete\u010dnostima u govoru koje \u0107e s vremenom nestati. Ovaj oblik nete\u010dnosti se \u010desto naziva fiziolo\u0161kim mucanjem i karakteristi\u010dan je za razdoblje najintenzivnijeg govorno-jezi\u010dnog razvoja.<\/p>\n<p>Stru\u010dnjaci do dana\u0161njih dana nisu prona\u0161li pravi uzrok mucanja, no ono se razmatra s vi\u0161e razli\u010ditih stajali\u0161ta kao \u0161to su genetski, organski i psihosocijalni.<\/p>\n<p>Postavljanje dijagnoze i lije\u010denje u rukama je logopeda te je vrlo \u010desto uspje\u0161no i mo\u017ee se pobijediti. Pa ipak, pjevanje mo\u017ee poslu\u017eiti kao izuzetno korisno \u201epomo\u0107no ljekovito sredstvo\u201ckoje \u0107e logopedi rado preporu\u010diti. Primjerice, poznato je da osobe koje mucaju nemaju tih problema dok pjevaju, me\u0111u njima je i na\u0161 pjeva\u010d Gibonni te jo\u0161 mnogi drugi.<\/p>\n<p>Istra\u017euju\u0107i povezanost mucanja i pjevanja, znanstvenici su do\u0161li od sljede\u0107ih zaklju\u010daka:<\/p>\n<ul>\n<li>na\u0161 mozak tijekom pjevanja funkcionira druga\u010dije nego \u0161to je to slu\u010daj kod govora<\/li>\n<li>pri pjevanju na druga\u010diji na\u010din koristimo glasnice, usne i jezik<\/li>\n<li>tijekom pjevanja ne postoji pritisak zbog vremena ili potrebe za komunikacijom s drugima<\/li>\n<li>pjesme koje pjevamo uglavnom znamo napamet.<\/li>\n<\/ul>\n<p>Neovisno o tome je li rije\u010d o nete\u010dnosti u govoru ili mucanju, sigurno je da vam pjevanje dokazano mo\u017ee pomo\u0107i. Javite nam se na info@orpheus.hr ili 091 1714 322.<\/p>\n<!-- Facebook Members Plugin by Crunchify: http:\/\/Crunchify.com\/facebook-members\/ -->\n\t\t<div class=\"fb-recommendations-bar\" data-href=\"https:\/\/orpheus.hr\/hr\/lijecenje-mucanja\/\" data-read-time=\"5\" data-side=\"\" data-action=\"like\"><\/div>","protected":false},"excerpt":{"rendered":"<p>Prosje\u010dno jedan posto ljudi u svakoj sredini ima problema s mucanjem, a procjenuje se da ih je u svijetu \u010dak 60 milijuna. Prema definiciji, mucanje se odnosi uglavnom na nenamjeran poreme\u0107aj govora koji se manifestira ponavljanjem rije\u010di ili kad osoba ne mo\u017ee po\u010deti govoriti rije\u010d, govori iskrivljenim slogovima ili produljivanjem govornih zvukova. Mucanje tako\u0111er mo\u017ee&#8230;<\/p>\n","protected":false},"author":2,"featured_media":0,"parent":0,"menu_order":0,"comment_status":"closed","ping_status":"closed","template":"","meta":{"_monsterinsights_skip_tracking":false,"_monsterinsights_sitenote_active":false,"_monsterinsights_sitenote_note":"","_monsterinsights_sitenote_category":0,"_uf_show_specific_survey":0,"_uf_disable_surveys":false,"footnotes":""},"class_list":["post-1826","page","type-page","status-publish","hentry"],"aioseo_notices":[],"_links":{"self":[{"href":"https:\/\/orpheus.hr\/hr\/wp-json\/wp\/v2\/pages\/1826","targetHints":{"allow":["GET"]}}],"collection":[{"href":"https:\/\/orpheus.hr\/hr\/wp-json\/wp\/v2\/pages"}],"about":[{"href":"https:\/\/orpheus.hr\/hr\/wp-json\/wp\/v2\/types\/page"}],"author":[{"embeddable":true,"href":"https:\/\/orpheus.hr\/hr\/wp-json\/wp\/v2\/users\/2"}],"replies":[{"embeddable":true,"href":"https:\/\/orpheus.hr\/hr\/wp-json\/wp\/v2\/comments?post=1826"}],"version-history":[{"count":3,"href":"https:\/\/orpheus.hr\/hr\/wp-json\/wp\/v2\/pages\/1826\/revisions"}],"predecessor-version":[{"id":3229,"href":"https:\/\/orpheus.hr\/hr\/wp-json\/wp\/v2\/pages\/1826\/revisions\/3229"}],"wp:attachment":[{"href":"https:\/\/orpheus.hr\/hr\/wp-json\/wp\/v2\/media?parent=1826"}],"curies":[{"name":"wp","href":"https:\/\/api.w.org\/{rel}","templated":true}]}}