{"id":1655,"date":"2013-10-27T16:19:35","date_gmt":"2013-10-21T14:33:16","guid":{"rendered":"http:\/\/orpheus.hr\/hr\/?page_id=1655"},"modified":"2024-01-26T18:35:24","modified_gmt":"2024-01-26T18:35:24","slug":"werbeck-pjevanje","status":"publish","type":"page","link":"https:\/\/orpheus.hr\/hr\/werbeck-pjevanje\/","title":{"rendered":"Werbeck pjevanje"},"content":{"rendered":"<h3>Werbeck pjevanje &#8211; krenimo od imena&#8230;<\/h3>\n<p><img loading=\"lazy\" decoding=\"async\" class=\"alignleft size-full wp-image-2037\" src=\"\/wp-content\/uploads\/2013\/10\/werbeck-pjevanje1.jpg\" alt=\"werbeck-pjevanje\" width=\"399\" height=\"288\" srcset=\"https:\/\/orpheus.hr\/hr\/wp-content\/uploads\/2013\/10\/werbeck-pjevanje1.jpg 399w, https:\/\/orpheus.hr\/hr\/wp-content\/uploads\/2013\/10\/werbeck-pjevanje1-300x217.jpg 300w\" sizes=\"auto, (max-width: 399px) 100vw, 399px\" \/>Pri\u010du o \u201eWerbeck pjevanju\u201c najprije moramo po\u010deti s poja\u0161njenjem terminologije \u2013 iako se izraz \u201eWerbeck pjevanje\u201c ve\u0107 udoma\u0107io u svakodnevnom govoru, moramo naglasiti da on nije to\u010dan, pa ga stoga treba \u010dim manje koristiti. To\u010dno bi bilo re\u0107i \u201epjevanje po na\u010delima \u0160kole za otkrivanje glasa\u201c; duga\u010dko re\u010deno, ali jedino ispravno.<\/p>\n<p>Rije\u010d je vje\u017ebama koje je osmislila \u0161vedska operna pjeva\u010dica <a href=\"http:\/\/orpheus.hr\/hr\/valborg-werbeck-swardstrom\/\">Valborg Werbeck-Sv\u00e4rdstr\u00f6m<\/a>, a koje imaju za cilj <a href=\"http:\/\/orpheus.hr\/hr\/skola-za-otkrivanje-glasa\/\">osloba\u0111anje na\u0161eg glasa<\/a>. Naime, u \u201e\u0160koli za otkrivanje glasa\u201d pjevanje se ne promatra kao rezultat pojedinih organa ili dijelova tijela, ve\u0107 kao izraz cjelokupnog \u010dovjekova bi\u0107a. Glas, me\u0111utim, mo\u017ee biti \u201czato\u010den\u201d zbog fiziolo\u0161kih i drugih prepreka. Zahvaljuju\u0107i pjevanju po na\u010delima \u201e\u0160kole za otkrivanje glasa\u201c takve se prepreke nastoje otkloniti da bi se ono sto je nazo\u010dno u svakom \u010dovjeku otkrilo.<\/p>\n<p>O Valborg, njezinoj suradnji s utemeljiteljem antropozofije Rudolfom Steinerom, <a href=\"http:\/\/orpheus.hr\/hr\/werbeck-pjevanje-nacin-rada\/\">na\u010dinima rada<\/a>\u00a0i <a href=\"http:\/\/orpheus.hr\/hr\/terapija-pjevanjem\/\">terapiji pjevanjem<\/a>, pro\u010ditajte u tekstovima na ovim stranicama.<\/p>\n<!-- Facebook Members Plugin by Crunchify: http:\/\/Crunchify.com\/facebook-members\/ -->\n\t\t<div class=\"fb-recommendations-bar\" data-href=\"https:\/\/orpheus.hr\/hr\/werbeck-pjevanje\/\" data-read-time=\"5\" data-side=\"\" data-action=\"like\"><\/div>","protected":false},"excerpt":{"rendered":"<p>Werbeck pjevanje &#8211; krenimo od imena&#8230; Pri\u010du o \u201eWerbeck pjevanju\u201c najprije moramo po\u010deti s poja\u0161njenjem terminologije \u2013 iako se izraz \u201eWerbeck pjevanje\u201c ve\u0107 udoma\u0107io u svakodnevnom govoru, moramo naglasiti da on nije to\u010dan, pa ga stoga treba \u010dim manje koristiti. To\u010dno bi bilo re\u0107i \u201epjevanje po na\u010delima \u0160kole za otkrivanje glasa\u201c; duga\u010dko re\u010deno, ali jedino&#8230;<\/p>\n","protected":false},"author":2,"featured_media":0,"parent":0,"menu_order":0,"comment_status":"closed","ping_status":"closed","template":"","meta":{"_monsterinsights_skip_tracking":false,"_monsterinsights_sitenote_active":false,"_monsterinsights_sitenote_note":"","_monsterinsights_sitenote_category":0,"_uf_show_specific_survey":0,"_uf_disable_surveys":false,"footnotes":""},"class_list":["post-1655","page","type-page","status-publish","hentry"],"aioseo_notices":[],"_links":{"self":[{"href":"https:\/\/orpheus.hr\/hr\/wp-json\/wp\/v2\/pages\/1655","targetHints":{"allow":["GET"]}}],"collection":[{"href":"https:\/\/orpheus.hr\/hr\/wp-json\/wp\/v2\/pages"}],"about":[{"href":"https:\/\/orpheus.hr\/hr\/wp-json\/wp\/v2\/types\/page"}],"author":[{"embeddable":true,"href":"https:\/\/orpheus.hr\/hr\/wp-json\/wp\/v2\/users\/2"}],"replies":[{"embeddable":true,"href":"https:\/\/orpheus.hr\/hr\/wp-json\/wp\/v2\/comments?post=1655"}],"version-history":[{"count":5,"href":"https:\/\/orpheus.hr\/hr\/wp-json\/wp\/v2\/pages\/1655\/revisions"}],"predecessor-version":[{"id":3803,"href":"https:\/\/orpheus.hr\/hr\/wp-json\/wp\/v2\/pages\/1655\/revisions\/3803"}],"wp:attachment":[{"href":"https:\/\/orpheus.hr\/hr\/wp-json\/wp\/v2\/media?parent=1655"}],"curies":[{"name":"wp","href":"https:\/\/api.w.org\/{rel}","templated":true}]}}