{"id":1570,"date":"2014-02-04T19:14:50","date_gmt":"2013-10-20T13:53:22","guid":{"rendered":"http:\/\/orpheus.hr\/hr\/?page_id=1570"},"modified":"2020-11-26T05:15:29","modified_gmt":"2020-11-26T05:15:29","slug":"edukacija-predmeti-poucavanja","status":"publish","type":"page","link":"https:\/\/orpheus.hr\/hr\/edukacija-predmeti-poucavanja\/","title":{"rendered":"Edukacija &#8211; Predmeti pou\u010davanja"},"content":{"rendered":"<p><img loading=\"lazy\" decoding=\"async\" class=\"alignright size-full wp-image-2959\" src=\"http:\/\/orpheus.hr\/hr\/wp-content\/uploads\/2014\/02\/skolovanje-glasa-300x235-1-300x235.jpg\" alt=\"skolovanje-glasa-300x235\" width=\"300\" height=\"235\" \/><\/p>\n<h3 class=\"headline\"><strong>Werbeck pjevanje &#8211; Predmeti pou\u010davanja<\/strong><\/h3>\n<ul class=\"list-1\">\n<li>Vje\u017ebe za razvoj glasa<\/li>\n<\/ul>\n<p>Individualni satovi<br \/>\nGrupni satovi<\/p>\n<ul class=\"list-1\">\n<li>Pjevanje<\/li>\n<\/ul>\n<p>Solo pjevanje<br \/>\nZborsko pjevanje<\/p>\n<ul class=\"list-1\">\n<li>Rad na knjizi \u201e\u0160kola za otkrivanje glasa\u201c od Valborg Werbeck Sv\u00e4rdstr\u00f6m<\/li>\n<\/ul>\n<ul class=\"list-1\">\n<li>Antropozofija<\/li>\n<\/ul>\n<ul class=\"list-1\">\n<li>Euritmija<\/li>\n<\/ul>\n<ul class=\"list-1\">\n<li>Feldenkrais metoda<\/li>\n<\/ul>\n<ul class=\"list-1\">\n<li>Biografija<\/li>\n<\/ul>\n<ul class=\"list-1\">\n<li>Osnove glazbene teorije<\/li>\n<\/ul>\n<h3>Predava\u010di<\/h3>\n<p>U programu, osim prof. Mikuli\u0107a, sudjeluju i gostuju\u0107i predava\u010di:<\/p>\n<p><strong>Katica Radoni\u0107,<\/strong> dipl. likovni i socijalni terapeut, (zavr\u0161eni studiji zdravstvene pedagogije i socijalne terapije, likovne terapije, studij biografije i karmi\u010dke dijagnostike)<\/p>\n<p><strong>Alen Guca,<\/strong> dipl. jur., dipl. euritmist, waldorfski u\u010ditelj<\/p>\n<p><strong>Hrvoje Marko Vitturi,<\/strong> bacc. Physioth, Feldenkrais pedagog, trener Bones for life, voditelj sistemskih konstalacija<\/p>\n<p><strong>Tihomir Petrovi\u0107,<\/strong> profesor glazbene teorije, pisac<\/p>\n<p><strong>Ratko \u0160imetin,<\/strong> dr.med, antropozofski lije\u010dnik<\/p>\n<p>Tijekom \u0161kolovanja raditi \u0107e se i terapijske vje\u017ebe pjevanja, vje\u017ebe koje produbljuju disanje, vje\u017ebe za pro\u0161irivanje raspona glasa i drugo.<\/p>\n<!-- Facebook Members Plugin by Crunchify: http:\/\/Crunchify.com\/facebook-members\/ -->\n\t\t<div class=\"fb-recommendations-bar\" data-href=\"https:\/\/orpheus.hr\/hr\/edukacija-predmeti-poucavanja\/\" data-read-time=\"5\" data-side=\"\" data-action=\"like\"><\/div>","protected":false},"excerpt":{"rendered":"<p>Werbeck pjevanje &#8211; Predmeti pou\u010davanja Vje\u017ebe za razvoj glasa Individualni satovi Grupni satovi Pjevanje Solo pjevanje Zborsko pjevanje Rad na knjizi \u201e\u0160kola za otkrivanje glasa\u201c od Valborg Werbeck Sv\u00e4rdstr\u00f6m Antropozofija Euritmija Feldenkrais metoda Biografija Osnove glazbene teorije Predava\u010di U programu, osim prof. Mikuli\u0107a, sudjeluju i gostuju\u0107i predava\u010di: Katica Radoni\u0107, dipl. likovni i socijalni terapeut, (zavr\u0161eni&#8230;<\/p>\n","protected":false},"author":2,"featured_media":0,"parent":0,"menu_order":0,"comment_status":"closed","ping_status":"closed","template":"","meta":{"_monsterinsights_skip_tracking":false,"_monsterinsights_sitenote_active":false,"_monsterinsights_sitenote_note":"","_monsterinsights_sitenote_category":0,"_uf_show_specific_survey":0,"_uf_disable_surveys":false,"footnotes":""},"class_list":["post-1570","page","type-page","status-publish","hentry"],"aioseo_notices":[],"_links":{"self":[{"href":"https:\/\/orpheus.hr\/hr\/wp-json\/wp\/v2\/pages\/1570","targetHints":{"allow":["GET"]}}],"collection":[{"href":"https:\/\/orpheus.hr\/hr\/wp-json\/wp\/v2\/pages"}],"about":[{"href":"https:\/\/orpheus.hr\/hr\/wp-json\/wp\/v2\/types\/page"}],"author":[{"embeddable":true,"href":"https:\/\/orpheus.hr\/hr\/wp-json\/wp\/v2\/users\/2"}],"replies":[{"embeddable":true,"href":"https:\/\/orpheus.hr\/hr\/wp-json\/wp\/v2\/comments?post=1570"}],"version-history":[{"count":5,"href":"https:\/\/orpheus.hr\/hr\/wp-json\/wp\/v2\/pages\/1570\/revisions"}],"predecessor-version":[{"id":3568,"href":"https:\/\/orpheus.hr\/hr\/wp-json\/wp\/v2\/pages\/1570\/revisions\/3568"}],"wp:attachment":[{"href":"https:\/\/orpheus.hr\/hr\/wp-json\/wp\/v2\/media?parent=1570"}],"curies":[{"name":"wp","href":"https:\/\/api.w.org\/{rel}","templated":true}]}}