{"id":1555,"date":"2014-02-04T19:09:13","date_gmt":"2013-10-20T13:23:03","guid":{"rendered":"http:\/\/orpheus.hr\/hr\/?page_id=1555"},"modified":"2020-11-26T06:00:19","modified_gmt":"2020-11-26T06:00:19","slug":"skolovanje-glasa","status":"publish","type":"page","link":"https:\/\/orpheus.hr\/hr\/skolovanje-glasa\/","title":{"rendered":"Edukacija &#8211; \u0160kolovanje glasa"},"content":{"rendered":"<p><img loading=\"lazy\" decoding=\"async\" class=\"alignright size-full wp-image-2953\" src=\"http:\/\/orpheus.hr\/hr\/wp-content\/uploads\/2014\/02\/skolovanje-glasa-300x235-300x235.jpg\" alt=\"skolovanje-glasa-300x235\" width=\"300\" height=\"235\" \/><\/p>\n<h3 class=\"headline\">Werbeck pjevanje &#8211; \u0160kolovanje glasa<\/h3>\n<p>&#8220;ORPHEUS \u2013 \u0160kola za otkrivanje glasa\u201c upisuje\u00a0novu generaciju polaznika\u00a0edukacijskog\u00a0programa \u201e\u0160kolovanje glasa po Werbeck metodi\u201c namijenjenog onima koji u svom radu aktivno koriste pjevani glas, ali i svima koji ga op\u0107enito \u017eele bolje koristiti u privatnom ili poslovnom \u017eivotu. Prije svega rije\u010d je o odgajateljima u vrti\u0107ima, u\u010diteljima te profesorima glazbene kulture koji u sklopu rada s djecom aktivno pjevaju, potom managerima u tvrtkama koji odgovaraju\u0107im vje\u017ebama pjevanja mogu pomo\u0107i svojim zaposlenicima u osloba\u0111anju od stresa te postizanju boljih ranih u\u010dinaka te svima koji \u017eele raditi na sebi i koristiti dobrobiti pjevanja za vlastiti razvoj i napredak.<\/p>\n<h3 class=\"headline\">Cilj edukacijskog programa<\/h3>\n<p>Edukacijski program ima za cilj kako otkriti, razviti, odr\u017eati te koristiti pjevaju\u0107i glas u svakodnevnom \u017eivotu i radu. S obzirom da je glas intimni dio svakog \u010dovjeka seminar uklju\u010duje i individualne satove pjevanja. Tijekom \u0161kolovanja raditi \u0107e se i terapijske vje\u017ebe pjevanja, vje\u017ebe koje produbljuju disanje, vje\u017ebe za pro\u0161irivanje raspona glasa i drugo. Obratit \u0107e se veza izme\u0111u faza razvoja glasa i du\u0161evnih sila. Iskustva prikupljena u procesu vje\u017ebanja bit \u0107e popra\u0107ena teorijskim razmatranjima. Program je iskustvenog tipa, a osim predavanja i vje\u017ebi, svaki \u0107e polaznik morati izvr\u0161iti i osobne zadatke. Po zavr\u0161etku edukacije svakom polazniku uru\u010dit \u0107e se potvrda.<\/p>\n<h3 class=\"headline\">Tko stoji iza programa?<\/h3>\n<p>Program je osmislio prof. Baldo Mikuli\u0107, dipl. psiholog te jedini diplomirani u\u010ditelj i terapeut pjevanja po Werbeck metodi u ovom dijelu Europe, a na temelju vi\u0161egodi\u0161njeg iskustva u pou\u010davanju pjevanja pojedinaca i grupa prema metodi \u201e\u0160kole za otkrivanje glasa\u201c u Hrvatskoj, Sloveniji, Kanadi, Slova\u010dkoj, \u010ce\u0161koj te Makedoniji, Srbiji i Kini. Me\u0111u ostalim, profesor Mikuli\u0107 je radio i u centru za osobe s pote\u0161ko\u0107ama u razvoju Association La Branche u \u0160vicarskoj. U edukacijski program uklju\u010deno je i nekoliko gostuju\u0107ih predava\u010da koji pokrivaju specifi\u010dna podru\u010dja rada.<\/p>\n<p><a href=\"http:\/\/orpheus.hr\/hr\/edukacija-predmeti-poucavanja\/\" target=\"_blank\">Predmeti pu\u010davanja i predava\u010di<\/a><\/p>\n<h3 class=\"headline\">Trajanje edukacije<\/h3>\n<p>\u0160kolovanje glasa po Werbeck metodi traje \u010detiri godine te obuhva\u0107a 600 \u0161kolskih sati poduke. Tijekom svake godine odr\u017eava se ukupno \u010detiri susreta u Zagrebu, na adresi Horvatovac 92, svaki u trajanju od \u010detiri do pet dana.<\/p>\n<h3 class=\"headline\">Cijena<\/h3>\n<p>Cijena jedne godine je 950 eura (u kunskoj protuvrijednosti), plativo u \u010detiri rate.<\/p>\n<h3 class=\"headline\">Prijave<\/h3>\n<p>Zainteresirani se trebaju prijaviti mailom ili pismeno (Horvatovac 92, 10.000 Zagreb) nakon \u010dega dobivaju iscrpne informacije o seminaru.<\/p>\n<p>\u017delite li dobili detaljniji uvid u <a href=\"http:\/\/orpheus.hr\/hr\/edukacija-predmeti-poucavanja\/\">predmete pou\u010davanja<\/a>, kao i u na\u010din te metode rada koji \u0107e se sprovoditi tijekom \u0161kolovanja, javite nam se na email info@orpheus.hr ili nazovite broj mobitela 091\/1714 322 (prof. B. Mikuli\u0107).<\/p>\n<h3 class=\"headline\">Dobrodo\u0161li!<\/h3>\n<!-- Facebook Members Plugin by Crunchify: http:\/\/Crunchify.com\/facebook-members\/ -->\n\t\t<div class=\"fb-recommendations-bar\" data-href=\"https:\/\/orpheus.hr\/hr\/skolovanje-glasa\/\" data-read-time=\"5\" data-side=\"\" data-action=\"like\"><\/div>","protected":false},"excerpt":{"rendered":"<p>Werbeck pjevanje &#8211; \u0160kolovanje glasa &#8220;ORPHEUS \u2013 \u0160kola za otkrivanje glasa\u201c upisuje\u00a0novu generaciju polaznika\u00a0edukacijskog\u00a0programa \u201e\u0160kolovanje glasa po Werbeck metodi\u201c namijenjenog onima koji u svom radu aktivno koriste pjevani glas, ali i svima koji ga op\u0107enito \u017eele bolje koristiti u privatnom ili poslovnom \u017eivotu. Prije svega rije\u010d je o odgajateljima u vrti\u0107ima, u\u010diteljima te profesorima glazbene&#8230;<\/p>\n","protected":false},"author":2,"featured_media":0,"parent":0,"menu_order":0,"comment_status":"closed","ping_status":"closed","template":"","meta":{"_monsterinsights_skip_tracking":false,"_monsterinsights_sitenote_active":false,"_monsterinsights_sitenote_note":"","_monsterinsights_sitenote_category":0,"_uf_show_specific_survey":0,"_uf_disable_surveys":false,"footnotes":""},"class_list":["post-1555","page","type-page","status-publish","hentry"],"aioseo_notices":[],"_links":{"self":[{"href":"https:\/\/orpheus.hr\/hr\/wp-json\/wp\/v2\/pages\/1555","targetHints":{"allow":["GET"]}}],"collection":[{"href":"https:\/\/orpheus.hr\/hr\/wp-json\/wp\/v2\/pages"}],"about":[{"href":"https:\/\/orpheus.hr\/hr\/wp-json\/wp\/v2\/types\/page"}],"author":[{"embeddable":true,"href":"https:\/\/orpheus.hr\/hr\/wp-json\/wp\/v2\/users\/2"}],"replies":[{"embeddable":true,"href":"https:\/\/orpheus.hr\/hr\/wp-json\/wp\/v2\/comments?post=1555"}],"version-history":[{"count":12,"href":"https:\/\/orpheus.hr\/hr\/wp-json\/wp\/v2\/pages\/1555\/revisions"}],"predecessor-version":[{"id":3572,"href":"https:\/\/orpheus.hr\/hr\/wp-json\/wp\/v2\/pages\/1555\/revisions\/3572"}],"wp:attachment":[{"href":"https:\/\/orpheus.hr\/hr\/wp-json\/wp\/v2\/media?parent=1555"}],"curies":[{"name":"wp","href":"https:\/\/api.w.org\/{rel}","templated":true}]}}