{"id":1534,"date":"2014-02-04T18:38:20","date_gmt":"2013-10-20T12:47:46","guid":{"rendered":"http:\/\/orpheus.hr\/hr\/?page_id=1534"},"modified":"2024-01-31T21:04:06","modified_gmt":"2024-01-31T21:04:06","slug":"werbeck-pjevanje-nacin-rada","status":"publish","type":"page","link":"https:\/\/orpheus.hr\/hr\/werbeck-pjevanje-nacin-rada\/","title":{"rendered":"Na\u010din rada"},"content":{"rendered":"<section class=\"l-section wpb_row height_medium\"><div class=\"l-section-h i-cf\"><div class=\"g-cols vc_row via_grid cols_2 laptops-cols_inherit tablets-cols_inherit mobiles-cols_1 valign_top type_default stacking_default\"><div class=\"wpb_column vc_column_container\"><div class=\"vc_column-inner\"><div class=\"wpb_text_column\"><div class=\"wpb_wrapper\"><p><img loading=\"lazy\" decoding=\"async\" class=\"aligncenter size-full wp-image-1543\" src=\"http:\/\/orpheus.hr\/hr\/wp-content\/uploads\/2013\/10\/terapija-pjevanjem.jpg\" alt=\"Terapija pjevanjem 191011\" width=\"300\" height=\"215\" \/><\/p>\n<\/div><\/div><\/div><\/div><div class=\"wpb_column vc_column_container\"><div class=\"vc_column-inner\"><div class=\"wpb_text_column\"><div class=\"wpb_wrapper\"><h3 class=\"headline\">Werbeck terapija pjevanjem &#8211; Individualni sat<\/h3>\n<p>Individualni sat omogu\u0107ava ljudima da otkriju da i oni mogu pjevati (za one koji misle da \u201cnemaju glasa\u201d ili da ne mogu pjevati), u\u010di ih kako da od samih sebe naprave instrument i kako da bolje pjevaju (oni koji ve\u0107 pjevaju), osloba\u0111aju\u0107i glas od smetnji i prepreka koje se obi\u010dno \u201csteknu\u201d odgojem, obrazovanjem, imitacijom drugih i lo\u0161ih navika. Sat se obi\u010dno sastoji od vje\u017ebi pjevanja i pjevanja pjesme (ili pjesama), me\u0111utim kao \u0161to je svaki pojedinac razli\u010dit, tako je razli\u010dit i svaki sat. Vi\u0161e o terapiji pjevanjem doznajte <a href=\"http:\/\/orpheus.hr\/hr\/terapija-pjevanjem\/\">ovdje<\/a>.<\/p>\n<\/div><\/div><\/div><\/div><\/div><\/div><\/section><section class=\"l-section wpb_row height_medium\"><div class=\"l-section-h i-cf\"><div class=\"g-cols vc_row via_grid cols_2 laptops-cols_inherit tablets-cols_inherit mobiles-cols_1 valign_top type_default stacking_default\"><div class=\"wpb_column vc_column_container\"><div class=\"vc_column-inner\"><div class=\"wpb_text_column\"><div class=\"wpb_wrapper\"><h3 class=\"headline\">Werbeck terapija pjevanjem &#8211; Grupni sat<\/h3>\n<p>Pjevanje je na\u010din koji zbli\u017euje ljude. Pjevanje u grupi stvara zajedni\u010dki zvuk. Uz primarni cilj osloba\u0111anja glasa kod grupnog pjevanja pa\u017enja se tako\u0111er posve\u0107uje razvoju slu\u0161anja. Vje\u017ebanjem slu\u0161anja u grupi stvara se jedan zajedni\u010dki zvuk s kvalitetom koja se mo\u017ee uzeti kao vodilja za samostalno vje\u017ebanje (zajedni\u010dki zvuk dvoje ili vi\u0161e ljudi obi\u010dno je mnogo bogatiji nego zvuk pojedinca). Grupni se sat sastoji od vje\u017ebi pjevanja i pjesama. Ustojstvo i du\u017eina grupnog sata posebno su prilago\u0111eni za svaku grupu.<\/p>\n<\/div><\/div><\/div><\/div><div class=\"wpb_column vc_column_container\"><div class=\"vc_column-inner\"><div class=\"wpb_text_column\"><div class=\"wpb_wrapper\"><p><img loading=\"lazy\" decoding=\"async\" class=\"aligncenter size-full wp-image-2483\" src=\"http:\/\/orpheus.hr\/hr\/wp-content\/uploads\/2015\/05\/skolovanje-glasa-300x235.jpg\" alt=\"skolovanje-glasa-300x235\" width=\"300\" height=\"235\" \/><\/p>\n<\/div><\/div><\/div><\/div><\/div><\/div><\/section><section class=\"l-section wpb_row height_medium\"><div class=\"l-section-h i-cf\"><div class=\"g-cols vc_row via_grid cols_1 laptops-cols_inherit tablets-cols_inherit mobiles-cols_1 valign_top type_default stacking_default\"><div class=\"wpb_column vc_column_container\"><div class=\"vc_column-inner\"><div class=\"wpb_text_column\"><div class=\"wpb_wrapper\"><h3 class=\"headline\">Werbeck terapija pjevanjem &#8211; Vikend te\u010daj<\/h3>\n<p>Tijekom vikend-te\u010daja polaznik mo\u017ee otkriti nove mogu\u0107nosti za razvoj vlastitog glasa. Te\u010daj zapo\u010dinje petkom popodne. Rad tijekom subote podijeljen je u jutarnji i popodnevni blok. Te\u010daj zavr\u0161ava u nedjelju. Pregled aktualnih vikend te\u010dajeva potra\u017eite na <a href=\"http:\/\/orpheus.hr\/hr\/category\/aktualni-seminari\/\">ovim stranicama<\/a>.<\/p>\n<h3 class=\"headline\">Werbeck terapija pjevanjem &#8211; Intenzivni tjedan<\/h3>\n<p>Tijekom intenzivnog tjedna rad s grupom odvija se dva puta na dan. Cilj je da se svaki polaznik dublje pove\u017ee sa svojim glasom. Du\u017eina te\u010daja omogu\u0107ava da se ide dublje u stvaranje instrumenta od sebe samih, da se vlastiti glas bolje upozna kao i na\u010din na koji bi ga mogao lak\u0161e i bolje koristiti. Pa\u017enja se tako\u0111er pridaje slu\u0161anju drugih u grupi. Tjedni rad uglavnom je usredoto\u010den na vje\u017ebe pjevanja Werbeck i na pjevanje vi\u0161eglasnih pjesama. Individualni satovi daju se na upit.<\/p>\n<\/div><\/div><\/div><\/div><\/div><\/div><\/section>\n<!-- Facebook Members Plugin by Crunchify: http:\/\/Crunchify.com\/facebook-members\/ -->\n\t\t<div class=\"fb-recommendations-bar\" data-href=\"https:\/\/orpheus.hr\/hr\/werbeck-pjevanje-nacin-rada\/\" data-read-time=\"5\" data-side=\"\" data-action=\"like\"><\/div>","protected":false},"excerpt":{"rendered":"Werbeck terapija pjevanjem &#8211; Individualni sat Individualni sat omogu\u0107ava ljudima da otkriju da i oni mogu pjevati (za one koji misle da \u201cnemaju glasa\u201d ili da ne mogu pjevati), u\u010di ih kako da od samih sebe naprave instrument i kako da bolje pjevaju (oni koji ve\u0107 pjevaju), osloba\u0111aju\u0107i glas od smetnji i prepreka koje se...","protected":false},"author":2,"featured_media":0,"parent":0,"menu_order":0,"comment_status":"closed","ping_status":"closed","template":"","meta":{"_monsterinsights_skip_tracking":false,"_monsterinsights_sitenote_active":false,"_monsterinsights_sitenote_note":"","_monsterinsights_sitenote_category":0,"_uf_show_specific_survey":0,"_uf_disable_surveys":false,"footnotes":""},"class_list":["post-1534","page","type-page","status-publish","hentry"],"aioseo_notices":[],"_links":{"self":[{"href":"https:\/\/orpheus.hr\/hr\/wp-json\/wp\/v2\/pages\/1534","targetHints":{"allow":["GET"]}}],"collection":[{"href":"https:\/\/orpheus.hr\/hr\/wp-json\/wp\/v2\/pages"}],"about":[{"href":"https:\/\/orpheus.hr\/hr\/wp-json\/wp\/v2\/types\/page"}],"author":[{"embeddable":true,"href":"https:\/\/orpheus.hr\/hr\/wp-json\/wp\/v2\/users\/2"}],"replies":[{"embeddable":true,"href":"https:\/\/orpheus.hr\/hr\/wp-json\/wp\/v2\/comments?post=1534"}],"version-history":[{"count":12,"href":"https:\/\/orpheus.hr\/hr\/wp-json\/wp\/v2\/pages\/1534\/revisions"}],"predecessor-version":[{"id":3809,"href":"https:\/\/orpheus.hr\/hr\/wp-json\/wp\/v2\/pages\/1534\/revisions\/3809"}],"wp:attachment":[{"href":"https:\/\/orpheus.hr\/hr\/wp-json\/wp\/v2\/media?parent=1534"}],"curies":[{"name":"wp","href":"https:\/\/api.w.org\/{rel}","templated":true}]}}