{"id":1524,"date":"2014-02-04T18:25:02","date_gmt":"2013-10-18T21:58:51","guid":{"rendered":"http:\/\/orpheus.hr\/hr\/?page_id=1524"},"modified":"2016-07-01T11:12:10","modified_gmt":"2016-07-01T11:12:10","slug":"skola-za-otkrivanje-glasa","status":"publish","type":"page","link":"https:\/\/orpheus.hr\/hr\/skola-za-otkrivanje-glasa\/","title":{"rendered":"Metoda pjevanja"},"content":{"rendered":"<h3 class=\"headline\">Werbeck pjevanje<\/h3>\n<p><img loading=\"lazy\" decoding=\"async\" class=\"alignleft size-full wp-image-2031\" src=\"\/hr\/wp-content\/uploads\/2013\/10\/werbeck-metoda-pjevanja-11.jpg\" alt=\"werbeck-metoda-pjevanja-1\" width=\"399\" height=\"288\" srcset=\"https:\/\/orpheus.hr\/hr\/wp-content\/uploads\/2013\/10\/werbeck-metoda-pjevanja-11.jpg 399w, https:\/\/orpheus.hr\/hr\/wp-content\/uploads\/2013\/10\/werbeck-metoda-pjevanja-11-300x217.jpg 300w\" sizes=\"auto, (max-width: 399px) 100vw, 399px\" \/>Kao \u0161to se razli\u010dite vrste biljaka nastaju iz susreta arhetipa biljke s tlom, tako se i ljudski glasovi stvaraju u susretu arhetipa glasa sa svojim zemaljskim nosiocem &#8211; ljudskom tjelesno\u0161\u0107u. Jedna od osnovnih pogre\u0161ki koje prevladavaju u mnogim tehnikama za \u0161kolovanje glasa jest \u0161to se glas poima kao proizvod visoko organizirane materije, tj, kao stvar.<\/p>\n<p>Me\u0111utim visoko organizirana materija nije ona koja stvara glas ve\u0107 se glas (po svojoj prirodi nematerijalan), manifestira preko nje. Nevidljivi unutra\u0161nji impuls, prolaze\u0107i kroz tjelesnost omogu\u0107uje nam da otkrijemo efekte koji ne bi nastali od tjelesnosti same.<\/p>\n<h3 class=\"headline\">Osloba\u0111anje glasa<\/h3>\n<p>U &#8220;\u0160koli za otkrivanje glasa\u201d pjevanje se ne promatra kao rezultat pojedinih organa ili dijelova tijela, ve\u0107 kao izraz cjelokupnog \u010dovjekova bi\u0107a. Glas, me\u0111utim, mo\u017ee biti &#8220;zato\u010den&#8221; zbog fiziolo\u0161kih i drugih prepreka. Kod Werbeck metode pjevanja takve se prepreke nastoje otkloniti da bi se ono sto je nazo\u010dno u svakom \u010dovjeku otkrilo.<\/p>\n<p>\u201cOvdje nailazimo na glavnu pogre\u0161ku u dana\u0161njem pou\u010davanju pjevanja: ljudski glas ne treba trenirati, on je ve\u0107 tu, zavr\u0161en i savr\u0161en kao cjelina. Ono na \u0161to glas \u010deka jest osloba\u0111anje. Trebamo govoriti o osloba\u0111anju glasa ili, jo\u0161 to\u010dnije, o otkrivanju glasa a ne o treniranju glasa. Sav rad, sva nastojanja u\/prema onome \u0161to se naziva \u0161kolovanje glasa u osnovi je ni\u0161ta drugo do osloba\u0111anje glasa, odstranjivanje smetnji\/zapreka koje ne dopu\u0161taju da glas zazvu\u010di u svojoj punini.\u201d govorila je Werbeck<\/p>\n<h3 class=\"headline\">Tijelo kao instrument<\/h3>\n<p><img loading=\"lazy\" decoding=\"async\" class=\"alignright size-full wp-image-2032\" src=\"\/hr\/wp-content\/uploads\/2013\/10\/werbeck-metoda-pjevanja1.jpg\" alt=\"werbeck-metoda-pjevanja\" width=\"399\" height=\"288\" srcset=\"https:\/\/orpheus.hr\/hr\/wp-content\/uploads\/2013\/10\/werbeck-metoda-pjevanja1.jpg 399w, https:\/\/orpheus.hr\/hr\/wp-content\/uploads\/2013\/10\/werbeck-metoda-pjevanja1-300x217.jpg 300w\" sizes=\"auto, (max-width: 399px) 100vw, 399px\" \/>Sve \u0161to u\u010ditelj pjevanja ili pjeva\u010d mo\u017ee napraviti jest stvoriti uvjete u kojima se glas mo\u017ee pojaviti. Ljepota tona ovisi o tome koliko netko uspije od svoga tijela napraviti instrument propusan za zvuk. Tonovi \u0107e zvu\u010dati lijepo kad ni\u0161ta u tijelu ne spre\u010dava zvuk da protje\u010de nesmetano. Tonovi \u0107e zvu\u010dati lo\u0161e kad tijelo \u201czadr\u017eava\/dr\u017ei\u201d zvuk, kad je zvuk \u201cuhva\u0107en\u201d u svom protjecanju.<\/p>\n<p>Iako je \u201c\u0160kola za otkrivanje glasa\u201d uglavnom usmjerena na umjetni\u010dki i pedago\u0161ki rad, potpunija slika o njoj stje\u010de uzimanjem u obzir i perspektive koju pru\u017ea terapijskom primjenom.<\/p>\n<!-- Facebook Members Plugin by Crunchify: http:\/\/Crunchify.com\/facebook-members\/ -->\n\t\t<div class=\"fb-recommendations-bar\" data-href=\"https:\/\/orpheus.hr\/hr\/skola-za-otkrivanje-glasa\/\" data-read-time=\"5\" data-side=\"\" data-action=\"like\"><\/div>","protected":false},"excerpt":{"rendered":"<p>Werbeck pjevanje Kao \u0161to se razli\u010dite vrste biljaka nastaju iz susreta arhetipa biljke s tlom, tako se i ljudski glasovi stvaraju u susretu arhetipa glasa sa svojim zemaljskim nosiocem &#8211; ljudskom tjelesno\u0161\u0107u. Jedna od osnovnih pogre\u0161ki koje prevladavaju u mnogim tehnikama za \u0161kolovanje glasa jest \u0161to se glas poima kao proizvod visoko organizirane materije, tj,&#8230;<\/p>\n","protected":false},"author":2,"featured_media":0,"parent":0,"menu_order":0,"comment_status":"closed","ping_status":"closed","template":"","meta":{"_monsterinsights_skip_tracking":false,"_monsterinsights_sitenote_active":false,"_monsterinsights_sitenote_note":"","_monsterinsights_sitenote_category":0,"_uf_show_specific_survey":0,"_uf_disable_surveys":false,"footnotes":""},"class_list":["post-1524","page","type-page","status-publish","hentry"],"aioseo_notices":[],"_links":{"self":[{"href":"https:\/\/orpheus.hr\/hr\/wp-json\/wp\/v2\/pages\/1524","targetHints":{"allow":["GET"]}}],"collection":[{"href":"https:\/\/orpheus.hr\/hr\/wp-json\/wp\/v2\/pages"}],"about":[{"href":"https:\/\/orpheus.hr\/hr\/wp-json\/wp\/v2\/types\/page"}],"author":[{"embeddable":true,"href":"https:\/\/orpheus.hr\/hr\/wp-json\/wp\/v2\/users\/2"}],"replies":[{"embeddable":true,"href":"https:\/\/orpheus.hr\/hr\/wp-json\/wp\/v2\/comments?post=1524"}],"version-history":[{"count":2,"href":"https:\/\/orpheus.hr\/hr\/wp-json\/wp\/v2\/pages\/1524\/revisions"}],"predecessor-version":[{"id":2930,"href":"https:\/\/orpheus.hr\/hr\/wp-json\/wp\/v2\/pages\/1524\/revisions\/2930"}],"wp:attachment":[{"href":"https:\/\/orpheus.hr\/hr\/wp-json\/wp\/v2\/media?parent=1524"}],"curies":[{"name":"wp","href":"https:\/\/api.w.org\/{rel}","templated":true}]}}