{"id":1515,"date":"2013-10-27T16:26:23","date_gmt":"2013-10-18T21:39:31","guid":{"rendered":"http:\/\/orpheus.hr\/hr\/?page_id=1515"},"modified":"2016-07-01T11:02:04","modified_gmt":"2016-07-01T11:02:04","slug":"valborg-werbeck-swardstrom","status":"publish","type":"page","link":"https:\/\/orpheus.hr\/hr\/valborg-werbeck-swardstrom\/","title":{"rendered":"Valborg Werbeck-Sv\u00e4rdstr\u00f6m"},"content":{"rendered":"<h3 class=\"headline\">Va\u017enost glazbe i pjevanja<\/h3>\n<p><img loading=\"lazy\" decoding=\"async\" class=\"wp-image-110 image-left alignleft\"  alt=\"werbeck\" src=\"\/hr\/wp-content\/uploads\/2013\/10\/werbeck.jpg\"  height=\"150\" width=\"239\" \/> Valborg Sv\u00e4rdstr\u00f6m (udana Werbeck-Sv\u00e4rdstr\u00f6m)  ro\u0111ena je na sjeveru \u0160vedske 1879. godine. Od najranijeg djetinjstva ona je pjevala. Nije poznavala probleme u pjevanju, ni kod najvi\u0161ih tonova (A\u2019\u2019\u2019),  ni kod najni\u017eih. Te\u0161ko\u0107e disanja za nju nisu postojale, koloratura je do\u0161la sama po sebi.  \u201cPjevanje je jednostavno bilo ne\u0161to moje. Nisam mogla shvatiti kako ljudi mogu promuknuti ili umoriti se pjevanjem. Za mene je pjevanje bilo najizravniji izraz moga bezbri\u017enog dje\u010djeg bi\u0107a ,\u201d Werbeck.<\/p>\n<p>S petnaest godina upisala se na Kraljevsku glazbenu akademiju u Stocholmu. Pri pjevanju uobi\u010dajenih vje\u017ebi s vremenom je po\u010dela osje\u0107ati neugodu. Taj je osje\u0107aj rastao tijekom \u0161kolovanja. Dobila je infekciju vratnih \u017elijezda. Lije\u010dnici nisu mogli na\u0107i uzrok tomu, ali je ta infekcija postupno po\u010dela \u0161koditi njezinu pjevanju. Problemi su rasli, visoki tonovi  tre\u0107e oktave po\u010deli su se gubiti. Usprkos tim problemima, u dvadeset prvoj godini postala je \u010dlan Kraljevske opere u Stocholmu.<\/p>\n<p>U svojoj dvadeset petoj godini dobila je paralizu glasnica. Njezin je glas utihnuo. S obzirom na to da na svojim turnejama kroz Francusku, Italiju i Njema\u010dku nije prona\u0161la novi, zdraviji na\u010din pjevanja, po\u010dela je razvijati vlastiti pristup fenomenu glasa, razra\u0111uju\u0107i vje\u017ebe pomo\u0107u kojih je postupno povratila svoj glas. Iz tih vje\u017ebi nastavila je razvijati svoju metodu pjevanja i ponovno je mogla preuzeti ulogu operne pjeva\u010dice. Veliki su zahtjevi bili postavljeni pred njen glas. Mogla ih je ispuniti samo vje\u017ebaju\u0107i prema svojim novim pristupu pjevanju. Iako je bila  vrlo poznata i priznata pjeva\u010dica, na vrhuncu karijere imala je samo jedan cilj: zavr\u0161iti karijeru i osnovati novu \u0161kolu pjevanja, \u201c\u0160kolu za otkrivanje glasa\u201d.<\/p>\n<p>Godine 1912. srela je dr. Rudolfa Steinera koji ju je potpomogao u njezinu radu. Njihova suradnja (1912-1924), dovela je do priznavanja \u201c\u0160kole za otkrivanje glasa\u201d kao ispravnog puta u \u0161kolovanju glasa. Tijekom rada u centrima za osobe s pote\u0161ko\u0107ama u razvoju postavila je osnove za terapijsku primjenu &#8220;\u0160kole za otkrivanje glasa&#8221;. Ovo pionirsko djelo nosila je predano do kraja svog \u017eivota.<\/p>\n<p>&nbsp;<\/p>\n<!-- Facebook Members Plugin by Crunchify: http:\/\/Crunchify.com\/facebook-members\/ -->\n\t\t<div class=\"fb-recommendations-bar\" data-href=\"https:\/\/orpheus.hr\/hr\/valborg-werbeck-swardstrom\/\" data-read-time=\"5\" data-side=\"\" data-action=\"like\"><\/div>","protected":false},"excerpt":{"rendered":"<p>Va\u017enost glazbe i pjevanja Valborg Sv\u00e4rdstr\u00f6m (udana Werbeck-Sv\u00e4rdstr\u00f6m) ro\u0111ena je na sjeveru \u0160vedske 1879. godine. Od najranijeg djetinjstva ona je pjevala. Nije poznavala probleme u pjevanju, ni kod najvi\u0161ih tonova (A\u2019\u2019\u2019), ni kod najni\u017eih. Te\u0161ko\u0107e disanja za nju nisu postojale, koloratura je do\u0161la sama po sebi. \u201cPjevanje je jednostavno bilo ne\u0161to moje. Nisam mogla shvatiti&#8230;<\/p>\n","protected":false},"author":2,"featured_media":0,"parent":0,"menu_order":0,"comment_status":"closed","ping_status":"closed","template":"","meta":{"_monsterinsights_skip_tracking":false,"_monsterinsights_sitenote_active":false,"_monsterinsights_sitenote_note":"","_monsterinsights_sitenote_category":0,"_uf_show_specific_survey":0,"_uf_disable_surveys":false,"footnotes":""},"class_list":["post-1515","page","type-page","status-publish","hentry"],"aioseo_notices":[],"_links":{"self":[{"href":"https:\/\/orpheus.hr\/hr\/wp-json\/wp\/v2\/pages\/1515","targetHints":{"allow":["GET"]}}],"collection":[{"href":"https:\/\/orpheus.hr\/hr\/wp-json\/wp\/v2\/pages"}],"about":[{"href":"https:\/\/orpheus.hr\/hr\/wp-json\/wp\/v2\/types\/page"}],"author":[{"embeddable":true,"href":"https:\/\/orpheus.hr\/hr\/wp-json\/wp\/v2\/users\/2"}],"replies":[{"embeddable":true,"href":"https:\/\/orpheus.hr\/hr\/wp-json\/wp\/v2\/comments?post=1515"}],"version-history":[{"count":3,"href":"https:\/\/orpheus.hr\/hr\/wp-json\/wp\/v2\/pages\/1515\/revisions"}],"predecessor-version":[{"id":2928,"href":"https:\/\/orpheus.hr\/hr\/wp-json\/wp\/v2\/pages\/1515\/revisions\/2928"}],"wp:attachment":[{"href":"https:\/\/orpheus.hr\/hr\/wp-json\/wp\/v2\/media?parent=1515"}],"curies":[{"name":"wp","href":"https:\/\/api.w.org\/{rel}","templated":true}]}}