{"id":3144,"date":"2016-09-20T16:19:27","date_gmt":"2016-09-20T16:19:27","guid":{"rendered":"http:\/\/orpheus.hr\/cz\/?page_id=3144"},"modified":"2024-02-06T19:51:30","modified_gmt":"2024-02-06T19:51:30","slug":"aktualni-seminare","status":"publish","type":"page","link":"https:\/\/orpheus.hr\/cz\/aktualni-seminare\/","title":{"rendered":"Aktu\u00e1ln\u00ed semin\u00e1\u0159e"},"content":{"rendered":"<section class=\"l-section wpb_row height_large\"><div class=\"l-section-h i-cf\"><div class=\"g-cols vc_row via_grid cols_1 laptops-cols_inherit tablets-cols_inherit mobiles-cols_1 valign_top type_default stacking_default\"><div class=\"wpb_column vc_column_container\"><div class=\"vc_column-inner\"><div class=\"w-grid type_masonry layout_3338 cols_3 with_isotope\" id=\"us_grid_1\" style=\"--gap:4px;\" data-filterable=\"true\"><style>@media (max-width:-1px){#us_grid_1 .w-grid-item{width:50%}}@media (max-width:-1px){#us_grid_1 .w-grid-list{margin:0}#us_grid_1 .w-grid-item{width:100%;padding:0;margin-bottom:var(--gap,0px)}}.layout_3338 .w-grid-item-h{}.layout_3338 .usg_post_image_1{margin-bottom:0.5rem!important}.layout_3338 .usg_post_title_1{font-size:1rem!important}@media (min-width:1025px) and (max-width:1380px){.layout_3338 .usg_post_image_1{margin-bottom:0.5rem!important}.layout_3338 .usg_post_title_1{font-size:1rem!important}}@media (min-width:601px) and (max-width:1024px){.layout_3338 .usg_post_image_1{margin-bottom:0.5rem!important}.layout_3338 .usg_post_title_1{font-size:1rem!important}}@media (max-width:600px){.layout_3338 .usg_post_image_1{margin-bottom:0.5rem!important}.layout_3338 .usg_post_title_1{font-size:1rem!important}}<\/style><div class=\"w-grid-list\">\t<article class=\"w-grid-item size_1x1 post-3239 post type-post status-publish format-standard has-post-thumbnail hentry category-aktualni-seminare\" data-id=\"3239\">\r\n\t\t<div class=\"w-grid-item-h\">\r\n\t\t\t\t\t\t<div class=\"w-post-elm post_image usg_post_image_1 stretched\"><a href=\"https:\/\/orpheus.hr\/cz\/kurs-zpivani-podle-metody-pani-werbeck-patek-04-sobota-05-03-2022-kosice\/\" aria-label=\"Kurs zp\u00edv\u00e1n\u00ed podle metody pan\u00ed Werbeck, 15.11.2025.\u00a0 &#8211; 16.11.2025., Ko\u0161ice\"><img loading=\"lazy\" decoding=\"async\" width=\"600\" height=\"399\" src=\"https:\/\/orpheus.hr\/cz\/wp-content\/uploads\/2018\/01\/pexels-photo-414181-600x399.jpeg\" class=\"attachment-us_img_size_1 size-us_img_size_1 wp-post-image\" alt=\"\" srcset=\"https:\/\/orpheus.hr\/cz\/wp-content\/uploads\/2018\/01\/pexels-photo-414181-600x400.jpeg 600w, https:\/\/orpheus.hr\/cz\/wp-content\/uploads\/2018\/01\/pexels-photo-414181-300x200.jpeg 300w, https:\/\/orpheus.hr\/cz\/wp-content\/uploads\/2018\/01\/pexels-photo-414181.jpeg 640w\" sizes=\"(max-width: 600px) 100vw, 600px\" \/><\/a><\/div><h2 class=\"w-post-elm post_title usg_post_title_1 entry-title color_link_inherit\"><a href=\"https:\/\/orpheus.hr\/cz\/kurs-zpivani-podle-metody-pani-werbeck-patek-04-sobota-05-03-2022-kosice\/\">Kurs zp\u00edv\u00e1n\u00ed podle metody pan\u00ed Werbeck, 15.11.2025.\u00a0 &#8211; 16.11.2025., Ko\u0161ice<\/a><\/h2>\t\t<\/div>\r\n\t<\/article>\r\n\t<article class=\"w-grid-item size_1x1 post-3195 post type-post status-publish format-standard has-post-thumbnail hentry category-aktualni-seminare\" data-id=\"3195\">\r\n\t\t<div class=\"w-grid-item-h\">\r\n\t\t\t\t\t\t<div class=\"w-post-elm post_image usg_post_image_1 stretched\"><a href=\"https:\/\/orpheus.hr\/cz\/bratislava-15-16-02-2019\/\" aria-label=\"Bratislava, 14.11.2025. &#8211; 15.11.2025.\"><img loading=\"lazy\" decoding=\"async\" width=\"600\" height=\"315\" src=\"https:\/\/orpheus.hr\/cz\/wp-content\/uploads\/2018\/01\/Bratislava-600x315.jpg\" class=\"attachment-us_img_size_1 size-us_img_size_1 wp-post-image\" alt=\"\" srcset=\"https:\/\/orpheus.hr\/cz\/wp-content\/uploads\/2018\/01\/Bratislava-600x315.jpg 600w, https:\/\/orpheus.hr\/cz\/wp-content\/uploads\/2018\/01\/Bratislava-300x158.jpg 300w, https:\/\/orpheus.hr\/cz\/wp-content\/uploads\/2018\/01\/Bratislava-768x403.jpg 768w, https:\/\/orpheus.hr\/cz\/wp-content\/uploads\/2018\/01\/Bratislava-1024x538.jpg 1024w, https:\/\/orpheus.hr\/cz\/wp-content\/uploads\/2018\/01\/Bratislava.jpg 1200w\" sizes=\"(max-width: 600px) 100vw, 600px\" \/><\/a><\/div><h2 class=\"w-post-elm post_title usg_post_title_1 entry-title color_link_inherit\"><a href=\"https:\/\/orpheus.hr\/cz\/bratislava-15-16-02-2019\/\">Bratislava, 14.11.2025. &#8211; 15.11.2025.<\/a><\/h2>\t\t<\/div>\r\n\t<\/article>\r\n\t<article class=\"w-grid-item size_1x1 post-3250 post type-post status-publish format-standard has-post-thumbnail hentry category-aktualni-seminare\" data-id=\"3250\">\r\n\t\t<div class=\"w-grid-item-h\">\r\n\t\t\t\t\t\t<div class=\"w-post-elm post_image usg_post_image_1 stretched\"><a href=\"https:\/\/orpheus.hr\/cz\/kurs-zpivani-podle-metody-pani-werbeck-patek-25-03-2022-nedele-27-03-2022-kosice\/\" aria-label=\"Kurs zp\u00edv\u00e1n\u00ed podle metody pan\u00ed Werbeck, 13. &#8211; 14. 03. 2026., Praha\"><img loading=\"lazy\" decoding=\"async\" width=\"600\" height=\"338\" src=\"https:\/\/orpheus.hr\/cz\/wp-content\/uploads\/2016\/12\/Prag-600x338.jpg\" class=\"attachment-us_img_size_1 size-us_img_size_1 wp-post-image\" alt=\"\" srcset=\"https:\/\/orpheus.hr\/cz\/wp-content\/uploads\/2016\/12\/Prag-600x338.jpg 600w, https:\/\/orpheus.hr\/cz\/wp-content\/uploads\/2016\/12\/Prag-300x169.jpg 300w, https:\/\/orpheus.hr\/cz\/wp-content\/uploads\/2016\/12\/Prag-768x432.jpg 768w, https:\/\/orpheus.hr\/cz\/wp-content\/uploads\/2016\/12\/Prag.jpg 800w\" sizes=\"(max-width: 600px) 100vw, 600px\" \/><\/a><\/div><h2 class=\"w-post-elm post_title usg_post_title_1 entry-title color_link_inherit\"><a href=\"https:\/\/orpheus.hr\/cz\/kurs-zpivani-podle-metody-pani-werbeck-patek-25-03-2022-nedele-27-03-2022-kosice\/\">Kurs zp\u00edv\u00e1n\u00ed podle metody pan\u00ed Werbeck, 13. &#8211; 14. 03. 2026., Praha<\/a><\/h2>\t\t<\/div>\r\n\t<\/article>\r\n<\/div><div class=\"w-grid-preloader\">\t<div class=\"g-preloader type_1\">\r\n\t\t<div><\/div>\r\n\t<\/div>\r\n\t<\/div>\t<div class=\"w-grid-json hidden\" onclick='return {&quot;action&quot;:&quot;us_ajax_grid&quot;,&quot;ajax_url&quot;:&quot;https:\\\/\\\/orpheus.hr\\\/cz\\\/wp-admin\\\/admin-ajax.php&quot;,&quot;infinite_scroll&quot;:0,&quot;max_num_pages&quot;:32,&quot;pagination&quot;:&quot;none&quot;,&quot;template_vars&quot;:{&quot;columns&quot;:&quot;3&quot;,&quot;exclude_items&quot;:&quot;none&quot;,&quot;img_size&quot;:&quot;us_img_size_1&quot;,&quot;ignore_items_size&quot;:0,&quot;items_layout&quot;:&quot;3338&quot;,&quot;items_offset&quot;:&quot;1&quot;,&quot;load_animation&quot;:&quot;none&quot;,&quot;overriding_link&quot;:&quot;{\\&quot;url\\&quot;:\\&quot;\\&quot;}&quot;,&quot;post_id&quot;:0,&quot;query_args&quot;:{&quot;post_type&quot;:[&quot;post&quot;],&quot;post_status&quot;:[&quot;publish&quot;],&quot;posts_per_page&quot;:&quot;3&quot;},&quot;orderby_query_args&quot;:{&quot;orderby&quot;:{&quot;date&quot;:&quot;DESC&quot;}},&quot;type&quot;:&quot;masonry&quot;,&quot;us_grid_ajax_index&quot;:1,&quot;us_grid_filter_params&quot;:[],&quot;us_grid_index&quot;:1,&quot;_us_grid_post_type&quot;:&quot;post&quot;,&quot;page_args&quot;:[]}}'><\/div>\r\n\t<\/div><\/div><\/div><\/div><\/div><\/section>\n<!-- Facebook Members Plugin by Crunchify: http:\/\/Crunchify.com\/facebook-members\/ -->\n\t\t<div class=\"fb-recommendations-bar\" data-href=\"https:\/\/orpheus.hr\/cz\/aktualni-seminare\/\" data-read-time=\"5\" data-side=\"\" data-action=\"like\"><\/div>","protected":false},"excerpt":{"rendered":"\u0160kola pro\u00a0odhalen\u00ed hlasu &nbsp; Z\u0160 a S\u0160 waldorfsk\u00e1 K\u0159ejpsk\u00e9ho 1501 Praha 4 Pro mimopra\u017esk\u00e9 z\u00e1jemce mo\u017enost ubytov\u00e1n\u00ed \u00da\u010dast na p\u011bveck\u00fdch kursech Werbeck je jak pro za\u010d\u00e1te\u010dniky, amat\u00e9ry, tak i pro aktivn\u00ed p\u011bvce. B\u011bhem kursu bude kladen d\u016fraz na p\u0159\u00edstup pan\u00ed Werbeck k hlasu. Kurs bude zahrnovat p\u011bveck\u00e1 cvi\u010den\u00ed pan\u00ed Werbeck, sborov\u00e9 i s\u00f3lov\u00e9 zp\u00edv\u00e1n\u00ed. Z\u00c1PIS...","protected":false},"author":2,"featured_media":0,"parent":0,"menu_order":0,"comment_status":"closed","ping_status":"closed","template":"","meta":{"footnotes":""},"_links":{"self":[{"href":"https:\/\/orpheus.hr\/cz\/wp-json\/wp\/v2\/pages\/3144"}],"collection":[{"href":"https:\/\/orpheus.hr\/cz\/wp-json\/wp\/v2\/pages"}],"about":[{"href":"https:\/\/orpheus.hr\/cz\/wp-json\/wp\/v2\/types\/page"}],"author":[{"embeddable":true,"href":"https:\/\/orpheus.hr\/cz\/wp-json\/wp\/v2\/users\/2"}],"replies":[{"embeddable":true,"href":"https:\/\/orpheus.hr\/cz\/wp-json\/wp\/v2\/comments?post=3144"}],"version-history":[{"count":7,"href":"https:\/\/orpheus.hr\/cz\/wp-json\/wp\/v2\/pages\/3144\/revisions"}],"predecessor-version":[{"id":3339,"href":"https:\/\/orpheus.hr\/cz\/wp-json\/wp\/v2\/pages\/3144\/revisions\/3339"}],"wp:attachment":[{"href":"https:\/\/orpheus.hr\/cz\/wp-json\/wp\/v2\/media?parent=3144"}],"curies":[{"name":"wp","href":"https:\/\/api.w.org\/{rel}","templated":true}]}}