{"id":3035,"date":"2016-07-01T14:02:32","date_gmt":"2016-07-01T14:02:32","guid":{"rendered":"http:\/\/orpheus.hr\/cz\/?page_id=3035"},"modified":"2016-07-02T01:05:59","modified_gmt":"2016-07-02T01:05:59","slug":"valborg-werbeck-svardstrom","status":"publish","type":"page","link":"https:\/\/orpheus.hr\/cz\/valborg-werbeck-svardstrom\/","title":{"rendered":"Valborg Werbeck-Sv\u00e4rdstr\u00f6m"},"content":{"rendered":"<h3 class=\"headline\">Va\u017enost glazbe i pjevanja<\/h3>\n<div class=\"clearfix\"><\/div>\n<p><img loading=\"lazy\" decoding=\"async\" class=\"wp-image-110 image-left alignleft\" src=\"\/hr\/wp-content\/uploads\/2013\/10\/werbeck.jpg\" alt=\"werbeck\" width=\"200\" height=\"300\" \/><\/p>\n<p>Valborg Sv\u00e4rdstr\u00f6m (udana Werbeck-Sv\u00e4rdstr\u00f6m) se narodila v severn\u00edm \u0160v\u00e9dsku v r. 1879. Byla obda\u0159ena kr\u00e1sn\u00fdm hlasem s mimo\u0159\u00e1dn\u00fdm rozsahem. Zp\u011bv j\u00ed nep\u016fsobil \u017e\u00e1dn\u00e9 pot\u00ed\u017ee, jak v nejvy\u0161\u0161\u00edch (A\u00b4\u00b4\u00b4), tak v nejni\u017e\u0161\u00edch poloh\u00e1ch. Nem\u011bla probl\u00e9my s d\u00fdch\u00e1n\u00edm a p\u011bveckou koloraturn\u00ed techniku ovl\u00e1dala p\u0159irozen\u011b, sama od sebe.<br \/>\n\u201eZp\u00edv\u00e1n\u00ed byl prost\u011b m\u016fj \u017eivel. Nemohla jsem v\u016fbec pochopit, jak se mohou lid\u00e9 ze zp\u011bvu ochrapt\u011bt nebo se c\u00edtit unaven\u00ed \u2013 pro mne byl zp\u011bv bezprost\u0159edn\u00edm vyj\u00e1d\u0159en\u00edm cel\u00e9 m\u00e9 d\u011btsky bezstarostn\u00e9 bytosti.\u201c Werbeck<\/p>\n<p>V 15 letech za\u010dala studovat zp\u011bv na Kr\u00e1lovsk\u00e9 hudebn\u00ed akademii ve Stockholmu. Tam za\u010dala p\u0159i zp\u00edv\u00e1n\u00ed obvykl\u00fdch cvi\u010den\u00ed poci\u0165ovat obt\u00ed\u017ee, kter\u00e9 b\u011bhem v\u00fduky st\u00e1le nar\u016fstaly, a\u017e se u n\u00ed objevilo velmi zvl\u00e1\u0161tn\u00ed onemocn\u011bn\u00ed kr\u010dn\u00edch \u017el\u00e1z. P\u0159\u00ed\u010dinu si l\u00e9ka\u0159i nedovedli vysv\u011btlit a onemocn\u011bn\u00ed postupn\u011b zhor\u0161ovalo jej\u00ed hlas. Pot\u00ed\u017ee nar\u016fstaly a nejvy\u0161\u0161\u00ed t\u00f3ny t\u0159\u00ed\u010d\u00e1rkovan\u00e9 okt\u00e1vy se ztr\u00e1cely. P\u0159esto byla ve 21 letech p\u0159ijata za \u010dlenku Dvorn\u00ed opery ve Stockholmu. Av\u0161ak ve 25 letech ji postihlo cosi jako paral\u00fdza hlasivek a jej\u00ed hlas odm\u00edtl poslu\u0161nost.<\/p>\n<p>Sna\u017eila se naj\u00edt nov\u00fd, zdrav\u011bj\u0161\u00ed zp\u016fsob zp\u011bvu. Ale ani p\u0159i sv\u00fdch cest\u00e1ch po Francii, It\u00e1lii a N\u011bmecku se j\u00ed to nepoda\u0159ilo. Proto se rozhodla rozv\u00edjet vlastn\u00ed p\u0159\u00edstup k pr\u00e1ci s lidsk\u00fdm hlasem a vytvo\u0159ila cvi\u010den\u00ed, pomoc\u00ed kter\u00fdch se j\u00ed hlas postupn\u011b vr\u00e1til. Tato cvi\u010den\u00ed rozvinula v novou p\u011bveckou metodu a vr\u00e1tila se i k \u00fa\u010dinkov\u00e1n\u00ed v ope\u0159e. Jej\u00ed hlas byl op\u011bt vystaven velk\u00e9 z\u00e1t\u011b\u017ei, kterou \u00fasp\u011b\u0161n\u011b p\u0159ekon\u00e1vala pomoc\u00ed sv\u00fdch nov\u00fdch hlasov\u00fdch cvi\u010den\u00ed. Na vrcholu sv\u00e9 um\u011bleck\u00e9 kari\u00e9ry se rozhodla v\u0161e opustit a v\u011bnovat se pouze vybudov\u00e1n\u00ed sv\u00e9 p\u011bveck\u00e9 \u0161koly \u2013 \u201e\u0160koly pro odhalen\u00ed hlasu\u201c<\/p>\n<p>V r. 1912 se setkala s Dr. Rudolfem Steinerem, kter\u00fd ji v pr\u00e1ci povzbuzoval. Jejich spolupr\u00e1ce vedla k uzn\u00e1n\u00ed \u201e\u0160koly pro odhalen\u00ed hlasu\u201c jako spr\u00e1vn\u00e9 metody hlasov\u00e9 pr\u016fpravy. P\u0159i pr\u00e1ci s handicapovan\u00fdmi lidmi polo\u017eila z\u00e1klad pro terapeutick\u00e9 vyu\u017eit\u00ed \u201e\u0160koly pro odhalen\u00ed hlasu\u201c, kter\u00e9mu se v\u011bnovala energicky a v\u011brn\u011b a\u017e do sv\u00e9 smrti.<\/p>\n<!-- Facebook Members Plugin by Crunchify: http:\/\/Crunchify.com\/facebook-members\/ -->\n\t\t<div class=\"fb-recommendations-bar\" data-href=\"https:\/\/orpheus.hr\/cz\/valborg-werbeck-svardstrom\/\" data-read-time=\"5\" data-side=\"\" data-action=\"like\"><\/div>","protected":false},"excerpt":{"rendered":"<p>Va\u017enost glazbe i pjevanja Valborg Sv\u00e4rdstr\u00f6m (udana Werbeck-Sv\u00e4rdstr\u00f6m) se narodila v severn\u00edm \u0160v\u00e9dsku v r. 1879. Byla obda\u0159ena kr\u00e1sn\u00fdm hlasem s mimo\u0159\u00e1dn\u00fdm rozsahem. Zp\u011bv j\u00ed nep\u016fsobil \u017e\u00e1dn\u00e9 pot\u00ed\u017ee, jak v nejvy\u0161\u0161\u00edch (A\u00b4\u00b4\u00b4), tak v nejni\u017e\u0161\u00edch poloh\u00e1ch. Nem\u011bla probl\u00e9my s d\u00fdch\u00e1n\u00edm a p\u011bveckou koloraturn\u00ed techniku ovl\u00e1dala p\u0159irozen\u011b, sama od sebe. \u201eZp\u00edv\u00e1n\u00ed byl prost\u011b m\u016fj \u017eivel. Nemohla&#8230;<\/p>\n","protected":false},"author":2,"featured_media":0,"parent":0,"menu_order":0,"comment_status":"closed","ping_status":"closed","template":"","meta":{"footnotes":""},"_links":{"self":[{"href":"https:\/\/orpheus.hr\/cz\/wp-json\/wp\/v2\/pages\/3035"}],"collection":[{"href":"https:\/\/orpheus.hr\/cz\/wp-json\/wp\/v2\/pages"}],"about":[{"href":"https:\/\/orpheus.hr\/cz\/wp-json\/wp\/v2\/types\/page"}],"author":[{"embeddable":true,"href":"https:\/\/orpheus.hr\/cz\/wp-json\/wp\/v2\/users\/2"}],"replies":[{"embeddable":true,"href":"https:\/\/orpheus.hr\/cz\/wp-json\/wp\/v2\/comments?post=3035"}],"version-history":[{"count":3,"href":"https:\/\/orpheus.hr\/cz\/wp-json\/wp\/v2\/pages\/3035\/revisions"}],"predecessor-version":[{"id":3130,"href":"https:\/\/orpheus.hr\/cz\/wp-json\/wp\/v2\/pages\/3035\/revisions\/3130"}],"wp:attachment":[{"href":"https:\/\/orpheus.hr\/cz\/wp-json\/wp\/v2\/media?parent=3035"}],"curies":[{"name":"wp","href":"https:\/\/api.w.org\/{rel}","templated":true}]}}