{"id":2101,"date":"2014-02-04T18:58:41","date_gmt":"2014-02-04T18:58:41","guid":{"rendered":"http:\/\/orpheus.hr\/cz\/?page_id=2101"},"modified":"2016-07-01T14:13:55","modified_gmt":"2016-07-01T14:13:55","slug":"moudry-noty","status":"publish","type":"page","link":"https:\/\/orpheus.hr\/cz\/moudry-noty\/","title":{"rendered":"Moudr\u00fd noty"},"content":{"rendered":"<p><img loading=\"lazy\" decoding=\"async\" class=\"alignleft size-medium wp-image-1471\" src=\"http:\/\/orpheus.hr\/cz\/wp-content\/uploads\/2013\/10\/Cool-Music-Wallpaper-300x188.jpg\" alt=\"Cool-Music-Wallpaper\" width=\"300\" height=\"188\" srcset=\"https:\/\/orpheus.hr\/cz\/wp-content\/uploads\/2013\/10\/Cool-Music-Wallpaper-300x188.jpg 300w, https:\/\/orpheus.hr\/cz\/wp-content\/uploads\/2013\/10\/Cool-Music-Wallpaper-768x480.jpg 768w, https:\/\/orpheus.hr\/cz\/wp-content\/uploads\/2013\/10\/Cool-Music-Wallpaper-1024x640.jpg 1024w, https:\/\/orpheus.hr\/cz\/wp-content\/uploads\/2013\/10\/Cool-Music-Wallpaper-1200x750.jpg 1200w, https:\/\/orpheus.hr\/cz\/wp-content\/uploads\/2013\/10\/Cool-Music-Wallpaper.jpg 1920w\" sizes=\"(max-width: 300px) 100vw, 300px\" \/><\/p>\n<h3 class=\"headline\">Cit\u00e1ty slavn\u00fdch osobnost\u00ed o hudb\u011b <\/h3>\n<p>\u201eHudba je jedn\u00edm z nejkr\u00e1sn\u011bj\u0161\u00edch a nejn\u00e1dhern\u011bj\u0161\u00edch dar\u016f bo\u017e\u00edch. Je jedn\u00edm z nejlep\u0161\u00edch um\u011bn\u00ed. Noty o\u017eivuj\u00ed slova. Hudba zah\u00e1n\u00ed duchu smutek, jako bychom se d\u00edvali na kr\u00e1le Saula. Je nejlep\u0161\u00ed \u00fat\u011bchou pro zarmoucen\u00e9 lidi, j\u00ed se srdce upokoj\u00ed, ob\u010derstv\u00ed a osv\u011b\u017e\u00ed.\u201c (Martin Luter)<\/p>\n<p>&nbsp;<\/p>\n<p>\u201eHudba a rytmus nach\u00e1zej\u00ed cestu k nejskyt\u011bj\u0161\u00edm m\u00edst\u016fm du\u0161e.\u201c (Plat\u00f3n)<\/p>\n<p>&nbsp;<\/p>\n<p>\u201eHudba je zjeven\u00ed vy\u0161\u0161\u00edho rozumu a moudrosti.\u201c (Beethoven)<\/p>\n<p>&nbsp;<\/p>\n<p>\u201eHudba je t\u011bsnopis emoc\u00ed. Emoce, kter\u00e9 lze popsat tak nesnadno, jsou p\u0159\u00edmo sd\u011blov\u00e1ny \u010dlov\u011bku v hudb\u011b a v tom je jej\u00ed s\u00edla a v\u00fdznam.\u201c (L. N. Tolstoj)<\/p>\n<p>&nbsp;<\/p>\n<p>\u201eHudba je l\u00e9kem na tr\u00e1pen\u00ed du\u0161e.\u201c (Quintus Flaccus Horatius)<b> <\/b><\/p>\n<!-- Facebook Members Plugin by Crunchify: http:\/\/Crunchify.com\/facebook-members\/ -->\n\t\t<div class=\"fb-recommendations-bar\" data-href=\"https:\/\/orpheus.hr\/cz\/moudry-noty\/\" data-read-time=\"5\" data-side=\"\" data-action=\"like\"><\/div>","protected":false},"excerpt":{"rendered":"<p>Cit\u00e1ty slavn\u00fdch osobnost\u00ed o hudb\u011b \u201eHudba je jedn\u00edm z nejkr\u00e1sn\u011bj\u0161\u00edch a nejn\u00e1dhern\u011bj\u0161\u00edch dar\u016f bo\u017e\u00edch. Je jedn\u00edm z nejlep\u0161\u00edch um\u011bn\u00ed. Noty o\u017eivuj\u00ed slova. Hudba zah\u00e1n\u00ed duchu smutek, jako bychom se d\u00edvali na kr\u00e1le Saula. Je nejlep\u0161\u00ed \u00fat\u011bchou pro zarmoucen\u00e9 lidi, j\u00ed se srdce upokoj\u00ed, ob\u010derstv\u00ed a osv\u011b\u017e\u00ed.\u201c (Martin Luter) &nbsp; \u201eHudba a rytmus nach\u00e1zej\u00ed cestu k&#8230;<\/p>\n","protected":false},"author":2,"featured_media":0,"parent":0,"menu_order":0,"comment_status":"closed","ping_status":"closed","template":"","meta":{"footnotes":""},"_links":{"self":[{"href":"https:\/\/orpheus.hr\/cz\/wp-json\/wp\/v2\/pages\/2101"}],"collection":[{"href":"https:\/\/orpheus.hr\/cz\/wp-json\/wp\/v2\/pages"}],"about":[{"href":"https:\/\/orpheus.hr\/cz\/wp-json\/wp\/v2\/types\/page"}],"author":[{"embeddable":true,"href":"https:\/\/orpheus.hr\/cz\/wp-json\/wp\/v2\/users\/2"}],"replies":[{"embeddable":true,"href":"https:\/\/orpheus.hr\/cz\/wp-json\/wp\/v2\/comments?post=2101"}],"version-history":[{"count":1,"href":"https:\/\/orpheus.hr\/cz\/wp-json\/wp\/v2\/pages\/2101\/revisions"}],"predecessor-version":[{"id":3046,"href":"https:\/\/orpheus.hr\/cz\/wp-json\/wp\/v2\/pages\/2101\/revisions\/3046"}],"wp:attachment":[{"href":"https:\/\/orpheus.hr\/cz\/wp-json\/wp\/v2\/media?parent=2101"}],"curies":[{"name":"wp","href":"https:\/\/api.w.org\/{rel}","templated":true}]}}