{"id":2087,"date":"2014-02-04T18:49:37","date_gmt":"2014-02-04T18:49:37","guid":{"rendered":"http:\/\/orpheus.hr\/cz\/?page_id=2087"},"modified":"2016-07-01T14:12:27","modified_gmt":"2016-07-01T14:12:27","slug":"smysl-hudby-a-zpevu","status":"publish","type":"page","link":"https:\/\/orpheus.hr\/cz\/smysl-hudby-a-zpevu\/","title":{"rendered":"Smysl hudby a zp\u011bvu"},"content":{"rendered":"<h3 class=\"headline\">Smysl hudby a zp\u011bvu<\/h3>\n<p><img loading=\"lazy\" decoding=\"async\" class=\"alignleft size-full wp-image-2053\" src=\"\/hr\/wp-content\/uploads\/2013\/10\/vaznost-glazbe-i-pjevanja.jpg\" alt=\"Smysl hudby a zp\u011bvu\" width=\"399\" height=\"288\" srcset=\"https:\/\/orpheus.hr\/cz\/wp-content\/uploads\/2013\/10\/vaznost-glazbe-i-pjevanja.jpg 399w, https:\/\/orpheus.hr\/cz\/wp-content\/uploads\/2013\/10\/vaznost-glazbe-i-pjevanja-300x217.jpg 300w\" sizes=\"(max-width: 399px) 100vw, 399px\" \/><br \/>\nV z\u00e1padn\u00ed spole\u010dnosti je v\u00fduka hudby a ostatn\u00edch um\u011bn\u00ed aktivita, kter\u00e1 je vyd\u011blena z na\u0161eho b\u011b\u017en\u00e9ho konzumn\u00edho zp\u016fsobu \u017eivota. Lid\u00e9 si na tyto aktivity vyhrazuj\u00ed zvl\u00e1\u0161tn\u00ed \u010das a \u010dasto chod\u00ed na m\u00edsta speci\u00e1ln\u011b k tomu ur\u010den\u00e1, jako jsou koncertn\u00ed s\u00e1ly a um\u011bleck\u00e9 galerie, aby na\u0161li to, co hledaj\u00ed. Um\u011bn\u00ed zab\u00edr\u00e1 zvl\u00e1\u0161tn\u00ed m\u00edsto v n\u00e1s, jako kdyby m\u011blo b\u00fdt sp\u00ed\u0161 v\u00fdjime\u010dnou ne\u017e podstatnou sou\u010d\u00e1st\u00ed lidsk\u00e9ho \u017eivota.<\/p>\n<p>Ve star\u00e9m \u0158ecku, kter\u00e9 je obvykle ozna\u010dov\u00e1no za kol\u00e9bku z\u00e1padn\u00ed civilizace, byla hudba v\u0161udyp\u0159\u00edtomn\u00e1 a svrchovan\u011b d\u016fle\u017eit\u00e1. A\u010dkoli v\u00edme velmi m\u00e1lo o tom, jak \u0159eck\u00e1 hudba doopravdy zn\u011bla, klasi\u010dt\u00ed u\u010denci se zmi\u0148uj\u00ed o hudb\u011b jako o um\u011bn\u00ed, kter\u00e9 bylo vetk\u00e1no do sam\u00e9 podstaty jejich \u017eivota. V na\u0161\u00ed kultu\u0159e jsou um\u011bleck\u00e9 instrument\u00e1ln\u00ed dovednosti vyhrazeny profesion\u00e1ln\u00edm hudebn\u00edk\u016fm, ale \u0158ekov\u00e9 se rozhodli, \u017ee v\u00fduka zp\u011bvu a hra na lyru by m\u011bla b\u00fdt \u0159\u00e1dnou sou\u010d\u00e1st\u00ed vzd\u011bl\u00e1n\u00ed v\u0161ech svobodn\u00fdch ob\u010dan\u016f. Hudba byla d\u016fle\u017eitou sou\u010d\u00e1st\u00ed dom\u00e1c\u00edch slavnost\u00ed, sv\u00e1tk\u016f a n\u00e1bo\u017eensk\u00fdch ritu\u00e1l\u016f.<br \/>\n\u201eP\u0159ikl\u00e1d\u00e1me svrchovan\u00fd v\u00fdznam hudebn\u00edmu vzd\u011bl\u00e1n\u00ed, proto\u017ee rytmus a harmonie pronikaj\u00ed do nejhlub\u0161\u00edch z\u00e1kout\u00ed na\u0161\u00ed du\u0161e, zmoc\u0148uj\u00ed se j\u00ed velmi siln\u011b a \u010din\u00ed \u010dlov\u011bka u\u0161lechtil\u00fdm, pokud se mu jich dost\u00e1v\u00e1 v hojn\u00e9 m\u00ed\u0159e. Pokud tomu tak nen\u00ed, je to p\u0159esn\u011b naopak.\u201c Plat\u00f3n.<\/p>\n<p>&nbsp;<\/p>\n<p>N\u00e1zor, \u017ee hudba je velmi mocn\u00e1, \u017ee m\u016f\u017ee skute\u010dn\u011b ovlivnit jak jednotlivce, tak z\u00e1klad pro dobro a zlo, je dnes zapomenut.<br \/>\nV dob\u011b, kdy t\u00edha materialismu dopad\u00e1 siln\u011b na n\u00e1\u0161 vnit\u0159n\u00ed v\u00fdvoj, hudebn\u00ed um\u011bn\u00ed n\u00e1m umo\u017e\u0148uje nav\u00e1zat spojen\u00ed s na\u0161\u00edm duchovn\u00edm p\u016fvodem. Lidsk\u00e1 bytost se m\u016f\u017ee zp\u011bvem pozvednout za hranice fyzi\u010dnosti, naj\u00edt spojen\u00ed se sv\u00fdmi souputn\u00edky i se sv\u00fdm vnit\u0159n\u00edm j\u00e1 za pou\u017eit\u00ed t\u011bla jako n\u00e1stroje.<br \/>\nHudba a zp\u011bv sah\u00e1 d\u00e1le ne\u017e v\u011bdom\u00ed, co\u017e m\u016f\u017ee b\u00fdt velmi dobr\u00fdm, nebo dokonce hlavn\u00edm podn\u011btem v p\u0159ibl\u00ed\u017een\u00ed \u010dlov\u011bka k jeho vnit\u0159n\u00edm impuls\u016fm v \u017eivot\u011b.<br \/>\nZp\u011bv m\u016f\u017ee spojit my\u0161len\u00ed a c\u00edt\u011bn\u00ed, a tak\u00e9 pom\u00e1h\u00e1 vytvo\u0159it nov\u00e9 vztahy k lidsk\u00fdm aktivit\u00e1m t\u00edm, \u017ee vytv\u00e1\u0159\u00ed rovnov\u00e1hu v ka\u017edodenn\u00edm \u017eivot\u011b. To mohou b\u00fdt nov\u00e9 mo\u017enosti pro lidstvo a celou lidskou kulturu. Zp\u011bv povzn\u00e1\u0161\u00ed lidi nad jejich ka\u017edodenn\u00ed rutinu do nov\u00e9ho vnit\u0159n\u00edho \u017eivotn\u00edho z\u00e1\u017eitku, ze kter\u00e9ho mohou \u010derpat posilu pro \u00fakoly v jejich ka\u017edodenn\u00edm \u017eivot\u011b. Je mo\u017en\u00e9 nazvat to hudebn\u00edm d\u00fdch\u00e1n\u00edm. Takto m\u016f\u017ee hudba z\u00edskat konkr\u00e9tn\u00ed v\u00fdznam pro \u017eivot \u010dlov\u011bka a jeho denn\u00ed \u017eivot se pak stane v\u00edce hudebn\u00ed<\/p>\n<h3 class=\"headline\">Sou\u010dasn\u00e9 zp\u00edv\u00e1n\u00ed<\/h3>\n<p><img loading=\"lazy\" decoding=\"async\" class=\"alignright size-full wp-image-2052\" src=\"\/hr\/wp-content\/uploads\/2013\/10\/vaznost-glazbe.jpg\" alt=\"Sou\u010dasn\u00e9 zp\u00edv\u00e1n\u00ed\" width=\"399\" height=\"288\" srcset=\"https:\/\/orpheus.hr\/cz\/wp-content\/uploads\/2013\/10\/vaznost-glazbe.jpg 399w, https:\/\/orpheus.hr\/cz\/wp-content\/uploads\/2013\/10\/vaznost-glazbe-300x217.jpg 300w\" sizes=\"(max-width: 399px) 100vw, 399px\" \/><br \/>\nV posledn\u00edch stalet\u00edch se zm\u011bnila jak kultura, tak vzd\u011bl\u00e1n\u00ed. Lid\u00e9 dnes zp\u00edvaj\u00ed m\u00e9n\u011b ne\u017e d\u0159\u00edve. Miliony lid\u00ed b\u011bhem jejich ka\u017edodenn\u00edho \u017eivota ji\u017e nezp\u00edvaj\u00ed. P\u0159ed 200-300 lety lid\u00e9 byli schopni zp\u00edvat 3 &#8211; 4 okt\u00e1vy, a dnes jen o n\u011bco v\u00edce ne\u017e jednu. A nav\u00edc se n\u00e1\u0161 hlas sni\u017euje, hrubne (je v\u00edce fyzick\u00fd) a st\u00e1v\u00e1 se nepohybliv\u00fdm. Nem\u016f\u017ee se vyv\u00edjet tak, jak to bylo mo\u017en\u00e9 d\u0159\u00edve.<br \/>\nJak zp\u011bv p\u0159i spole\u010densk\u00fdch p\u0159\u00edle\u017eitostech ust\u00e1val, za\u010dala se pou\u017e\u00edvat n\u00e1hra\u017eka v podob\u011b reprodukovan\u00e9 hudby, kter\u00e1 tuto pr\u00e1zdnotu vyplnila. Tato n\u00e1hra\u017eka je sice sv\u00fdm zp\u016fsobem \u201eperfektn\u00ed\u201c, ale ne\u017eiv\u00e1 a nere\u00e1ln\u00e1. Mate na\u0161e v\u011bdom\u00ed a \u010din\u00ed n\u00e1s z\u00e1visl\u00fdmi v takov\u00e9 m\u00ed\u0159e, \u017ee pokud ji nem\u00e1me, chyb\u00ed n\u00e1m. Za n\u011bjak\u00fd \u010das je t\u011b\u017ek\u00e9 naj\u00edt n\u011bjak\u00e9 \u017eiv\u00e9 p\u0159edstaven\u00ed, kter\u00e9 by bylo srovnateln\u00e9 s hudbou z CD, kazet a videoz\u00e1znam\u016f.<br \/>\nSe sni\u017eov\u00e1n\u00edm na\u0161ich schopnost\u00ed zp\u00edvat stoupaj\u00ed z\u00e1brany aktivn\u011b hudbu provozovat. Je mnohem snaz\u0161\u00ed pustit r\u00e1dio a poslouchat \u201eperfektn\u00ed\u201c p\u0159edstaven\u00ed, ne\u017e to zkusit s\u00e1m.Vlastn\u00ed zp\u011bv v\u0161ak p\u0159in\u00e1\u0161\u00ed v\u011bt\u0161\u00ed pot\u011b\u0161en\u00ed ne\u017e pouh\u00fd poslech r\u00e1dia nebo CD.<\/p>\n<!-- Facebook Members Plugin by Crunchify: http:\/\/Crunchify.com\/facebook-members\/ -->\n\t\t<div class=\"fb-recommendations-bar\" data-href=\"https:\/\/orpheus.hr\/cz\/smysl-hudby-a-zpevu\/\" data-read-time=\"5\" data-side=\"\" data-action=\"like\"><\/div>","protected":false},"excerpt":{"rendered":"<p>Smysl hudby a zp\u011bvu V z\u00e1padn\u00ed spole\u010dnosti je v\u00fduka hudby a ostatn\u00edch um\u011bn\u00ed aktivita, kter\u00e1 je vyd\u011blena z na\u0161eho b\u011b\u017en\u00e9ho konzumn\u00edho zp\u016fsobu \u017eivota. Lid\u00e9 si na tyto aktivity vyhrazuj\u00ed zvl\u00e1\u0161tn\u00ed \u010das a \u010dasto chod\u00ed na m\u00edsta speci\u00e1ln\u011b k tomu ur\u010den\u00e1, jako jsou koncertn\u00ed s\u00e1ly a um\u011bleck\u00e9 galerie, aby na\u0161li to, co hledaj\u00ed. Um\u011bn\u00ed zab\u00edr\u00e1 zvl\u00e1\u0161tn\u00ed&#8230;<\/p>\n","protected":false},"author":2,"featured_media":0,"parent":0,"menu_order":0,"comment_status":"closed","ping_status":"closed","template":"","meta":{"footnotes":""},"_links":{"self":[{"href":"https:\/\/orpheus.hr\/cz\/wp-json\/wp\/v2\/pages\/2087"}],"collection":[{"href":"https:\/\/orpheus.hr\/cz\/wp-json\/wp\/v2\/pages"}],"about":[{"href":"https:\/\/orpheus.hr\/cz\/wp-json\/wp\/v2\/types\/page"}],"author":[{"embeddable":true,"href":"https:\/\/orpheus.hr\/cz\/wp-json\/wp\/v2\/users\/2"}],"replies":[{"embeddable":true,"href":"https:\/\/orpheus.hr\/cz\/wp-json\/wp\/v2\/comments?post=2087"}],"version-history":[{"count":2,"href":"https:\/\/orpheus.hr\/cz\/wp-json\/wp\/v2\/pages\/2087\/revisions"}],"predecessor-version":[{"id":3044,"href":"https:\/\/orpheus.hr\/cz\/wp-json\/wp\/v2\/pages\/2087\/revisions\/3044"}],"wp:attachment":[{"href":"https:\/\/orpheus.hr\/cz\/wp-json\/wp\/v2\/media?parent=2087"}],"curies":[{"name":"wp","href":"https:\/\/api.w.org\/{rel}","templated":true}]}}