{"id":2081,"date":"2014-02-04T18:38:20","date_gmt":"2014-02-04T18:38:20","guid":{"rendered":"http:\/\/orpheus.hr\/cz\/?page_id=2081"},"modified":"2016-07-01T14:08:47","modified_gmt":"2016-07-01T14:08:47","slug":"zpusoby-prace","status":"publish","type":"page","link":"https:\/\/orpheus.hr\/cz\/zpusoby-prace\/","title":{"rendered":"Zp\u016fsoby pr\u00e1ce"},"content":{"rendered":"<h3 class=\"headline\">Individu\u00e1ln\u00ed hodiny<\/h3>\n<p><img loading=\"lazy\" decoding=\"async\" class=\"wp-image-110 image-left alignleft\" style=\"width: 45%;\" src=\"\/wp-content\/uploads\/2013\/10\/terapija-pjevanjem.jpg\" alt=\"Zp\u016fsoby pr\u00e1ce\" width=\"460\" height=\"334\" \/><br \/>\nIndividu\u00e1ln\u00ed hodina umo\u017e\u0148uje, aby si lid\u00e9 uv\u011bdomili, \u017ee mohou zp\u00edvat ( ti, kte\u0159\u00ed si mysl\u00ed \u017ee nemaj\u00ed hlas nebo neum\u00ed zp\u00edvat). U\u010d\u00ed je ud\u011blat ze sebe n\u00e1stroj a zp\u00edvat l\u00e9pe (ty, kte\u0159\u00ed ji\u017e zp\u00edvaj\u00ed) t\u00edm, \u017ee osvobod\u00ed sv\u016fj hlas od zast\u0159en\u00ed a p\u0159ek\u00e1\u017eek, kter\u00e9 obvykle \u201enasb\u00edraj\u00ed\u201c b\u011bhem v\u00fdchovy, vzd\u011bl\u00e1n\u00ed, napodobov\u00e1n\u00ed jin\u00fdch zp\u011bv\u00e1k\u016f a \u201e\u0161patn\u00fdch n\u00e1vyk\u016f\u201c. Hodiny se obvykle sest\u00e1vaj\u00ed z cvi\u010den\u00ed a p\u00edsn\u011b (nebo p\u00edsn\u00ed) &#8211; ov\u0161em tak, jako je ka\u017ed\u00fd jedinec jin\u00fd, je jin\u00e1 i ka\u017ed\u00e1 lekce.<\/p>\n<h3 class=\"headline\">Skupinov\u00e1 v\u00fduka<\/h3>\n<p><img loading=\"lazy\" decoding=\"async\" class=\"wp-image-110 image-right alignright\" style=\"width: 45%;\" src=\"\/wp-content\/uploads\/2013\/10\/grupna-terapija-pjevanjem-300x225.jpg\" alt=\"Zp\u016fsoby pr\u00e1ce Individu\u00e1ln\u00ed hodiny\" width=\"460\" height=\"334\" \/><br \/>\nZp\u011bv je prost\u0159edkem, jak sv\u00e9st lidi dohromady. Jedna spole\u010dn\u00e1 aktivita vytv\u00e1\u0159\u00ed spole\u010dn\u00fd zvuk. Spole\u010dn\u011b s hlavn\u00edm \u00fakolem odhalit hlas se p\u0159i skupinov\u00e9 v\u00fduce v\u011bnuje pozornost schopnosti rozv\u00edjet vz\u00e1jemn\u00e9 naslouch\u00e1n\u00ed. Cvi\u010den\u00edm naslouch\u00e1n\u00ed mezi jednotlivci se tvo\u0159\u00ed spole\u010dn\u00fd zvuk s kvalitou, kterou lze vz\u00edt jako vod\u00edtko p\u0159i individu\u00e1ln\u00edm cvi\u010den\u00ed (spole\u010dn\u00fd zvuk 2 nebo v\u00edce lid\u00ed je mnohem bohat\u0161\u00ed ne\u017e zvuk jedn\u00e9 osoby). Skupinov\u00e1 v\u00fduka se skl\u00e1d\u00e1 ze cvi\u010den\u00ed a p\u00edsn\u00ed. Struktura a d\u00e9lka hodiny je upravena pro pot\u0159eby a mo\u017enosti ka\u017ed\u00e9 skupiny. Existuj\u00ed mo\u017enosti i pro individu\u00e1ln\u00ed hodiny.<\/p>\n<h3 class=\"headline\">V\u00edkendov\u00e9 kursy<\/h3>\n<p>B\u011bhem v\u00edkendov\u00fdch kurs\u016f \u00fa\u010dastn\u00edk objev\u00ed nov\u00e9 mo\u017enosti sv\u00e9ho hlasu a zp\u016fsobu, jak ho rozvinout. Kursy obvykle za\u010d\u00ednaj\u00ed v p\u00e1tek odpoledne. Pr\u00e1ce v sobotu se d\u011bl\u00ed do rann\u00edho a odpoledn\u00edho bloku. Kursy kon\u010d\u00ed v ned\u011bli kolem ob\u011bda.<\/p>\n<h3 class=\"headline\">Intenzivn\u00ed t\u00fdden<\/h3>\n<p>B\u011bhem intenzivn\u00edho t\u00fddne skupina pracuje dvakr\u00e1t denn\u011b. C\u00edlem takov\u00e9ho t\u00fddne je poznat l\u00e9pe sv\u016fj hlas a nau\u010dit se s n\u00edm pracovat. D\u00e9lka kursu umo\u017e\u0148uje skupin\u011b j\u00edt hloub\u011bji p\u0159i p\u0159etv\u00e1\u0159en\u00ed sebe sama v n\u00e1stroj, spojit se s vlastn\u00edm hlasem a naslouchat hlas\u016fm ostatn\u00edch. B\u011bhem t\u00fddne se skupina zam\u011b\u0159uje hlavn\u011b na Werbeck p\u011bveck\u00e1 cvi\u010den\u00ed a p\u00edsn\u011b. Individu\u00e1ln\u00ed hodiny jsou poskytov\u00e1ny v p\u0159\u00edpad\u011b z\u00e1jmu.<\/p>\n<!-- Facebook Members Plugin by Crunchify: http:\/\/Crunchify.com\/facebook-members\/ -->\n\t\t<div class=\"fb-recommendations-bar\" data-href=\"https:\/\/orpheus.hr\/cz\/zpusoby-prace\/\" data-read-time=\"5\" data-side=\"\" data-action=\"like\"><\/div>","protected":false},"excerpt":{"rendered":"<p>Individu\u00e1ln\u00ed hodiny Individu\u00e1ln\u00ed hodina umo\u017e\u0148uje, aby si lid\u00e9 uv\u011bdomili, \u017ee mohou zp\u00edvat ( ti, kte\u0159\u00ed si mysl\u00ed \u017ee nemaj\u00ed hlas nebo neum\u00ed zp\u00edvat). U\u010d\u00ed je ud\u011blat ze sebe n\u00e1stroj a zp\u00edvat l\u00e9pe (ty, kte\u0159\u00ed ji\u017e zp\u00edvaj\u00ed) t\u00edm, \u017ee osvobod\u00ed sv\u016fj hlas od zast\u0159en\u00ed a p\u0159ek\u00e1\u017eek, kter\u00e9 obvykle \u201enasb\u00edraj\u00ed\u201c b\u011bhem v\u00fdchovy, vzd\u011bl\u00e1n\u00ed, napodobov\u00e1n\u00ed jin\u00fdch zp\u011bv\u00e1k\u016f a&#8230;<\/p>\n","protected":false},"author":2,"featured_media":0,"parent":0,"menu_order":0,"comment_status":"closed","ping_status":"closed","template":"","meta":{"footnotes":""},"_links":{"self":[{"href":"https:\/\/orpheus.hr\/cz\/wp-json\/wp\/v2\/pages\/2081"}],"collection":[{"href":"https:\/\/orpheus.hr\/cz\/wp-json\/wp\/v2\/pages"}],"about":[{"href":"https:\/\/orpheus.hr\/cz\/wp-json\/wp\/v2\/types\/page"}],"author":[{"embeddable":true,"href":"https:\/\/orpheus.hr\/cz\/wp-json\/wp\/v2\/users\/2"}],"replies":[{"embeddable":true,"href":"https:\/\/orpheus.hr\/cz\/wp-json\/wp\/v2\/comments?post=2081"}],"version-history":[{"count":2,"href":"https:\/\/orpheus.hr\/cz\/wp-json\/wp\/v2\/pages\/2081\/revisions"}],"predecessor-version":[{"id":3042,"href":"https:\/\/orpheus.hr\/cz\/wp-json\/wp\/v2\/pages\/2081\/revisions\/3042"}],"wp:attachment":[{"href":"https:\/\/orpheus.hr\/cz\/wp-json\/wp\/v2\/media?parent=2081"}],"curies":[{"name":"wp","href":"https:\/\/api.w.org\/{rel}","templated":true}]}}