{"id":2076,"date":"2014-02-04T18:30:53","date_gmt":"2014-02-04T18:30:53","guid":{"rendered":"http:\/\/orpheus.hr\/cz\/?page_id=2076"},"modified":"2016-07-01T14:05:43","modified_gmt":"2016-07-01T14:05:43","slug":"pevecka-terapie-werbeck","status":"publish","type":"page","link":"https:\/\/orpheus.hr\/cz\/pevecka-terapie-werbeck\/","title":{"rendered":"P\u011bveck\u00e1 terapie Werbeck"},"content":{"rendered":"<h3 class=\"headline\">P\u011bveck\u00e1 terapie Werbeck<\/h3>\n<p><img loading=\"lazy\" decoding=\"async\" class=\"alignleft size-full wp-image-2044\" src=\"\/hr\/wp-content\/uploads\/2013\/10\/terapija-pjevanjem2.jpg\" alt=\"P\u011bveck\u00e1 terapie Werbeck\" width=\"399\" height=\"288\" \/><br \/>\nZp\u00edv\u00e1n\u00ed bylo v\u017edy zdrojem radosti, spojen\u00ed mezi lidmi, spole\u010dn\u00edkem p\u0159i pr\u00e1ci a m\u011blo pro \u010dlov\u011bka hlubokou l\u00e9\u010divou a vyrovn\u00e1vac\u00ed s\u00edlu. P\u0159i spole\u010dn\u00e9m zp\u011bvu prohlubujeme vztahy v sob\u011b i mezi sebou navz\u00e1jem.<br \/>\n\u201eHudebn\u00ed aktivita je spojena se v\u0161emi o\u017eivuj\u00edc\u00edmi silami v lidsk\u00e9m organismu; spojuje se s proudy, kter\u00e9 j\u00edm proch\u00e1zej\u00ed a o\u017eivuj\u00ed cel\u00e9ho \u010dlov\u011bka se kter\u00fdm se tak st\u00e1v\u00e1 jedn\u00edm celkem a sjednocuje se s linouc\u00edmi se proudy zvuku.\u201c Dr. Rudolf Steiner<br \/>\n\u201e\u0160kola pro odhalen\u00ed hlasu\u201c usiluje o rozvoj toho, co je skryto v ka\u017ed\u00e9m hlase. V tom spo\u010d\u00edv\u00e1 jej\u00ed terapeutick\u00e1 s\u00edla. Lid\u00e9 si uv\u011bdom\u00ed, \u017ee hudebn\u00ed s\u00edly v nich jsou ji\u017e p\u0159\u00edtomny a \u017ee je sami mohou odhalit.<\/p>\n<p>Ve \u201e\u0160kole pro odhalen\u00ed hlasu\u201c se zp\u011bv pova\u017euje za n\u011bco, co vych\u00e1z\u00ed z cel\u00e9 lidsk\u00e9 bytosti, tak\u017ee tento druh zp\u011bvu nem\u00e1 jen um\u011bleck\u00fd, ale i l\u00e9\u010div\u00fd \u00fa\u010dinek. Velmi \u010dasto se zvy\u0161uje schopnost zp\u00edvat. Lid\u00e9, kte\u0159\u00ed nem\u011bli \u017e\u00e1dn\u00fd zvl\u00e1\u0161tn\u00ed vztah ke zp\u011bvu a pova\u017eovali se za \u201enaprosto netalentovan\u00e9\u201c objev\u00ed sv\u00e9 skryt\u00e9 schopnosti. Probud\u00ed se radost ze zp\u011bvu a p\u0159ekon\u00e1 p\u0159ek\u00e1\u017eky v du\u0161i. Tot\u00e9\u017e plat\u00ed o um\u011bleck\u00e9 \u010dinnosti obecn\u011b. I tam, kde se \u017e\u00e1dn\u00fd talent neprojevoval, se probud\u00ed netu\u0161en\u00e9 schopnosti. Velk\u00e1 \u0159ada lid\u00ed, kte\u0159\u00ed trp\u00ed komplexem m\u00e9n\u011bcennosti a jin\u00fdmi psychologick\u00fdmi z\u00e1branami, by se jich mohla zbavit, kdyby tyto skryt\u00e9, nerozvinut\u00e9, dokonce snad atrofovan\u00e9 schopnosti byly spr\u00e1vn\u00fdm zp\u016fsobem kultivov\u00e1ny. Na d\u011bti, kter\u00e9 trp\u00ed sluchov\u00fdmi nebo \u0159e\u010dov\u00fdmi pot\u00ed\u017eemi, u\u017e jen fakt, \u017ee jsou \u010dleny sboru, bude m\u00edt l\u00e9\u010div\u00fd \u00fa\u010dinek, proto\u017ee je zvukov\u00fd proud nese s sebou a odhaluje jejich hlas p\u0159i napodobov\u00e1n\u00ed. \u00da\u010dast ve sboru umo\u017en\u00ed d\u00edt\u011bti nejen l\u00e9pe sly\u0161et, ale nau\u010d\u00ed ho i poslouchat. Schopnost naslouchat jin\u00e9 lidsk\u00e9 bytosti je velk\u00fdm krokem k soci\u00e1ln\u00ed p\u0159izp\u016fsobivosti.<\/p>\n<p>&nbsp;<\/p>\n<p><img loading=\"lazy\" decoding=\"async\" class=\"alignright size-full wp-image-2044\" src=\"\/hr\/wp-content\/uploads\/2013\/10\/terapija-pjevanjem1.jpg\" alt=\"P\u011bveck\u00e1 terapie\" width=\"399\" height=\"288\" srcset=\"https:\/\/orpheus.hr\/cz\/wp-content\/uploads\/2013\/10\/terapija-pjevanjem1.jpg 399w, https:\/\/orpheus.hr\/cz\/wp-content\/uploads\/2013\/10\/terapija-pjevanjem1-300x217.jpg 300w\" sizes=\"(max-width: 399px) 100vw, 399px\" \/><br \/>\nKrom\u011b evidentn\u00ed psychologick\u00e9 pomoci jde p\u011bveck\u00e1 terapie Werbeck je\u0161t\u011b hloub\u011bji. Cvi\u010den\u00ed se skl\u00e1daj\u00ed ze souhl\u00e1sek (spojen\u00fdch s r\u016fzn\u00fdmi \u010d\u00e1stmi t\u011bla) a samohl\u00e1sek (ovliv\u0148uj\u00edc\u00edmi org\u00e1ny), kter\u00e9 se kombinuj\u00ed s hudebn\u00edmi prvky (t\u00f3n, rytmus, melodie, stupnice, interval) tak, aby zm\u00edr\u0148ovaly nebo dokonce vy\u0159e\u0161ily r\u016fzn\u00e9 psychologick\u00e9 probl\u00e9my. Cvi\u010den\u00ed maj\u00ed l\u00e9\u010div\u00fd \u00fa\u010dinek na ur\u010dit\u00e9 poruchy d\u00fdchac\u00edch a kr\u010dn\u00edch org\u00e1n\u016f. Uspokojiv\u00fdch v\u00fdsledk\u016f lze dos\u00e1hnout u astmatik\u016f, v p\u0159\u00edpadech zaj\u00edk\u00e1v\u00e1n\u00ed a kokt\u00e1n\u00ed, \u0161patn\u00e9ho sluchu u d\u011bt\u00ed, m\u011blk\u00e9ho dechu, za\u017e\u00edvac\u00edch probl\u00e9m\u016f, v p\u0159\u00edpadech nervozity, migr\u00e9ny, nespavosti, nap\u011bt\u00ed atd.<br \/>\nPodobn\u011b pom\u00e1h\u00e1 v l\u00e9\u010debn\u00e9 pedagogice: u\u010d\u00ed lidi, d\u0159\u00edve pova\u017eovan\u00e9 za nekomunikativn\u00ed nebo neschopn\u00e9 spolupracovat navazovat kontakty, uklid\u0148uje a reorientuje zmaten\u00e9 a seniln\u00ed, odv\u00e1d\u00ed psychotick\u00e9 pacienty od destruktivn\u00edho a agresivn\u00edho chov\u00e1n\u00ed, od jejich halucinac\u00ed a posedlosti.<\/p>\n<!-- Facebook Members Plugin by Crunchify: http:\/\/Crunchify.com\/facebook-members\/ -->\n\t\t<div class=\"fb-recommendations-bar\" data-href=\"https:\/\/orpheus.hr\/cz\/pevecka-terapie-werbeck\/\" data-read-time=\"5\" data-side=\"\" data-action=\"like\"><\/div>","protected":false},"excerpt":{"rendered":"<p>P\u011bveck\u00e1 terapie Werbeck Zp\u00edv\u00e1n\u00ed bylo v\u017edy zdrojem radosti, spojen\u00ed mezi lidmi, spole\u010dn\u00edkem p\u0159i pr\u00e1ci a m\u011blo pro \u010dlov\u011bka hlubokou l\u00e9\u010divou a vyrovn\u00e1vac\u00ed s\u00edlu. P\u0159i spole\u010dn\u00e9m zp\u011bvu prohlubujeme vztahy v sob\u011b i mezi sebou navz\u00e1jem. \u201eHudebn\u00ed aktivita je spojena se v\u0161emi o\u017eivuj\u00edc\u00edmi silami v lidsk\u00e9m organismu; spojuje se s proudy, kter\u00e9 j\u00edm proch\u00e1zej\u00ed a o\u017eivuj\u00ed cel\u00e9ho&#8230;<\/p>\n","protected":false},"author":2,"featured_media":0,"parent":0,"menu_order":0,"comment_status":"closed","ping_status":"closed","template":"","meta":{"footnotes":""},"_links":{"self":[{"href":"https:\/\/orpheus.hr\/cz\/wp-json\/wp\/v2\/pages\/2076"}],"collection":[{"href":"https:\/\/orpheus.hr\/cz\/wp-json\/wp\/v2\/pages"}],"about":[{"href":"https:\/\/orpheus.hr\/cz\/wp-json\/wp\/v2\/types\/page"}],"author":[{"embeddable":true,"href":"https:\/\/orpheus.hr\/cz\/wp-json\/wp\/v2\/users\/2"}],"replies":[{"embeddable":true,"href":"https:\/\/orpheus.hr\/cz\/wp-json\/wp\/v2\/comments?post=2076"}],"version-history":[{"count":2,"href":"https:\/\/orpheus.hr\/cz\/wp-json\/wp\/v2\/pages\/2076\/revisions"}],"predecessor-version":[{"id":3041,"href":"https:\/\/orpheus.hr\/cz\/wp-json\/wp\/v2\/pages\/2076\/revisions\/3041"}],"wp:attachment":[{"href":"https:\/\/orpheus.hr\/cz\/wp-json\/wp\/v2\/media?parent=2076"}],"curies":[{"name":"wp","href":"https:\/\/api.w.org\/{rel}","templated":true}]}}