{"id":2072,"date":"2014-02-04T18:25:02","date_gmt":"2014-02-04T18:25:02","guid":{"rendered":"http:\/\/orpheus.hr\/cz\/?page_id=2072"},"modified":"2016-07-01T14:03:56","modified_gmt":"2016-07-01T14:03:56","slug":"pevecka-metoda-werbeck","status":"publish","type":"page","link":"https:\/\/orpheus.hr\/cz\/pevecka-metoda-werbeck\/","title":{"rendered":"P\u011bveck\u00e1 metoda Werbeck"},"content":{"rendered":"<h3 class=\"headline\">P\u011bveck\u00e1 metoda Werbeck<\/h3>\n<p><img loading=\"lazy\" decoding=\"async\" class=\"alignleft size-full wp-image-2031\" src=\"\/hr\/wp-content\/uploads\/2013\/10\/werbeck-metoda-pjevanja-11.jpg\" alt=\"P\u011bveck\u00e1 metoda Werbeck\" width=\"399\" height=\"288\" srcset=\"https:\/\/orpheus.hr\/cz\/wp-content\/uploads\/2013\/10\/werbeck-metoda-pjevanja-11.jpg 399w, https:\/\/orpheus.hr\/cz\/wp-content\/uploads\/2013\/10\/werbeck-metoda-pjevanja-11-300x217.jpg 300w\" sizes=\"(max-width: 399px) 100vw, 399px\" \/><br \/>\nJedn\u00edm z hlavn\u00edch nedorozum\u011bn\u00ed, kter\u00e1 p\u0159evl\u00e1daj\u00ed v n\u011bkter\u00fdch p\u011bveck\u00fdch technik\u00e1ch je \u00favaha, \u017ee hlas je produktem vysoce organizovan\u00e9 hmoty.<br \/>\nVe \u201e\u0160kole pro odhalen\u00ed hlasu\u201c se zp\u011bv nepova\u017euje za n\u011bjak\u00fd \u201eprodukt\u201c ur\u010dit\u00fdch org\u00e1n\u016f nebo \u010d\u00e1st\u00ed t\u011bla, ale za v\u00fdraz cel\u00e9 lidsk\u00e9 bytosti.<br \/>\nM\u016f\u017ee b\u00fdt v\u0161ak zablokov\u00e1n fyziologick\u00fdmi a jin\u00fdmi p\u0159ek\u00e1\u017ekami. P\u011bveck\u00e1 metoda Werbeck usiluje o odstran\u011bn\u00ed p\u0159ek\u00e1\u017eek, aby hlas, kter\u00fd pat\u0159\u00ed ke ka\u017ed\u00e9 lidsk\u00e9 bytosti, mohl b\u00fdt odhalen:<br \/>\n\u201e A tady nar\u00e1\u017e\u00edme na hlavn\u00ed probl\u00e9m sou\u010dasn\u00e9 hlasov\u00e9 pedagogiky: lidsk\u00fd hlas nepot\u0159ebuje \u017e\u00e1dn\u00e9 \u0161kolen\u00ed, ten zde je, hotov\u00fd a dokonal\u00fd jako\u017eto p\u0159edm\u011bt. To, co hlas pot\u0159ebuje, je osvobozen\u00ed. M\u011bli bychom hovo\u0159it o osvobozen\u00ed hlasu, nebo sp\u00ed\u0161e o jeho odkryt\u00ed, a ne o hlasov\u00e9m \u0161kolen\u00ed. V\u0161echna \u010dinnost, ve\u0161ker\u00e9 \u00fasil\u00ed o to, co se naz\u00fdv\u00e1 hlasov\u00fdm \u0161kolen\u00edm v podstat\u011b nen\u00ed ni\u010d\u00edm jin\u00fdm, ne\u017e osvobozen\u00edm, odstran\u011bn\u00edm blokuj\u00edc\u00edch n\u00e1nos\u016f, kter\u00e9 nedovol\u00ed hlasu se projevit,\u201c Werbeck.<\/p>\n<p>U\u010ditel a um\u011blec nikdy nem\u016f\u017eou ud\u011blat nic jin\u00e9ho, ne\u017e vytvo\u0159it podm\u00ednky, za kter\u00fdch by se hlasov\u00fd fenom\u00e9n mohl projevit. Na m\u00ed\u0159e toho, jak se poda\u0159\u00ed otev\u0159\u00edt n\u011b\u010d\u00ed t\u011blesn\u00fd hudebn\u00ed n\u00e1stroj z\u00e1le\u017e\u00ed, zda pronikne a zaz\u00e1\u0159\u00ed kr\u00e1sn\u00fd t\u00f3n, nebo ne.<\/p>\n<p>T\u00f3n bude kr\u00e1sn\u00fd, kdy\u017e nic z toho, co m\u00e1 t\u011blesnou povahu se mu nepostav\u00ed do cesty. Av\u0161ak bude zn\u00edt \u0161patn\u011b, kdy\u017e bude \u201ezadr\u017een\u201c nebo \u201echycen\u201c p\u0159i tom jak se line ven.<br \/>\nA\u010dkoli dnes je \u201e\u0160kola pro odhalen\u00ed hlasu\u201c ch\u00e1p\u00e1na hlavn\u011b v jej\u00edm um\u011bleck\u00e9m a pedagogick\u00e9m aspektu, kompletn\u011bj\u0161\u00ed obraz lze z\u00edskat, jestli\u017ee vezmeme v \u00favahu jej\u00ed terapeutick\u00e9 vyu\u017eit\u00ed.<\/p>\n<!-- Facebook Members Plugin by Crunchify: http:\/\/Crunchify.com\/facebook-members\/ -->\n\t\t<div class=\"fb-recommendations-bar\" data-href=\"https:\/\/orpheus.hr\/cz\/pevecka-metoda-werbeck\/\" data-read-time=\"5\" data-side=\"\" data-action=\"like\"><\/div>","protected":false},"excerpt":{"rendered":"<p>P\u011bveck\u00e1 metoda Werbeck Jedn\u00edm z hlavn\u00edch nedorozum\u011bn\u00ed, kter\u00e1 p\u0159evl\u00e1daj\u00ed v n\u011bkter\u00fdch p\u011bveck\u00fdch technik\u00e1ch je \u00favaha, \u017ee hlas je produktem vysoce organizovan\u00e9 hmoty. Ve \u201e\u0160kole pro odhalen\u00ed hlasu\u201c se zp\u011bv nepova\u017euje za n\u011bjak\u00fd \u201eprodukt\u201c ur\u010dit\u00fdch org\u00e1n\u016f nebo \u010d\u00e1st\u00ed t\u011bla, ale za v\u00fdraz cel\u00e9 lidsk\u00e9 bytosti. M\u016f\u017ee b\u00fdt v\u0161ak zablokov\u00e1n fyziologick\u00fdmi a jin\u00fdmi p\u0159ek\u00e1\u017ekami. P\u011bveck\u00e1 metoda Werbeck&#8230;<\/p>\n","protected":false},"author":2,"featured_media":0,"parent":0,"menu_order":0,"comment_status":"closed","ping_status":"closed","template":"","meta":{"footnotes":""},"_links":{"self":[{"href":"https:\/\/orpheus.hr\/cz\/wp-json\/wp\/v2\/pages\/2072"}],"collection":[{"href":"https:\/\/orpheus.hr\/cz\/wp-json\/wp\/v2\/pages"}],"about":[{"href":"https:\/\/orpheus.hr\/cz\/wp-json\/wp\/v2\/types\/page"}],"author":[{"embeddable":true,"href":"https:\/\/orpheus.hr\/cz\/wp-json\/wp\/v2\/users\/2"}],"replies":[{"embeddable":true,"href":"https:\/\/orpheus.hr\/cz\/wp-json\/wp\/v2\/comments?post=2072"}],"version-history":[{"count":2,"href":"https:\/\/orpheus.hr\/cz\/wp-json\/wp\/v2\/pages\/2072\/revisions"}],"predecessor-version":[{"id":3039,"href":"https:\/\/orpheus.hr\/cz\/wp-json\/wp\/v2\/pages\/2072\/revisions\/3039"}],"wp:attachment":[{"href":"https:\/\/orpheus.hr\/cz\/wp-json\/wp\/v2\/media?parent=2072"}],"curies":[{"name":"wp","href":"https:\/\/api.w.org\/{rel}","templated":true}]}}