{"id":1959,"date":"2016-06-01T12:12:44","date_gmt":"2013-10-28T12:12:44","guid":{"rendered":"http:\/\/orpheus.hr\/cz\/?page_id=1959"},"modified":"2022-04-09T18:10:49","modified_gmt":"2022-04-09T18:10:49","slug":"letne-seminare","status":"publish","type":"page","link":"https:\/\/orpheus.hr\/cz\/letne-seminare\/","title":{"rendered":"Letn\u00e9 semin\u00e1re"},"content":{"rendered":"<h3 class=\"headline\">Letn\u00fd semin\u00e1r spievania v Orebi\u0107i<\/h3>\n<p>T\u00fd\u017ed\u0148ov\u00fd semin\u00e1r spievania \u201e\u0160kola pre odhalenie hlasu\u201c sa kon\u00e1 v Orebi\u010di na poloostrove Pelje\u0161ac. Semin\u00e1r sa za\u010d\u00edna 17.07. \/ 07.08.2022. a kon\u010di 23.07. \/ 13.08.2022. Denn\u00fd pracovn\u00fd program \u0161kolenia pozost\u00e1va z dvoch \u010dast\u00ed: 10-12 a 14-16 hod. T\u00fd\u017edenn\u00fd program je zameran\u00fd predov\u0161etk\u00fdm na spev\u00e1cke cvi\u010denia \u201e\u0160koly pre odhalenie hlasu\u201c a spievanie jednohlasn\u00fdch a viachlas\u00fdch piesn\u00ed.<\/p>\n<p><span style=\"line-height: 1.5em;\">D\u013a\u017eka semin\u00e1ru umo\u017e\u0148uje zozn\u00e1mi\u0165 sa d\u00f4vernej\u0161ie s vlastn\u00fdm hlasom, prenikn\u00fa\u0165 hlb\u0161ie k odhaleniu n\u00e1stroja v na\u0161om vn\u00fatri a objavi\u0165 sp\u00f4sob, ako s n\u00edm nar\u00e1ba\u0165 \u013eah\u0161ie a \u00fa\u010dinnej\u0161ie.\u00a0 Pozornos\u0165 sa venuje aj skupinov\u00e9mu po\u010d\u00favaniu ostatn\u00fdch \u00fa\u010dastn\u00edkovSemin\u00e1r sa kon\u00e1 v budove Obecn\u00e9ho domu (Op\u0107ina), na pobre\u017e\u00ed v centre Orebi\u0107u.<\/span><\/p>\n<p>Ubytovanie mo\u017eno n\u00e1js\u0165 v Orebi\u0107i, Mokale (5 km od Orebi\u0107a), v kempingu alebo apartm\u00e1ne, alebo v okolit\u00fdch osad\u00e1ch (Viganj, Ku\u0107i\u0161te, Postup).<\/p>\n<h3 class=\"headline\">Orebi\u0107<\/h3>\n<p>Meste\u010dko Orebi\u0107 s viac ako 2500 obyvate\u013emi sa nach\u00e1dza na ju\u017enom pobre\u017e\u00ed polostrova Pelje\u0161ac, obr\u00e1ten\u00e9 smerom ku Kor\u010dule, na \u00fap\u00e4t\u00ed vrchu Sv. Ilija (961m). Malebn\u00e9 meste\u010dko je kol\u00edskou morsk\u00fdch kapit\u00e1nov a n\u00e1morn\u00edkov, ktor\u00fdch trad\u00edciu uchov\u00e1va miestne N\u00e1morn\u00e9 m\u00fazeum. Orebi\u0107 pon\u00faka svojim n\u00e1v\u0161tevn\u00edkom nedotknut\u00fa pr\u00edrodu st\u00e1ro\u010dn\u00fdch borov\u00edc a cyprusov (zn\u00e1ma napr. vz\u00e1cnym biotopom \u2013 pyram\u00eddovit\u00fdm lesom preva\u017ene z t\u00fdchto dvoch drev\u00edn na svahu nad morom pod franti\u0161k\u00e1nskym kl\u00e1\u0161torom Velike Gospe (Panny M\u00e1rie), ale aj olivovn\u00edkov, mandl\u00ed, ag\u00e1vy a kvetov.<\/p>\n<h3 class=\"headline\">\u010co nav\u0161t\u00edvi\u0165:<\/h3>\n<p>N\u00e1morn\u00e9 m\u00fazeum, Franti\u0161k\u00e1nsky kl\u00e1\u0161tor, vrch Sv. Ilija, ostrovy Kor\u010dula a Mljet, Dubrovn\u00edk a Me\u0111ugorje.<\/p>\n<h3 class=\"headline\">Pelje\u0161ack\u00e9 v\u00edna<\/h3>\n<p>N\u00e1v\u0161teva druh\u00e9ho najv\u00e4\u010d\u0161ieho chorv\u00e1tskeho polostrova by nebola \u00faplnou bez prehliadky pelje\u0161ack\u00fdch vinohradov a ochutn\u00e1vky kvalitn\u00fdch pr\u00edvlastkov\u00fdch v\u00edn. Kamenist\u00e1 zem a trpezliv\u00e1 pr\u00e1ca usilovn\u00fdch obyvate\u013eov zrodili ch\u00fdrne v\u00edna, v\u010faka ktor\u00fdm sa meno Pelje\u0161ac stalo svetozn\u00e1mym: &#8220;Dinga\u010d&#8221;, &#8220;Postup&#8221;, &#8220;Plavac&#8221; a &#8220;Pelje\u0161ac&#8221;. Pelje\u0161ack\u00e9 v\u00edna ob\u013eubovali u\u017e Il\u00fdri, Gr\u00e9ci, Rimania a star\u00ed Slovania. Cis\u00e1r Franti\u0161ek Jozef ako vynikaj\u00faci znalec u\u0161\u013eachtil\u00e9ho moku, mal na svojej v\u00ednnej karte zap\u00edsan\u00e9 zlat\u00fdmi p\u00edsmenami dalmat\u00ednske v\u00edno z oblasti Dinga\u010d. K milovn\u00edkom \u010derven\u00fdch v\u00edn z tejto oblasti patril tie\u017e b\u00fdval\u00fd prezident USA. Pridajte sa aj Vy k pr\u00edvr\u017eencom v\u00edn z polostrova Pelje\u0161ac.<\/p>\n<h3 class=\"headline\">Mokalo<\/h3>\n<p>Malebn\u00e1 dedinka Mokalo predstavuje ide\u00e1lne miesto na dovolenku. Okrem apartm\u00e1nov a kempingov n\u00e1jdete v Mokale re\u0161taur\u00e1ciu s dalmat\u00ednskymi \u0161pecialitami, pl\u00e1\u017eov\u00fd bar, pot\u00e1pa\u010dsk\u00e9 centrum a n\u00e1dhern\u00fa pl\u00e1\u017e, kri\u0161t\u00e1\u013eovo \u010dist\u00e9 more, st\u00e1ro\u010dn\u00fd borovicov\u00fd les, hru cik\u00e1d. Ak popri tom ochutn\u00e1te aj poh\u00e1r dom\u00e1ceho v\u00edna, dovolenka V\u00e1m ostane v st\u00e1lej pam\u00e4ti.<\/p>\n<p><a href=\"http:\/\/baldo.hr\/apartments-camping-baldo\/\">Baldo.hr<\/a><\/p>\n<h3 class=\"headline\">Ako cestova\u0165:<\/h3>\n<p><b>Autobusom<\/b><\/p>\n<p>Orebi\u0107 je po\u010das hlavnej turistickej sez\u00f3ny viackr\u00e1t denne spojen\u00fd autobusov\u00fdmi linkami s v\u00fdznamnej\u0161\u00edmi mestami ako je Dubrovn\u00edk, Split, Z\u00e1hreb \u010di Sarajevo.<\/p>\n<p>Autobusov\u00e1 stanica Z\u00e1hreb &#8211; <a href=\"http:\/\/www.akz.hr\/\">www.akz.hr<\/a><br \/>\nAutotrans Rijeka &#8211; <a href=\"http:\/\/www.autotrans.hr\/\" target=\"_blank\" rel=\"noopener\">www.autotrans.hr<\/a><br \/>\nLibertas Dubrovnik &#8211; <a href=\"http:\/\/www.libertasdubrovnik.hr\/\" target=\"_blank\" rel=\"noopener\">www.libertasdubrovnik.hr<\/a><\/p>\n<p><b>Autom<\/b><\/p>\n<p>Ak prich\u00e1dzate po Jadranskej magistr\u00e1le zo smeru Dubrovn\u00edk, do Orebi\u0107a doraz\u00edte cez Ston. Pri Stone sa zarad\u00edte na Pelje\u0161ack\u00fa cestu, po ktorej sa po 60 km dostanete do Orebi\u0107u.<br \/>\nAk prich\u00e1dzate zo Splitu, veziete sa op\u00e4\u0165 po Jadranskej magistr\u00e1le cez Makarsku alebo Plo\u010de, pr\u00eddete do Stonu a pokra\u010dujete po Pelje\u0161ackej ceste do Orebi\u0107u. Cestu autom si m\u00f4\u017eete aj skr\u00e1ti\u0165, ak sa nalod\u00edte na trajekt v Plo\u010diach, ktor\u00fdm ste za hodinu v Trpinji a o \u010fal\u0161\u00edch 20 min\u00fat nato pr\u00eddete do Orebi\u0107u.<\/p>\n<p>Chorv\u00e1tsky autoklub &#8211; <a href=\"http:\/\/www.hak.hr\/\" target=\"_blank\" rel=\"noopener\">www.hak.hr<\/a><\/p>\n<p><b>Lo\u010fou<\/b><\/p>\n<p>R\u00fdchla lodn\u00e1 pobre\u017en\u00e1 l\u00ednia sp\u00e1jaj\u00faca Rijeku, Split a Dubrovn\u00edk prist\u00e1va na Kor\u010dule po\u010das letn\u00fdch mesiacov. Ak vyst\u00fapite na Kor\u010dule, do Orebi\u0107u sa m\u00f4\u017eete previez\u0165 trajektom alebo turistickou lo\u010fou. Do cie\u013eovej destin\u00e1cie pr\u00eddete za p\u00e4tn\u00e1s\u0165 min\u00fat. Najr\u00fdchlej\u0161ie sp\u00e1ja v letn\u00fdch mesiacoch Split s Kor\u010dulou katamaranov\u00e1 l\u00ednia Split-Kor\u010dula. Do Orebi\u0107u sa dostanete turistickou lo\u010fou, ktor\u00e1 vypl\u00e1va \u010doskoro po pr\u00edchode katamaranu na Kor\u010dulu.<\/p>\n<p>Jadrolinija &#8211; <a href=\"http:\/\/www.jadrolinija.hr\/\" target=\"_blank\" rel=\"noopener\">www.jadrolinija.hr<\/a><br \/>\nMediteranska plovidba &#8211; <a href=\"http:\/\/www.medplov.hr\/\" target=\"_blank\" rel=\"noopener\">www.medplov.hr<\/a><\/p>\n<p><b>Letecky<\/b><\/p>\n<p>Pri pr\u00edchode z v\u00e4\u010d\u0161\u00edch eur\u00f3pskych miest V\u00e1m dobr\u00fd pr\u00edstup do Orebi\u0107u letisko v Dubrovn\u00edku (\u010cilipi). Po pr\u00edlete m\u00e1te mo\u017enos\u0165 prepravy na dubrovn\u00edcku autobusov\u00fa stanicu s \u010fal\u0161\u00edm pokra\u010dovan\u00edm autobusom do Orebi\u0107u. M\u00f4\u017eete si tu v\u0161ak prenaja\u0165 aj automobil.<\/p>\n<p>Croatia Airlines &#8211; <a href=\"http:\/\/www.croatiaairlines.hr\/\" target=\"_blank\" rel=\"noopener\">www.croatiaairlines.hr<\/a><\/p>\n<p><a href=\"http:\/\/www.croatiaairlines.hr\/\" target=\"_blank\" rel=\"noopener\"><br \/>\n<\/a>Informace:<br \/>\nCena je\u00a0300 eur na uch\u00e1dza\u010da. V cene je zahrnut\u00e1 aj jedna individu\u00e1lna hodina.<\/p>\n<p>Pri prihl\u00e1sen\u00ed treba uhradi\u0165 kotiz\u00e1ciu (do 15.06.2022.) vo v\u00fd\u0161ke 100 \u20ac na \u00fa\u010det (majite\u013e \u00fa\u010dtu Baldo Mikuli\u0107): 3225310425, Zagreba\u010dka banka d.d., Zagreb, Paromlinska 2, Hrvatska (SWIFT\/BIC: ZABAHR2X, IBAN: HR6423600003225310425).<\/p>\n<p>Baldo Mikuli\u0107, Horvatovac 92, 10 000 Zagreb<\/p>\n<p>tel: +38591-1714-322, e-mail: info@orpheus.hr<\/p>\n<p>www.orpheus.hr<\/p>\n<!-- Facebook Members Plugin by Crunchify: http:\/\/Crunchify.com\/facebook-members\/ -->\n\t\t<div class=\"fb-recommendations-bar\" data-href=\"https:\/\/orpheus.hr\/cz\/letne-seminare\/\" data-read-time=\"5\" data-side=\"\" data-action=\"like\"><\/div>","protected":false},"excerpt":{"rendered":"<p>Letn\u00fd semin\u00e1r spievania v Orebi\u0107i T\u00fd\u017ed\u0148ov\u00fd semin\u00e1r spievania \u201e\u0160kola pre odhalenie hlasu\u201c sa kon\u00e1 v Orebi\u010di na poloostrove Pelje\u0161ac. Semin\u00e1r sa za\u010d\u00edna 17.07. \/ 07.08.2022. a kon\u010di 23.07. \/ 13.08.2022. Denn\u00fd pracovn\u00fd program \u0161kolenia pozost\u00e1va z dvoch \u010dast\u00ed: 10-12 a 14-16 hod. T\u00fd\u017edenn\u00fd program je zameran\u00fd predov\u0161etk\u00fdm na spev\u00e1cke cvi\u010denia \u201e\u0160koly pre odhalenie hlasu\u201c a&#8230;<\/p>\n","protected":false},"author":2,"featured_media":0,"parent":0,"menu_order":0,"comment_status":"closed","ping_status":"closed","template":"","meta":{"footnotes":""},"_links":{"self":[{"href":"https:\/\/orpheus.hr\/cz\/wp-json\/wp\/v2\/pages\/1959"}],"collection":[{"href":"https:\/\/orpheus.hr\/cz\/wp-json\/wp\/v2\/pages"}],"about":[{"href":"https:\/\/orpheus.hr\/cz\/wp-json\/wp\/v2\/types\/page"}],"author":[{"embeddable":true,"href":"https:\/\/orpheus.hr\/cz\/wp-json\/wp\/v2\/users\/2"}],"replies":[{"embeddable":true,"href":"https:\/\/orpheus.hr\/cz\/wp-json\/wp\/v2\/comments?post=1959"}],"version-history":[{"count":13,"href":"https:\/\/orpheus.hr\/cz\/wp-json\/wp\/v2\/pages\/1959\/revisions"}],"predecessor-version":[{"id":3283,"href":"https:\/\/orpheus.hr\/cz\/wp-json\/wp\/v2\/pages\/1959\/revisions\/3283"}],"wp:attachment":[{"href":"https:\/\/orpheus.hr\/cz\/wp-json\/wp\/v2\/media?parent=1959"}],"curies":[{"name":"wp","href":"https:\/\/api.w.org\/{rel}","templated":true}]}}