{"id":1855,"date":"2013-10-27T16:19:35","date_gmt":"2013-10-27T16:19:09","guid":{"rendered":"http:\/\/orpheus.hr\/cz\/?page_id=1855"},"modified":"2024-01-26T18:37:52","modified_gmt":"2024-01-26T18:37:52","slug":"werbeck-zpev","status":"publish","type":"page","link":"https:\/\/orpheus.hr\/cz\/werbeck-zpev\/","title":{"rendered":"Werbeck zp\u011bv"},"content":{"rendered":"<h3 class=\"headline\">Za\u010d\u00e1tek odhalen\u00ed va\u0161eho p\u011bveck\u00e9ho talentu<\/h3>\n<p><img loading=\"lazy\" decoding=\"async\" class=\"alignleft size-full wp-image-2037\" src=\"\/hr\/wp-content\/uploads\/2013\/10\/werbeck-pjevanje1.jpg\" alt=\"werbeck-pjevanje\" width=\"399\" height=\"288\" srcset=\"https:\/\/orpheus.hr\/cz\/wp-content\/uploads\/2013\/10\/werbeck-pjevanje1.jpg 399w, https:\/\/orpheus.hr\/cz\/wp-content\/uploads\/2013\/10\/werbeck-pjevanje1-300x217.jpg 300w\" sizes=\"(max-width: 399px) 100vw, 399px\" \/><br \/>\nV\u00edt\u00e1me v\u00e1s v chorvatsk\u00e9 \u0160kole pro odhalen\u00ed hlasu, m\u00edst\u011b, kde se dozv\u00edte, \u017ee ka\u017ed\u00fd kdo mluv\u00ed, m\u016f\u017ee i zp\u00edvat \u2013 v\u011b\u0159te tomu nebo ne, ale ka\u017ed\u00fd, kdo um\u00ed mluvit, je schopen i zp\u00edvat. Pokud V\u00e1s n\u011bkte\u0159\u00ed cel\u00fd \u017eivot p\u0159esv\u011bd\u010dovali, \u017ee to nen\u00ed pravda, proto\u017ee p\u0159i zp\u00edv\u00e1n\u00ed neum\u00edte trefit t\u00f3n, oklamali nejenom v\u00e1s, ale tak\u00e9 sebe. Pravd\u011bpodobn\u011b v\u00e1m nelhali \u00famysln\u011b, ale upozor\u0148ovali v\u00e1s na \u201eskute\u010dnost\u201c, \u017ee nem\u00e1te talent pro zp\u011bv, aby se V\u00e1m lid\u00e9 nevysm\u00edvali a aby V\u00e1s uchr\u00e1nili p\u0159ed zl\u00fdmi jazyky. \u0158\u00edkali V\u00e1m to, \u010demu i sami v\u011b\u0159ili; nikdo jim neuk\u00e1zal spr\u00e1vou metodu pro odhalen\u00ed hlasu, a ur\u010dit\u011b se nesezn\u00e1mili se zp\u00edvaj\u00edc\u00edmi \u00fa\u010dastn\u00edky na\u0161\u00ed \u0161koly, kter\u00fdm dneska nikdo nev\u011b\u0159\u00ed, \u017ee n\u011bkdy \u201enezp\u00edvali dob\u0159e\u201c.<br \/>\nNa druh\u00e9 stran\u011b, mo\u017en\u00e1 jste v d\u011btstv\u00ed nebo v ml\u00e1d\u00ed zp\u00edvali jako slav\u00ed\u010dek, ale \u010dasem jste se, z nezn\u00e1m\u00fdch d\u016fvod\u016f, zamlkli a c\u00edtili se \u00fapln\u011b zablokovan\u00ed. At\u00b4 je tomu jakkoli, jste na spr\u00e1vn\u00e9m m\u00edst\u011b, abyste &#8211; poprv\u00e9 \u010di znovu \u2013 odhalili sv\u016fj hlas.<\/p>\n<h3 class=\"headline\">Opern\u00ed diva vymyslela cvi\u010den\u00ed<\/h3>\n<p>Lidsk\u00e9 t\u011blo je nejstar\u0161\u00ed hudebn\u00ed n\u00e1stroj na sv\u011bt\u011b. Nejd\u0159\u00edv jsme objevili sv\u011bt vlastn\u00edho hlasu, abychom teprve pozd\u011bji za\u010dali hledat v\u011bci, kter\u00e9 vypou\u0161t\u011bj\u00ed zvuky a ze kter\u00fdch jsme vytvo\u0159ili n\u00e1stroje. N\u00e1\u0161 hudebn\u00ed n\u00e1stroj je z\u00e1rove\u0148 velice slo\u017eit\u00fd. Aby toti\u017e vznikl hlas, spolupracuj\u00ed hrdlo, nos, b\u0159i\u0161n\u00ed a p\u00e1te\u0159n\u00ed svaly, \u017eebra, pl\u00edce ale i psychika, emoce a je\u0161t\u011b hodn\u011b toho jin\u00e9ho. A proto bychom se nem\u011bli divit tomu, \u017ee b\u011bhem tohoto procesu m\u016f\u017ee vzniknout porucha nebo blok, oku neviditeln\u00e9, my\u0161lenk\u00e1m nerozeznateln\u00e9, ale zcela dostate\u010dn\u00e9, abychom kv\u016fli nim p\u0159i\u0161li o \u201ep\u011bkn\u00fd hlas\u201c. Ov\u0161em, stejn\u011b jako existuj\u00ed mist\u0159i, kte\u0159\u00ed obnov\u00ed a nalad\u00ed n\u00e1stroje, tak jsou i u\u010ditel\u00e9, kte\u0159\u00ed V\u00e1m pom\u016f\u017eou za\u010d\u00edt zp\u00edvat, v podstat\u011b objevit sv\u016fj hlas.<br \/>\n\u0160kolu pro objevov\u00e1n\u00ed hlasu zalo\u017eila \u0161v\u00e9dsk\u00e1 opern\u00ed zp\u011bva\u010dka Valborg Werbeck \u2013 Sv\u00e4rdstr\u00f6m, jej\u00ed\u017e kari\u00e9ra byla v jednom okam\u017eiku n\u00e1hle p\u0159eru\u0161ena kv\u016fli obrn\u011b hlasivek. Vzhledem k tomu, \u017ee j\u00ed nic nepom\u00e1halo a \u017ee j\u00ed ani jeden tehdej\u0161\u00ed zp\u016fsob zp\u011bvu neuspokojoval, za\u010dala rozv\u00edjet vlastn\u00ed p\u0159\u00edstup k fenom\u00e9nu hlasu, a pomalu rozpracovala cvi\u010den\u00ed, pomoc\u00ed kter\u00fdch se \u00fasp\u011b\u0161n\u011b vr\u00e1tila na podium.<br \/>\nV \u00famyslu ji podporoval dr. Rudolf Steiner, otec antroposofie a Waldorfsk\u00fdch \u0161kol. Jejich spolupr\u00e1ce (1912-1924) umo\u017enila uzn\u00e1n\u00ed \u201e\u0160koly pro odhalen\u00ed hlasu\u201c jako spr\u00e1vn\u00e9ho zp\u016fsobu vzd\u011bl\u00e1van\u00ed hlasu. B\u011bhem pr\u00e1ce s posti\u017een\u00edmi osobami v r\u016fzn\u00fdch st\u0159edisc\u00edch polo\u017eila Werbeck \u2013 Sv\u00e4rdstr\u00f6m z\u00e1klady k terapeutick\u00e9mu uplatn\u011bn\u00ed sv\u00fdch cvi\u010den\u00ed.<\/p>\n<h3 class=\"headline\">Nalez\u0148ete sv\u016fj n\u00e1stroj<\/h3>\n<p>Jestli se chcete dozv\u011bd\u011bt v\u00edc o cvi\u010den\u00edch, respektive se nau\u010dit z\u00e1klad\u016fm Werbeck metody zp\u00edv\u00e1n\u00ed, z\u00fa\u010dastn\u011bte se jednoho z na\u0161ich prob\u00edhaj\u00edc\u00edch semin\u00e1\u0159\u016f. Tak\u00e9 se m\u016f\u017eete p\u0159ipojit k edukaci nebo domluvit soukrom\u00e9 vyu\u010dov\u00e1n\u00ed u jedin\u00e9ho diplomovan\u00e9ho u\u010ditele zp\u00edv\u00e1n\u00ed dle Werbeck metody a hudebn\u00edho terapeuta v t\u00e9hle \u010d\u00e1sti Evropy, prof. Balda Mikuli\u0107e.<br \/>\nKa\u017edop\u00e1dn\u011b mus\u00edte si b\u00fdt v\u011bdomi, \u017ee odhalen\u00ed hlasu je jenom jin\u00fd n\u00e1zev pro odhalen\u00ed sebe sam\u00e9ho a \u010dasto i p\u0159ekon\u00e1 va\u0161e o\u010dek\u00e1v\u00e1n\u00ed. Jsme si jisti, \u017ee si budete u\u017e\u00edvat kr\u00e1su sv\u00e9ho nov\u011b odhalen\u00e9ho n\u00e1stroje.<\/p>\n<!-- Facebook Members Plugin by Crunchify: http:\/\/Crunchify.com\/facebook-members\/ -->\n\t\t<div class=\"fb-recommendations-bar\" data-href=\"https:\/\/orpheus.hr\/cz\/werbeck-zpev\/\" data-read-time=\"5\" data-side=\"\" data-action=\"like\"><\/div>","protected":false},"excerpt":{"rendered":"<p>Za\u010d\u00e1tek odhalen\u00ed va\u0161eho p\u011bveck\u00e9ho talentu V\u00edt\u00e1me v\u00e1s v chorvatsk\u00e9 \u0160kole pro odhalen\u00ed hlasu, m\u00edst\u011b, kde se dozv\u00edte, \u017ee ka\u017ed\u00fd kdo mluv\u00ed, m\u016f\u017ee i zp\u00edvat \u2013 v\u011b\u0159te tomu nebo ne, ale ka\u017ed\u00fd, kdo um\u00ed mluvit, je schopen i zp\u00edvat. Pokud V\u00e1s n\u011bkte\u0159\u00ed cel\u00fd \u017eivot p\u0159esv\u011bd\u010dovali, \u017ee to nen\u00ed pravda, proto\u017ee p\u0159i zp\u00edv\u00e1n\u00ed neum\u00edte trefit t\u00f3n, oklamali&#8230;<\/p>\n","protected":false},"author":2,"featured_media":0,"parent":0,"menu_order":0,"comment_status":"closed","ping_status":"closed","template":"","meta":{"footnotes":""},"_links":{"self":[{"href":"https:\/\/orpheus.hr\/cz\/wp-json\/wp\/v2\/pages\/1855"}],"collection":[{"href":"https:\/\/orpheus.hr\/cz\/wp-json\/wp\/v2\/pages"}],"about":[{"href":"https:\/\/orpheus.hr\/cz\/wp-json\/wp\/v2\/types\/page"}],"author":[{"embeddable":true,"href":"https:\/\/orpheus.hr\/cz\/wp-json\/wp\/v2\/users\/2"}],"replies":[{"embeddable":true,"href":"https:\/\/orpheus.hr\/cz\/wp-json\/wp\/v2\/comments?post=1855"}],"version-history":[{"count":3,"href":"https:\/\/orpheus.hr\/cz\/wp-json\/wp\/v2\/pages\/1855\/revisions"}],"predecessor-version":[{"id":3304,"href":"https:\/\/orpheus.hr\/cz\/wp-json\/wp\/v2\/pages\/1855\/revisions\/3304"}],"wp:attachment":[{"href":"https:\/\/orpheus.hr\/cz\/wp-json\/wp\/v2\/media?parent=1855"}],"curies":[{"name":"wp","href":"https:\/\/api.w.org\/{rel}","templated":true}]}}