{"id":504,"date":"2014-02-04T18:49:37","date_gmt":"2013-02-07T04:29:55","guid":{"rendered":"http:\/\/localhost\/wordpress\/nevia\/?page_id=504"},"modified":"2016-07-01T11:27:37","modified_gmt":"2016-07-01T11:27:37","slug":"vaznost-glazbe-i-pjevanja","status":"publish","type":"page","link":"http:\/\/orpheus.hr\/hr\/vaznost-glazbe-i-pjevanja\/","title":{"rendered":"Va\u017enost glazbe i pjevanja"},"content":{"rendered":"<h3 class=\"headline\">Va\u017enost glazbe i pjevanja<\/h3>\n<p><img loading=\"lazy\" decoding=\"async\" class=\"alignleft size-full wp-image-2053\" alt=\"vaznost-glazbe-i-pjevanja\" src=\"\/hr\/wp-content\/uploads\/2013\/10\/vaznost-glazbe-i-pjevanja.jpg\" width=\"399\" height=\"288\" srcset=\"http:\/\/orpheus.hr\/hr\/wp-content\/uploads\/2013\/10\/vaznost-glazbe-i-pjevanja.jpg 399w, http:\/\/orpheus.hr\/hr\/wp-content\/uploads\/2013\/10\/vaznost-glazbe-i-pjevanja-300x217.jpg 300w\" sizes=\"auto, (max-width: 399px) 100vw, 399px\" \/>U zapadnim dru\u0161tvima u\u017eivanje glazbe i drugih umjetnosti aktivnost je koja je odstranjena iz\u00a0 na\u0161ega svakodnevnog (potro\u0161a\u010dkog) \u017eivota (u kojem zgr\u0107emo i tro\u0161imo). Odvajamo posebno vrijeme za odlazak u koncertne dvorane, galerije da bismo na\u0161li ono za \u010dime te\u017eimo. \u010cini se da se umjetnost nastoji izolirati, kao da bi ona bila vi\u0161e nije bitan dio \u010dovje\u010djeg \u017eivota, ve\u0107 je luksuz.<\/p>\n<p>U staroj Gr\u010dkoj, koja se obi\u010dno uzima kao kolijevka zapadne civilizacije, glazba je bila sveprisutna (i vrlo va\u017ena) u svakodnevnom \u017eivotu. Iako zapravo malo znamo kako je gr\u010dka glazba zvu\u010dala, klasici nas izvje\u0161tavaju o tome da ja glazba kao umjetnost u staroj Gr\u010dkoj bila sastavni dio njihova \u017eivota. Kao \u0161to je to i u dana\u0161njoj kulturi, vrhunskim instrumentalnim umije\u0107em vladali su profesionalni glazbenici, ali su Grci smatrali da\u00a0 pouka u pjevanju i sviranju lire treba biti sastavni dio obrazovanja svakog slobodnog gra\u0111anina. Glazba je bila va\u017eno obilje\u017eje\u00a0 obiteljskih proslava, sve\u010danosti i religijskih obreda. \u201cMi pridajemo iznimnu va\u017enost glazbenom odgoju jer ritam i harmonija najdublje poniru u unutra\u0161njost du\u0161e i tu zauzimaju najsna\u017enije upori\u0161te, donose\u0107i vrlinu u njihov odgoj \u010dine\u0107i \u010dovjeka krepkim.\u201d Platon.<\/p>\n<h3 class=\"headline\">Iznad tjelesnosti<\/h3>\n<p>Ideja kako je glazba tako sna\u017ena da mo\u017ee pozitivno ili negativno utjecati na pojedinca i dru\u0161tvo nestala je. Danas kad je cijeli \u010dovjekov unutra\u0161nji razvoj pod jakim utjecajem materijalisti\u010dkog svjetonazora, vokalna umjetnost omogu\u0107uje \u010dovjeku ponovni susret s duhovnim. Pjevanjem \u010dovjek se mo\u017ee uzdi\u0107i iznad granica tjelesnosti, prona\u0107i vezu sa svojim duhovnim bi\u0107em i svojim bli\u017enjim, koriste\u0107i vlastito tijelo kao instrument. Glazba i pjevanje dose\u017eu dublje nego spoznaja i to mo\u017ee biti vrlo dobar ili najva\u017eniji doprinos u pribli\u017eavanju \u010dovjeka njegovim unutra\u0161njim pobudama.<\/p>\n<blockquote><p>Pjevanje mo\u017ee povezati misli i osje\u0107aje, a mo\u017ee i pomo\u0107i pri ostvarivanju ravnote\u017ee u svakodnevnom \u017eivotu. Na taj na\u010din mogu nastati nove mogu\u0107nosti za ljude i za cijeli ljudski rod. Pjevanje uzdi\u017ee ljude iz njihove svakodnevnice u nova \u017eivotna iskustva koja mogu biti poticaj u njihovim \u017eivotnim zadacima. To se mo\u017ee nazvati glazbenim disanjem. Na taj na\u010din glazba mo\u017ee ste\u0107i konkretno zna\u010denje za ne\u010diji \u017eivot i tako svakodnevni \u017eivot postaje pjevniji.<\/p><\/blockquote>\n<h3 class=\"headline\">Pjevanje danas<\/h3>\n<p><img loading=\"lazy\" decoding=\"async\" class=\"alignright size-full wp-image-2052\" alt=\"vaznost-glazbe\" src=\"\/hr\/wp-content\/uploads\/2013\/10\/vaznost-glazbe.jpg\" width=\"399\" height=\"288\" srcset=\"http:\/\/orpheus.hr\/hr\/wp-content\/uploads\/2013\/10\/vaznost-glazbe.jpg 399w, http:\/\/orpheus.hr\/hr\/wp-content\/uploads\/2013\/10\/vaznost-glazbe-300x217.jpg 300w\" sizes=\"auto, (max-width: 399px) 100vw, 399px\" \/>Obzirom da je tijekom zadnjih stolje\u0107a cijeli kulturni \u017eivot, a tako i obrazovanje, do\u017eivio veliku promjenu, ljudi danas pjevaju manje nego ikada prije. Milijuni ljudi vi\u0161e ne pjevaju tijekom svakodnevnog \u017eivota. Oko 200-300 godina ranije ljudi su imali raspon od 3-4 oktave, a danas jedva ne\u0161to vi\u0161e od jedne. Tendencija je da na\u0161i glasovi postaju ni\u017ei, nepokretljiviji, kru\u0107i (tjelesniji). Na\u0161i se glasovi ne mogu razvijati kao \u0161to je to bilo mogu\u0107e ranije.<\/p>\n<p>Kada pjevanje u dru\u0161tvenim situacijama prestane (na obali ili pri dru\u017eenju u parku), po\u010dinje se slu\u0161ati reproducirana glazba (radio, TV, plo\u010de, kazete, CD-i). Praznina koja je nastala popunjava se supstitutom. Supstitut (na jedan na\u010din &#8220;savr\u0161ena&#8221;, ali nestvarna, ne\u017eiva glazba), odvra\u0107a na\u0161u svijest i \u010dini nas zavisnim na takav na\u010din da osje\u0107amo njezin nedostatak kad je ne \u010dujemo. Nakon odre\u0111enog vremena u\u017eivanja zamjenske glazbe te\u0161ko se zadovoljavamo bilo kojom izvedbom koja bi se mogla usporediti s glazbom s CD-a, kasete ili sa radija. U isto vrijeme na\u0161e se sposobnosti smanjuju, te\u017ee nam je aktivno se baviti glazbom. Puno je lak\u0161e uklju\u010diti radio i \u010duti \u201csavr\u0161enu\u201d izvedbu nego poku\u0161ati samostalno izvoditi glazbu \u0161to donosi mnogo vi\u0161e zadovoljstva nego slu\u0161anje radija ili CD-a.<\/p>\n<!-- Facebook Members Plugin by Crunchify: http:\/\/Crunchify.com\/facebook-members\/ -->\n\t\t<div class=\"fb-recommendations-bar\" data-href=\"http:\/\/orpheus.hr\/hr\/vaznost-glazbe-i-pjevanja\/\" data-read-time=\"5\" data-side=\"\" data-action=\"like\"><\/div>","protected":false},"excerpt":{"rendered":"<p>Va\u017enost glazbe i pjevanja U zapadnim dru\u0161tvima u\u017eivanje glazbe i drugih umjetnosti aktivnost je koja je odstranjena iz\u00a0 na\u0161ega svakodnevnog (potro\u0161a\u010dkog) \u017eivota (u kojem zgr\u0107emo i tro\u0161imo). Odvajamo posebno vrijeme za odlazak u koncertne dvorane, galerije da bismo na\u0161li ono za \u010dime te\u017eimo. \u010cini se da se umjetnost nastoji izolirati, kao da bi ona bila&#8230;<\/p>\n","protected":false},"author":2,"featured_media":0,"parent":0,"menu_order":0,"comment_status":"closed","ping_status":"closed","template":"","meta":{"_monsterinsights_skip_tracking":false,"_monsterinsights_sitenote_active":false,"_monsterinsights_sitenote_note":"","_monsterinsights_sitenote_category":0,"_uf_show_specific_survey":0,"_uf_disable_surveys":false,"footnotes":""},"class_list":["post-504","page","type-page","status-publish","hentry"],"aioseo_notices":[],"_links":{"self":[{"href":"http:\/\/orpheus.hr\/hr\/wp-json\/wp\/v2\/pages\/504","targetHints":{"allow":["GET"]}}],"collection":[{"href":"http:\/\/orpheus.hr\/hr\/wp-json\/wp\/v2\/pages"}],"about":[{"href":"http:\/\/orpheus.hr\/hr\/wp-json\/wp\/v2\/types\/page"}],"author":[{"embeddable":true,"href":"http:\/\/orpheus.hr\/hr\/wp-json\/wp\/v2\/users\/2"}],"replies":[{"embeddable":true,"href":"http:\/\/orpheus.hr\/hr\/wp-json\/wp\/v2\/comments?post=504"}],"version-history":[{"count":1,"href":"http:\/\/orpheus.hr\/hr\/wp-json\/wp\/v2\/pages\/504\/revisions"}],"predecessor-version":[{"id":2950,"href":"http:\/\/orpheus.hr\/hr\/wp-json\/wp\/v2\/pages\/504\/revisions\/2950"}],"wp:attachment":[{"href":"http:\/\/orpheus.hr\/hr\/wp-json\/wp\/v2\/media?parent=504"}],"curies":[{"name":"wp","href":"https:\/\/api.w.org\/{rel}","templated":true}]}}