{"id":1583,"date":"2016-06-01T12:12:44","date_gmt":"2013-10-20T14:10:53","guid":{"rendered":"http:\/\/orpheus.hr\/hr\/?page_id=1583"},"modified":"2024-02-06T20:05:29","modified_gmt":"2024-02-06T20:05:29","slug":"glazbeno-ljetovanje","status":"publish","type":"page","link":"http:\/\/orpheus.hr\/hr\/glazbeno-ljetovanje\/","title":{"rendered":"Glazbeno ljetovanje"},"content":{"rendered":"<section class=\"l-section wpb_row height_medium width_full\"><div class=\"l-section-h i-cf\"><div class=\"g-cols vc_row via_grid cols_1 laptops-cols_inherit tablets-cols_inherit mobiles-cols_1 valign_top type_default stacking_default\"><div class=\"wpb_column vc_column_container\"><div class=\"vc_column-inner\">[rev_slider_vc alias=&#8221;zephyr-main&#8221;]<\/div><\/div><\/div><\/div><\/section><section class=\"l-section wpb_row height_medium\" id=\"start\"><div class=\"l-section-h i-cf\"><div class=\"g-cols vc_row via_grid cols_1 laptops-cols_inherit tablets-cols_inherit mobiles-cols_1 valign_top type_default stacking_default\"><div class=\"wpb_column vc_column_container\"><div class=\"vc_column-inner\"><div class=\"wpb_text_column\"><div class=\"wpb_wrapper\"><h2 style=\"text-align: center;\">Ljetni seminari pjevanja u Orebi\u0107u<\/h2>\n<\/div><\/div><div class=\"w-separator size_medium\"><\/div><div class=\"g-cols wpb_row via_grid cols_4 laptops-cols_inherit tablets-cols_inherit mobiles-cols_1 valign_top type_default stacking_default\" style=\"--gap:3rem;\"><div class=\"wpb_column vc_column_container us_animate_afc\"><div class=\"vc_column-inner\"><div class=\"w-iconbox iconpos_top style_circle color_primary align_center no_text\"><div class=\"w-iconbox-icon\" style=\"font-size:36px;\"><i class=\"material-icons\">favorite_outline<\/i><\/div><div class=\"w-iconbox-meta\"><h4 class=\"w-iconbox-title\">17.07. &#8211; 23.07.2022.<\/h4><\/div><\/div><\/div><\/div><div class=\"wpb_column vc_column_container us_animate_afc\" style=\"animation-delay:0.4s\"><div class=\"vc_column-inner\"><div class=\"w-iconbox iconpos_top style_circle color_primary align_center no_text\"><div class=\"w-iconbox-icon\" style=\"font-size:36px;\"><i class=\"material-icons\">favorite_outline<\/i><\/div><div class=\"w-iconbox-meta\"><h4 class=\"w-iconbox-title\">07.08. &#8211; 13.08.2022.<\/h4><\/div><\/div><\/div><\/div><div class=\"wpb_column vc_column_container\"><div class=\"vc_column-inner\"><div class=\"w-iconbox iconpos_top style_circle color_primary align_center no_text\"><div class=\"w-iconbox-icon\" style=\"font-size:36px;\"><i class=\"material-icons\">perm_identity<\/i><\/div><div class=\"w-iconbox-meta\"><h4 class=\"w-iconbox-title\">Vodi: Baldo Mikuli\u0107, prof.<\/h4><\/div><\/div><\/div><\/div><\/div><\/div><\/div><\/div><\/div><\/section><section class=\"l-section wpb_row height_medium parallax_ver\"><div class=\"l-section-overlay\" style=\"background:rgba(0,0,0,0.5)\"><\/div><div class=\"l-section-h i-cf\"><div class=\"g-cols vc_row via_grid cols_2 laptops-cols_inherit tablets-cols_inherit mobiles-cols_1 valign_top type_default stacking_default\"><div class=\"wpb_column vc_column_container us_animate_afb\"><div class=\"vc_column-inner\"><div class=\"w-person layout_cards with_desc\" itemscope itemtype=\"https:\/\/schema.org\/Person\"><div class=\"w-person-image\"><img loading=\"lazy\" decoding=\"async\" width=\"556\" height=\"389\" src=\"http:\/\/orpheus.hr\/hr\/wp-content\/uploads\/2016\/06\/pjevanjem-do-zdravlja.jpg\" class=\"attachment-large size-large\" alt=\"\" srcset=\"http:\/\/orpheus.hr\/hr\/wp-content\/uploads\/2016\/06\/pjevanjem-do-zdravlja.jpg 556w, http:\/\/orpheus.hr\/hr\/wp-content\/uploads\/2016\/06\/pjevanjem-do-zdravlja-300x210.jpg 300w\" sizes=\"auto, (max-width: 556px) 100vw, 556px\" \/><\/div><div class=\"w-person-content\"><h4 itemprop=\"name\" class=\"w-person-name\"><span>Baldo Mikuli\u0107<\/span><\/h4><div class=\"w-person-role\" itemprop=\"jobTitle\">Profesor<\/div><div class=\"w-person-description\" itemprop=\"description\"><p>Horvatovac 92, 10 000 Zagreb<br \/>tel: +38591-1714-322,<br \/>info@orpheus.hr<\/p>\n<\/div><\/div><\/div><div class=\"w-separator size_medium\"><\/div><\/div><\/div><div class=\"wpb_column vc_column_container\"><div class=\"vc_column-inner\"><div class=\"wpb_text_column\"><div class=\"wpb_wrapper\"><h2 style=\"text-align: left;\">Informacije i rezervacije:<\/h2>\n<\/div><\/div><form class=\"w-form  layout_ver for_cform us_form_1\" autocomplete=\"off\" action=\"http:\/\/orpheus.hr\/hr\/hr\/wp-json\/wp\/v2\/pages\/1583\" method=\"post\"><div class=\"w-form-h\"><div class=\"w-form-row for_text has_label required with_icon\">\r\n\t\t\t<div class=\"w-form-row-label\">\r\n\t\t\t<span>Name *<\/span>\r\n\t\t<\/div>\r\n\t\t<div class=\"w-form-row-field\">\r\n\t\t\t\t<i class=\"material-icons\">person<\/i>\t\t<input aria-label=\"Name\" type=\"text\" name=\"us_form_1_text_1\" value placeholder data-required=\"true\" aria-required=\"true\"\/>\r\n\t\t\t<\/div>\r\n\t\t<div class=\"w-form-row-state\">Fill out this field<\/div>\r\n<\/div>\r\n<div class=\"w-form-row for_text has_label required with_icon\">\r\n\t\t\t<div class=\"w-form-row-label\">\r\n\t\t\t<span>Email *<\/span>\r\n\t\t<\/div>\r\n\t\t<div class=\"w-form-row-field\">\r\n\t\t\t\t<i class=\"material-icons\">email<\/i>\t\t<input aria-label=\"Email\" type=\"text\" name=\"us_form_1_text_2\" value placeholder data-required=\"true\" aria-required=\"true\"\/>\r\n\t\t\t<\/div>\r\n\t\t<div class=\"w-form-row-state\">Fill out this field<\/div>\r\n<\/div>\r\n<div class=\"w-form-row for_text has_label required with_icon\">\r\n\t\t\t<div class=\"w-form-row-label\">\r\n\t\t\t<span>Phone *<\/span>\r\n\t\t<\/div>\r\n\t\t<div class=\"w-form-row-field\">\r\n\t\t\t\t<i class=\"material-icons\">phone<\/i>\t\t<input aria-label=\"Phone\" type=\"text\" name=\"us_form_1_text_3\" value placeholder data-required=\"true\" aria-required=\"true\"\/>\r\n\t\t\t<\/div>\r\n\t\t<div class=\"w-form-row-state\">Fill out this field<\/div>\r\n<\/div>\r\n<div class=\"w-form-row for_textarea has_label required with_icon\">\r\n\t\t\t<div class=\"w-form-row-label\">\r\n\t\t\t<span>Text *<\/span>\r\n\t\t<\/div>\r\n\t\t<div class=\"w-form-row-field\">\r\n\t\t\t\t<i class=\"material-icons\">create<\/i>\t\t<textarea aria-label=\"Text\" name=\"us_form_1_textarea_1\" placeholder data-required=\"true\" aria-required=\"true\"><\/textarea>\r\n\t\t\t<\/div>\r\n\t\t<div class=\"w-form-row-state\">Fill out this field<\/div>\r\n<\/div>\r\n<input type=\"hidden\" name=\"action\" value=\"us_ajax_cform\" \/>\r\n<input type=\"hidden\" name=\"post_id\" value=\"0\" \/>\r\n<input type=\"hidden\" name=\"form_index\" value=\"1\" \/>\r\n<div class=\"w-form-row for_submit align_right\">\r\n\t<button class=\"w-btn  us-btn-style_6\" aria-label=\"Po\u0161alji\" type=\"submit\">\r\n\t\t<span class=\"g-preloader type_1\"><\/span>\r\n\t\t\t\t<span class=\"w-btn-label\">Po\u0161alji<\/span>\r\n\t\t\t<\/button>\r\n\t<\/div>\r\n<\/div><div class=\"w-form-message\"><\/div><div class=\"w-form-json hidden\" onclick='return {&quot;ajaxurl&quot;:&quot;http:\\\/\\\/orpheus.hr\\\/hr\\\/wp-admin\\\/admin-ajax.php&quot;,&quot;messages&quot;:{&quot;err_empty&quot;:&quot;Fill out this field&quot;,&quot;err_size&quot;:&quot;File size cannot exceed %s MB&quot;,&quot;err_extension&quot;:&quot;%s file type is not allowed&quot;}}'><\/div><\/form><\/div><\/div><\/div><\/div><\/section><section class=\"l-section wpb_row height_medium\" id=\"skolovanje-glasa\"><div class=\"l-section-h i-cf\"><div class=\"g-cols vc_row via_grid cols_1 laptops-cols_inherit tablets-cols_inherit mobiles-cols_1 valign_top type_default stacking_default\"><div class=\"wpb_column vc_column_container\"><div class=\"vc_column-inner\"><div class=\"wpb_text_column\"><div class=\"wpb_wrapper\"><h2 style=\"text-align: center;\"><strong>Kako doputovati<\/strong><\/h2>\n<\/div><\/div><div class=\"w-separator size_medium with_line width_30 thick_1 style_solid color_border align_center with_content\"><div class=\"w-separator-h\"><i class=\"fas fa-chevron-down\"><\/i><\/div><\/div><div class=\"g-cols wpb_row via_grid cols_2 laptops-cols_inherit tablets-cols_inherit mobiles-cols_1 valign_top type_default stacking_default\" style=\"--gap:3rem;\"><div class=\"wpb_column vc_column_container\"><div class=\"vc_column-inner\"><div class=\"w-iconbox iconpos_left style_default color_contrast align_left\"><div class=\"w-iconbox-icon\" style=\"font-size:36px;\"><i class=\"far fa-heart\"><\/i><\/div><div class=\"w-iconbox-meta\"><h4 class=\"w-iconbox-title\" style=\"font-size:20px;\">Autobusom<\/h4><div class=\"w-iconbox-text\"><p>Orebi\u0107 je u tijeku glavne turisti\u010dke sezone vi\u0161e puta dnevno povezan autobusnim linijama s va\u017enijim sredi\u0161tima: Dubrovnikom, Splitom, Zagrebom, Beogradom i Sarajevom.<br \/>Autobusni kolodvor Zagreb &#8211; www.akz.hr<br \/>Autotrans Rijeka &#8211; www.autotrans.hr<br \/>Libertas Dubrovnik &#8211; www.libertasdubrovnik.hr<br \/>Glavna autobusna stanica Beograd &#8211; www.bas.rs<\/p>\n<\/div><\/div><\/div><div class=\"w-separator size_small\"><\/div><div class=\"w-iconbox iconpos_left style_default color_contrast align_left\"><div class=\"w-iconbox-icon\" style=\"font-size:36px;\"><i class=\"fas fa-cube\"><\/i><\/div><div class=\"w-iconbox-meta\"><h4 class=\"w-iconbox-title\" style=\"font-size:20px;\">Autom<\/h4><div class=\"w-iconbox-text\"><p>Dolazite li Jadranskom magistralom iz smjera Dubrovnika, do Orebi\u0107a sti\u017eete preko Stona. Kod Stona se uklju\u010dite na Pelje\u0161ku cestu kojom nakon 60 km dolazite do Orebi\u0107a.<br \/>Dolazite li iz smjera Splita, tako\u0111er Jadranskom magistralom, preko Makarske ili Plo\u010da sti\u017eete do Stona te dalje Pelje\u0161kom cestom do Orebi\u0107a. Mo\u017eete skratiti putovanje automobilom pa se ukrcati na trajekt u Plo\u010dama koji je za sat vremena u Trpnju, a vi ste potom za 20 minuta u Orebi\u0107u.<br \/>Hrvatski Autoklub &#8211; www.hak.hr<\/p>\n<\/div><\/div><\/div><\/div><\/div><div class=\"wpb_column vc_column_container\"><div class=\"vc_column-inner\"><div class=\"w-iconbox iconpos_left style_default color_contrast align_left\"><div class=\"w-iconbox-icon\" style=\"font-size:36px;\"><i class=\"far fa-paper-plane\"><\/i><\/div><div class=\"w-iconbox-meta\"><h4 class=\"w-iconbox-title\" style=\"font-size:20px;\">Brodom<\/h4><div class=\"w-iconbox-text\"><p>Brza brodska du\u017eobalna linija koja povezuje Rijeku, Split i Dubrovnik svakodnevno pristaje u Kor\u010duli tijekom ljetnih mjeseci. Iskrcav\u0161i se u Kor\u010duli, do Orebi\u0107a imate mogu\u0107nost dolaska trajektom ili putni\u010dkom brodicom. Za petnaestak minuta do\u0107i \u0107ete na odredi\u0161te. Katamaranska linija Split-Kor\u010dula u ljetnim mjesecima svakodnevno najbr\u017ee povezuje Split s Kor\u010dulom. Do Orebi\u0107a se dolazi putni\u010dkom brodicom koja polazi nedugo po dolasku katamarana u Kor\u010dulu.<br \/>Jadrolinija &#8211; www.jadrolinija.hr<br \/>Mediteranska plovidba &#8211; www.medplov.hr<\/p>\n<\/div><\/div><\/div><div class=\"w-separator size_small\"><\/div><div class=\"w-iconbox iconpos_left style_default color_contrast align_left\"><div class=\"w-iconbox-icon\" style=\"font-size:36px;\"><i class=\"far fa-bell\"><\/i><\/div><div class=\"w-iconbox-meta\"><h4 class=\"w-iconbox-title\" style=\"font-size:20px;\">Avionom<\/h4><div class=\"w-iconbox-text\"><p>Dolazite li iz ve\u0107ih europskih gradova, zra\u010dna luka u Dubrovniku ( u \u010cilipima) omogu\u0107uje Vam da vrlo brzo stignete do Orebi\u0107a. Po dolasku u zra\u010dnu luku postoji mogu\u0107nost transfera do dubrova\u010dkog autobusnog kolodvora pa dalje autobusom do Orebi\u0107a. Tako\u0111er je mogu\u0107e unajmiti automobil.<br \/>Croatia Airlines &#8211; www.croatiaairlines.hr<\/p>\n<\/div><\/div><\/div><\/div><\/div><\/div><div class=\"w-separator size_small\"><\/div><\/div><\/div><\/div><\/div><\/section><section class=\"l-section wpb_row height_medium\"><div class=\"l-section-h i-cf\"><div class=\"g-cols vc_row via_grid cols_1 laptops-cols_inherit tablets-cols_inherit mobiles-cols_1 valign_top type_default stacking_default\"><div class=\"wpb_column vc_column_container us_animate_afb\"><div class=\"vc_column-inner\"><div class=\"wpb_text_column\"><div class=\"wpb_wrapper\"><h4>Ljetni&nbsp; seminari &nbsp;pjevanja u Orebi\u0107u<\/h4>\n<p>Tjedni seminari pjevanja po metodi \u0160kole za otkrivanje glasa&nbsp; odr\u017eat \u0107e se u Orebi\u0107u na poluotoku Pelje\u0161cu, 17. -23. 07.2022. te 07. &#8211; 13.08. 2022. Seminari traju punih sedam dana. Rad \u0107e se odvijati dva puta dnevno: 10 &#8211; 12 i 14 &#8211; 16 sati. Tjedni rad uglavnom je usredoto\u010den na vje\u017ebe pjevanja po metodi \u0160kole za otkrivanje glasa i na pjevanje jednoglasnih i vi\u0161eglasnih pjesama.<\/p>\n<p>Du\u017eina seminara omogu\u0107ava da se ide dublje u stvaranje instrumenta od sebe samih, da se vlastiti glas bolje upozna kao i na\u010din na koji bi se glas mogao lak\u0161e i bolje koristiti. Pa\u017enja se tako\u0111er pridaje slu\u0161anju drugih u grupi.<\/p>\n<p>Seminar se odr\u017eava u zgradi Op\u0107ine na obali u centru Orebi\u0107a.<\/p>\n<p>Cijena je 2250 kuna po polazniku. U cijenu je uklju\u010den i jedan individualni sat. Za prijavu potrebno je uplatiti kotizaciju (do 15. 06. 2021.) od 750 kuna na ra\u010dun (s naznakom: \u201eza ljetni seminar\u201c):<\/p>\n<p><strong>HR7623400091140185652, pri Privrednoj banci Zagreb.<\/strong><\/p>\n<p>Smje\u0161taj je mogu\u0107e na\u0107i u Orebi\u0107u, Mokalu (5 km od Orebi\u0107a), u kampu ili apartmanu, kao i u okolnim mjestima (Viganj, Ku\u0107i\u0161te, Postup).<\/p>\n<p><em><strong>Orebi\u0107<\/strong><\/em><br \/>Gradi\u0107 Orebi\u0107 s vi\u0161e od 2500 stanovnika, nalazi se na ju\u017enoj obali poluotoka Pelje\u0161ca, okrenut Kor\u010duli, u podno\u017eju brda Sv. Ilija (961m). Slikovit gradi\u0107, kolijevka pomorskih kapetana i mornara \u010dija se bogata tradicija \u010duva u Pomorskome muzeju, Orebi\u0107 pru\u017ea svojim gostima, netaknutu prirodu stoljetnih borova, \u010dempresa (poznata \u00ab\u010dempresada\u00bb \u0161uma piramidalnog \u010dempresa i alpskog bora na padini uz more ispod franjeva\u010dkog samostana Velike Gospe), maslina, badema, agava i cvije\u0107a.<\/p>\n<p><em><strong>\u0160to posjetiti:<\/strong><\/em><br \/>Pomorski muzej, Franjeva\u010dki samostan, brdo Sv. Ilija, Kor\u010dula, Mljet, Dubrovnik, Me\u0111ugorje.<\/p>\n<p><strong><em>Pelje\u0161ka vina<\/em><\/strong><br \/>Posjetiti drugi po veli\u010dini hrvatski poluotok, a ne vidjeti pelje\u0161ke vinograde i nepcima ne priu\u0161titi zadovoljstvo ku\u0161anja vrhunskih vina, jednostavno je nemogu\u0107e. \u0160krta zemlja i mukotrpan rad vrijednih Pelje\u0161\u010dana proizveli su glasovita vina koja su ime Pelje\u0161ac u\u010dinila poznatim u svijetu: <strong>&#8220;Dinga\u010d&#8221;<\/strong>, <strong>&#8220;Postup&#8221;<\/strong>, <strong>&#8220;Plavac&#8221;<\/strong> i <strong>&#8220;Pelje\u0161ac&#8221;<\/strong>. U pelje\u0161kim su vinima u\u017eivali Iliri, Grci, Rimljani, Slaveni. Car Franjo Josip, vrsni poznavalac dobre kapljice, na svojoj vinskoj karti zlatnim je slovima upisao dalmatinsko vino s podru\u010dja Dinga\u010d. Biv\u0161i presjednik SAD-a \u010dastio se crnim vino s ovih podru\u010dja. Pridru\u017eite se i Vi pelje\u0161kim vinoljupcima.<\/p>\n<p><em><strong>Mokalo<\/strong><\/em><br \/>Pitoreskno selo Mokalo predstavlja&nbsp; idealno mjesto za odmor. Osim apartmana i kampova u Mokalu \u0107ete na\u0107i restoran s dalmatinskim specijalitetima, bar na pla\u017ei, ronila\u010dki centar te predivnu pla\u017eu, kristalno \u010disto more, stoljetnu borovu \u0161umu, pjev cvr\u010daka. Ku\u0161ate li i \u010da\u0161u doma\u0107eg vina, odmor \u0107e Vam ostati u trajnom sje\u0107anju. <a href=\"http:\/\/baldo.hr\/\">Baldo.hr<\/a><\/p>\n<\/div><\/div><div class=\"w-separator size_medium\"><\/div><div class=\"w-separator size_medium\"><\/div><\/div><\/div><\/div><\/div><\/section><section class=\"l-section wpb_row height_medium\"><div class=\"l-section-h i-cf\"><div class=\"g-cols vc_row via_grid cols_1 laptops-cols_inherit tablets-cols_inherit mobiles-cols_1 valign_top type_default stacking_default\"><div class=\"wpb_column vc_column_container\"><div class=\"vc_column-inner\"><div class=\"wpb_text_column\"><div class=\"wpb_wrapper\"><\/p>\n<\/div><\/div><\/div><\/div><\/div><\/div><\/section><!-- Facebook Members Plugin by Crunchify: http:\/\/Crunchify.com\/facebook-members\/ -->\n\t\t<div class=\"fb-recommendations-bar\" data-href=\"http:\/\/orpheus.hr\/hr\/glazbeno-ljetovanje\/\" data-read-time=\"5\" data-side=\"\" data-action=\"like\"><\/div>","protected":false},"excerpt":{"rendered":"[rev_slider_vc alias=\"zephyr-main\"] Ljetni seminari pjevanja u Orebi\u0107u favorite_outline17.07. &#8211; 23.07.2022.favorite_outline07.08. &#8211; 13.08.2022.perm_identityVodi: Baldo Mikuli\u0107, prof.Baldo Mikuli\u0107ProfesorHorvatovac 92, 10 000 Zagrebtel: +38591-1714-322,info@orpheus.hr Informacije i rezervacije: Name * person Fill out this field Email * email Fill out this field Phone * phone Fill out this field Text * create Fill out this field Po\u0161alji Kako doputovati...","protected":false},"author":2,"featured_media":2468,"parent":0,"menu_order":0,"comment_status":"closed","ping_status":"closed","template":"","meta":{"_monsterinsights_skip_tracking":false,"_monsterinsights_sitenote_active":false,"_monsterinsights_sitenote_note":"","_monsterinsights_sitenote_category":0,"_uf_show_specific_survey":0,"_uf_disable_surveys":false,"footnotes":""},"class_list":["post-1583","page","type-page","status-publish","has-post-thumbnail","hentry"],"aioseo_notices":[],"_links":{"self":[{"href":"http:\/\/orpheus.hr\/hr\/wp-json\/wp\/v2\/pages\/1583","targetHints":{"allow":["GET"]}}],"collection":[{"href":"http:\/\/orpheus.hr\/hr\/wp-json\/wp\/v2\/pages"}],"about":[{"href":"http:\/\/orpheus.hr\/hr\/wp-json\/wp\/v2\/types\/page"}],"author":[{"embeddable":true,"href":"http:\/\/orpheus.hr\/hr\/wp-json\/wp\/v2\/users\/2"}],"replies":[{"embeddable":true,"href":"http:\/\/orpheus.hr\/hr\/wp-json\/wp\/v2\/comments?post=1583"}],"version-history":[{"count":52,"href":"http:\/\/orpheus.hr\/hr\/wp-json\/wp\/v2\/pages\/1583\/revisions"}],"predecessor-version":[{"id":3858,"href":"http:\/\/orpheus.hr\/hr\/wp-json\/wp\/v2\/pages\/1583\/revisions\/3858"}],"wp:featuredmedia":[{"embeddable":true,"href":"http:\/\/orpheus.hr\/hr\/wp-json\/wp\/v2\/media\/2468"}],"wp:attachment":[{"href":"http:\/\/orpheus.hr\/hr\/wp-json\/wp\/v2\/media?parent=1583"}],"curies":[{"name":"wp","href":"https:\/\/api.w.org\/{rel}","templated":true}]}}