{"id":1527,"date":"2014-02-04T18:30:53","date_gmt":"2013-10-18T22:32:34","guid":{"rendered":"http:\/\/orpheus.hr\/hr\/?page_id=1527"},"modified":"2016-10-31T05:46:14","modified_gmt":"2016-10-31T05:46:14","slug":"terapija-pjevanjem","status":"publish","type":"page","link":"http:\/\/orpheus.hr\/hr\/terapija-pjevanjem\/","title":{"rendered":"Terapija pjevanjem"},"content":{"rendered":"<h3 class=\"headline\">Werbeck terapija pjevanjem<\/h3>\n<p><img loading=\"lazy\" decoding=\"async\" class=\"alignleft size-full wp-image-2044\" src=\"\/hr\/wp-content\/uploads\/2013\/10\/terapija-pjevanjem2.jpg\" alt=\"terapija-pjevanjem\" width=\"399\" height=\"270\" \/>Pjevanje je oduvijek bilo izvor radosti, spona izme\u0111u ljudi, dru\u0161tvo pri radu, sna\u017ena ozdravljuju\u0107a snaga i ravnote\u017ea za \u010dovjeka. Kada sjedinimo na\u0161e glasove u pjesmi, mi produbljujemo veze s na\u0161im bli\u017enjima i sa samim sobom.<\/p>\n<p>\u201cGlazbena je aktivnost povezana sa svim o\u017eivljuju\u0107im snagama u ljudskom organizmu: ona se spaja s tjelesnim sokovima koji o\u017eivljuju cijelog \u010dovjeka. On tako dolazi u jedinstvo sa zvukom koji protje\u010de.\u201d Dr. Rudolf Steiner.<\/p>\n<p>U \u201c\u0160koli za otkrivanje glasa\u201d pjevanje se ne promatra kao rezultat pojedinih organa ili dijelova tijela, ve\u0107 kao izraz cjelokupna \u010dovjekova bi\u0107a. Glas, me\u0111utim, mo\u017ee biti \u201czato\u010den\u201d zbog fiziolo\u0161kih i drugih prepreka. Kod Werbeck metode pjevanja takve se prepreke nastoje otkloniti da bi se ono sto je skriveno u svakom glasu razvilo. Zbog toga ova metoda pjevanja nema samo pozitivan umjetni\u010dki ve\u0107 ima i ozdravljuju\u0107i, terapijski utjecaj. Ljudi postanu svjesni da je muzikalnost u njima i da je oni sami mogu dalje razvijati.<\/p>\n<h3 class=\"headline\">Skriveni talenti<\/h3>\n<p>\u010cesto se poka\u017ee izvanredno velik napredak u pjevanju. Ljudi koji nisu bili posebno skloni pjevanju i koji su se smatrali \u201cizrazito nedarovitima\u201d otkriju skrivene sposobnosti. Iz \u010dega proizi\u0111e radost pri pjevanju i du\u0161evne prepreke budu prevladane. Velik broj ljudi koji pati od kompleksa manje vrijednosti i drugih psiholo\u0161kih smetnji, mogao bi ih se osloboditi ako bi se te skrivene, nerazvijene ili \u010dak zakr\u017eljale umjetni\u010dke sposobnosti kultivirale na pravilan na\u010din.<\/p>\n<p>Djeci koja pate od slu\u0161nih ili govornih smetnji samo pjevanje u zboru imalo bi terapijski u\u010dinak. Jer oni bi bili dio zvu\u010dnog organizma i otkrili bi svoj glas kroz imitaciju. Pjevanje u zboru \u010dini ne samo da dijete bolje \u010duje nego ga u\u010di slu\u0161ati. Znati slu\u0161ati drugog \u010dovjeka velik je korak u dru\u0161tvenom prilago\u0111avanju.<\/p>\n<h3 class=\"headline\">Ljekoviti glasovi<\/h3>\n<p><img loading=\"lazy\" decoding=\"async\" class=\"alignright size-full wp-image-2044\" src=\"\/hr\/wp-content\/uploads\/2013\/10\/terapija-pjevanjem1.jpg\" alt=\"terapija-pjevanjem\" width=\"399\" height=\"288\" srcset=\"http:\/\/orpheus.hr\/hr\/wp-content\/uploads\/2013\/10\/terapija-pjevanjem1.jpg 399w, http:\/\/orpheus.hr\/hr\/wp-content\/uploads\/2013\/10\/terapija-pjevanjem1-300x217.jpg 300w\" sizes=\"auto, (max-width: 399px) 100vw, 399px\" \/>Uz o\u010ditu psiholo\u0161ku pomo\u0107 terapija pjevanjem Werbeck ide mnogo dublje. Vje\u017ebe su sastavljene od suglasnika (koji su povezani s razli\u010ditim dijelovima tijela) i samoglasnika (koji utje\u010du na organe) pridodanih glazbenim elementima (ton, ritam, melodija, ljestvice, intervali) da bi se pobolj\u0161ali ili \u010dak rije\u0161ili neki fiziolo\u0161ki problemi. Vje\u017ebe terapijski djeluju na laringealne organe i poma\u017eu kod odre\u0111enih di\u0161nih poreme\u0107aja. Zadovoljavaju\u0107i su rezultati postignuti kod mucanja i tepanja, u slu\u010dajevima astme, lo\u0161eg \u010dujenja, plitkog disanja, slabe cirkulacije, probavnih problema, u slu\u010dajevima nervoze, migrene, poreme\u0107aja spavanja, anksioznosti itd.<\/p>\n<p>Werbeck terapija pjevanjem mo\u017ee posti\u0107i uspjeh i u radu s ljudima s posebnim potrebama: u uspostavi kontakta s osobama koje su ranije bile okarakterizirane kao nekooperativne ili nekomunikativne; u umirivanju i preusmjeravanju zbunjenih i senilnih; u odvra\u0107anju psihoti\u010dnih pacijenata od njihova destruktivnog i agresivnog pona\u0161anja, od njihovih halucinacija i fiksnih ideja.<\/p>\n<p><strong>\u017delite li doznati vi\u0161e informacija o terapiji, javite se prof. Baldu Mikuli\u0107u: 091 17 14 322 ili na info@orpheus.hr<\/strong>.<\/p>\n<!-- Facebook Members Plugin by Crunchify: http:\/\/Crunchify.com\/facebook-members\/ -->\n\t\t<div class=\"fb-recommendations-bar\" data-href=\"http:\/\/orpheus.hr\/hr\/terapija-pjevanjem\/\" data-read-time=\"5\" data-side=\"\" data-action=\"like\"><\/div>","protected":false},"excerpt":{"rendered":"<p>Werbeck terapija pjevanjem Pjevanje je oduvijek bilo izvor radosti, spona izme\u0111u ljudi, dru\u0161tvo pri radu, sna\u017ena ozdravljuju\u0107a snaga i ravnote\u017ea za \u010dovjeka. Kada sjedinimo na\u0161e glasove u pjesmi, mi produbljujemo veze s na\u0161im bli\u017enjima i sa samim sobom. \u201cGlazbena je aktivnost povezana sa svim o\u017eivljuju\u0107im snagama u ljudskom organizmu: ona se spaja s tjelesnim sokovima&#8230;<\/p>\n","protected":false},"author":2,"featured_media":0,"parent":0,"menu_order":0,"comment_status":"closed","ping_status":"closed","template":"","meta":{"_monsterinsights_skip_tracking":false,"_monsterinsights_sitenote_active":false,"_monsterinsights_sitenote_note":"","_monsterinsights_sitenote_category":0,"_uf_show_specific_survey":0,"_uf_disable_surveys":false,"footnotes":""},"class_list":["post-1527","page","type-page","status-publish","hentry"],"aioseo_notices":[],"_links":{"self":[{"href":"http:\/\/orpheus.hr\/hr\/wp-json\/wp\/v2\/pages\/1527","targetHints":{"allow":["GET"]}}],"collection":[{"href":"http:\/\/orpheus.hr\/hr\/wp-json\/wp\/v2\/pages"}],"about":[{"href":"http:\/\/orpheus.hr\/hr\/wp-json\/wp\/v2\/types\/page"}],"author":[{"embeddable":true,"href":"http:\/\/orpheus.hr\/hr\/wp-json\/wp\/v2\/users\/2"}],"replies":[{"embeddable":true,"href":"http:\/\/orpheus.hr\/hr\/wp-json\/wp\/v2\/comments?post=1527"}],"version-history":[{"count":4,"href":"http:\/\/orpheus.hr\/hr\/wp-json\/wp\/v2\/pages\/1527\/revisions"}],"predecessor-version":[{"id":3218,"href":"http:\/\/orpheus.hr\/hr\/wp-json\/wp\/v2\/pages\/1527\/revisions\/3218"}],"wp:attachment":[{"href":"http:\/\/orpheus.hr\/hr\/wp-json\/wp\/v2\/media?parent=1527"}],"curies":[{"name":"wp","href":"https:\/\/api.w.org\/{rel}","templated":true}]}}