{"id":3002,"date":"2016-07-01T13:15:29","date_gmt":"2016-07-01T13:15:29","guid":{"rendered":"http:\/\/orpheus.hr\/en\/?page_id=3002"},"modified":"2016-07-01T23:31:40","modified_gmt":"2016-07-01T23:31:40","slug":"valborg-werbeck-svardstrom-eng","status":"publish","type":"page","link":"http:\/\/orpheus.hr\/en\/valborg-werbeck-svardstrom-eng\/","title":{"rendered":"Valborg Werbeck-Sv\u00e4rdstr\u00f6m"},"content":{"rendered":"<h3 class=\"headline\">History of School<\/h3>\n<div class=\"clearfix\"><\/div>\n<p><img loading=\"lazy\" decoding=\"async\" class=\"wp-image-110 image-left alignleft\" src=\"\/hr\/wp-content\/uploads\/2013\/10\/werbeck.jpg\" alt=\"werbeck\" width=\"200\" height=\"300\" \/> <span class=\"dropcap \">V<\/span>alborg Sv\u00e4rdstr\u00f6m (married Werbeck-Sv\u00e4rdstr\u00f6m) was born in northern Sweden in 1879. Singing was something she had always been able to do. In singing she didn\u2019t know any difficulties, neither in the highest registers (A\u2019\u2019\u2019), nor in the lowest ones. Breathing trouble did not exist, coloratura came of its own accord.<\/p>\n<p>\u201cSinging was simply my element. I simply could not grasp how people could become \u2018hoarse\u2019 or \u2018tired\u2019 from singing \u2013 for me it was just the most direct expression of my whole, untroubled child\u2019s being,\u201d Werbeck.<\/p>\n<p>At the age of fifteen, she entered the Royal Academy of Music in Stockholm as a singing pupil. There she began to feel ill-at-ease when singing the customary exercises. This feeling grew more and more intense in the course of the instruction. She got an infection of the neck glands. The doctors could not understand the origin but it gradually began to impair her singing. The troubles grew, the highest tones of the three line octave began to be lost. In spite of these troubles, in her twenty-first year she was accepted as a member of the Court Opera in Stockholm. In her twenty-fifth year she got a sort of paralysis of the vocal cords. Her voice refused to work. Since she didn\u2019t find a new, wholesome way of singing on her tours through France, Italy and Germany, she began to develop her own approach to the voice phenomena, elaborating exercises by means of which she gradually regained her voice. From these exercises she went on to develop her own singing method and was able to take up her public activity as a opera singer anew. Her voice was placed under great demands which she was still able to meet only by practicing according to her new way of singing. Even she had no luck of recognition, on the highest of her career as an artist, she had only one longing: to \u201cmake an end\u201d and to build up her new school of singing, a \u201cSchool for Uncovering the Voice.\u201d<\/p>\n<p>In 1912 she met Dr. Rudolf Steiner who encouraged her in her work. Their collaboration (1912-1924) brought acknowledgment of the \u201cSchool for Uncovering the Voice\u201d as a correct way of voice training. In her work with people with special needs she lay a basis for the therapeutical application of the \u201cSchool for Uncovering the Voice.\u201d This pioneering work she carried out energetically and faithfully until her death.<\/p>\n<!-- Facebook Members Plugin by Crunchify: http:\/\/Crunchify.com\/facebook-members\/ -->\n\t\t<div class=\"fb-recommendations-bar\" data-href=\"http:\/\/orpheus.hr\/en\/valborg-werbeck-svardstrom-eng\/\" data-read-time=\"5\" data-side=\"\" data-action=\"like\"><\/div>","protected":false},"excerpt":{"rendered":"<p>History of School Valborg Sv\u00e4rdstr\u00f6m (married Werbeck-Sv\u00e4rdstr\u00f6m) was born in northern Sweden in 1879. Singing was something she had always been able to do. In singing she didn\u2019t know any difficulties, neither in the highest registers (A\u2019\u2019\u2019), nor in the lowest ones. Breathing trouble did not exist, coloratura came of its own accord. \u201cSinging was&#8230;<\/p>\n","protected":false},"author":3,"featured_media":0,"parent":0,"menu_order":0,"comment_status":"closed","ping_status":"closed","template":"","meta":{"footnotes":""},"_links":{"self":[{"href":"http:\/\/orpheus.hr\/en\/wp-json\/wp\/v2\/pages\/3002"}],"collection":[{"href":"http:\/\/orpheus.hr\/en\/wp-json\/wp\/v2\/pages"}],"about":[{"href":"http:\/\/orpheus.hr\/en\/wp-json\/wp\/v2\/types\/page"}],"author":[{"embeddable":true,"href":"http:\/\/orpheus.hr\/en\/wp-json\/wp\/v2\/users\/3"}],"replies":[{"embeddable":true,"href":"http:\/\/orpheus.hr\/en\/wp-json\/wp\/v2\/comments?post=3002"}],"version-history":[{"count":3,"href":"http:\/\/orpheus.hr\/en\/wp-json\/wp\/v2\/pages\/3002\/revisions"}],"predecessor-version":[{"id":3130,"href":"http:\/\/orpheus.hr\/en\/wp-json\/wp\/v2\/pages\/3002\/revisions\/3130"}],"wp:attachment":[{"href":"http:\/\/orpheus.hr\/en\/wp-json\/wp\/v2\/media?parent=3002"}],"curies":[{"name":"wp","href":"https:\/\/api.w.org\/{rel}","templated":true}]}}