{"id":1906,"date":"2020-01-01T12:12:44","date_gmt":"2020-01-01T12:12:44","guid":{"rendered":"http:\/\/orpheus.hr\/en\/?page_id=1906"},"modified":"2022-04-08T21:51:46","modified_gmt":"2022-04-08T21:51:46","slug":"werbeck-singing-summer-courses","status":"publish","type":"page","link":"http:\/\/orpheus.hr\/en\/werbeck-singing-summer-courses\/","title":{"rendered":"Summer courses"},"content":{"rendered":"<h3 class=\"headline\">Werbeck Singing Summer Courses<\/h3>\n<p>Your favourite song just came on and you would love to sing along at the top of your voice, but you can&#8217;t, not under any circumstances, because \u2013 you&#8217;re tone deaf! Well, the time has come for us to reveal a truth that might not be too easy to accept.<\/p>\n<blockquote>\n<p>There&#8217;s no such thing as a tone-deaf person, it&#8217;s impossible! Anyone who can speak simply cannot be tone deaf, prof. Mikuli\u0107 convinces us.<br \/>The voice, however, may be \u201ctrapped\u201d because of physiological or other obstacles, which are removed by the Werbeck singing method. Everyone who wants to finally sing has the chance to fulfil their dream this summer.<\/p>\n<\/blockquote>\n<p><strong>A Week to Remember<\/strong><br \/>Werbeck singing summer courses (School of Uncovering the Voice), will be held in Orebi\u0107 on Pelje\u0161ac peninsula in Croatia. This year summer courses will be held from July 17 till July 23 and from August 07 till August 13. 2022. During the course week, the participants will meet twice a day in the Orebi\u0107 Municipality Council Building in the mornings from 10 to 12, and from 2-4PM.<\/p>\n<p>\u00a0<\/p>\n<p><strong>A Singing Work Day<\/strong><br \/>The length of the course allows us to get deeper into creating musical instruments by ourselves, to understand our own voice better, as well as to understand the ways in which it can be more easily and efficiently used. Attention is also paid to listening to other participants in the group. The week&#8217;s work is mostly focused on training by the Werbeck Singing Method, as well as on singing monophonic and polyphonic songs. You may use your free time for walks through Orebi\u0107. The rich tradition of this cradle of captains and sailors can be seen in the Maritime Museum. You may also visit the 15th-century Franciscan monastery and taste the world-famous local wines while you have lunch.<\/p>\n<p>\u00a0<\/p>\n<p><strong>Active and Fun<\/strong><br \/>Pelje\u0161ac offers various possibilities of Sea Recreation to anyone interested in a more active holiday: from swimming, surfing (the ideal position on the Pelje\u0161ac Channel is in front of the town Viganj), water-skiing, rowing and sailing to diving and exploring various marine flora and fauna, as well as archaeological rarities. Of the recreation \u201con dry land\u201d there is no lack of possibilities either: walking in nature, away from traffic, cycling, hiking, especially to the highest summit of Pelje\u0161ac \u2013 St. Elias (Sv. Ilija), 961m.<\/p>\n<p>\u00a0<\/p>\n<p><strong>If There&#8217;s Enough Time Left&#8230;<\/strong><br \/>If you want to embark on sight-seeing Croatian historical and natural landmarks, take a deep breath first and enjoy the unspoiled nature of the hundred-year-old pine trees, cypresses, olive and almond trees, agaves and flowers. This will give you the strength to continue. You have a truly wide selection of excursions to choose from \u2013 the islands of Kor\u010dula, Mljet, the city of Dubrovnik, the site of the religious pilgrimage Me\u0111ugorje&#8230; All of these locations can be reached by car, bus or boat in the blink of an eye. However, we have to warn you that neither of them has ever left anyone cold and if you visit one of them, you&#8217;ll feel the urge to visit another&#8230; A week surely won&#8217;t be enough. The good news is that we will offer the singing course again next year.<\/p>\n<p><strong>How to get to us?<\/strong><br \/><img loading=\"lazy\" decoding=\"async\" class=\"alignright size-medium wp-image-2995\" src=\"http:\/\/orpheus.hr\/en\/wp-content\/uploads\/2016\/06\/razgledavanje-300x174-300x174.jpg\" alt=\"razgledavanje-300x174\" width=\"300\" height=\"174\" \/><\/p>\n<ul class=\"list-2 bla\">\n<li>By Bus<\/li>\n<\/ul>\n<p>During the tourist season, Orebi\u0107 is connected to Dubrovnik, Split, Zagreb and Sarajevo by bus multiple times a day. More information at: Zagreb Bus Station (Autobusni kolodvor Zagreb) www.akz.hr , The Autotrans Group Rijeka (Autotrans Rijeka) www.autotrans.hr , Libertas Dubrovnik ( www.libertasdubrovnik.hr)<\/p>\n<ul class=\"list-2 bla\">\n<li>By Car<\/li>\n<\/ul>\n<p>If you travel on the D8 State Road (Jadranska Magistrala) from Dubrovnik, you will reach Orebi\u0107 via Ston. When at Ston, turn onto the Pelje\u0161ac Road (Pelje\u0161ka cesta) which will bring you to Orebi\u0107 in 60km. If you&#8217;re coming from the direction of Split, also take the D8 State Road via Makarska or Plo\u010de to Ston where you can turn onto the Pelje\u0161ac Road to Orebi\u0107. You can also get on a ferry with your car in Plo\u010de and be in Trpanj in an hour, from where it will take you about 20 minutes to get to Orebi\u0107. More information on Croatia Traffic Info (Hrvatski Autoklub) www.hak.hr<\/p>\n<ul class=\"list-2 bla\">\n<li>By Ferry or Passenger Boat<\/li>\n<\/ul>\n<p>The fast boat coastal line connecting Rijeka, Split and Dubrovnik docks in Kor\u010dula every day during the summer months. Once you&#8217;ve disembarked in Kor\u010dula, it will take you about 15 minutes to get to Orebi\u0107 by ferry or a passenger boat. The Katamaran line (Katamaranska linija) Split-Kor\u010dula is the fastest connection between Split and Kor\u010dula in the summer months. Orebi\u0107 can be reached by a passenger boat departing soon after the catamaran docks in Kor\u010dula. More information on: Jadrolinija (www.jadrolinija.hr), Mediteranska plovidba (www.medplov.hr)<\/p>\n<ul class=\"list-2 bla\">\n<li>By Plane<\/li>\n<\/ul>\n<p>If you&#8217;re arriving from most of the larger European cities, Airport Dubrovnik (Zra\u010dna luka u Dubrovniku) enables you to reach Orebi\u0107 quickly. When you arrive at the airport, you have the option of organized transport to Dubrovnik Bus Station (Dubrova\u010dki Autobusni kolodvor), where you can catch a bus to Orebi\u0107. Rent-a-car is also available. More information on: Croatia Airlines (www.croatiaairlines.hr)<\/p>\n<p><strong>Prices and Payment<\/strong><br \/>The price of the course is 300\u20ac per participant. The price includes one individual lesson. An application fee of 100\u20ac has to be paid (until June 15, 2022) on the account number (the account is owned by Mr. Baldo Miklu\u0107): 3225310425, Zagreba\u010dka banka d.d., Zagreb, Paromlinska 2, Croatia (SWIFT\/BIC: ZABAHR2X, IBAN: HR6423600003225310425): Accommodations are available in Orebi\u0107, Mokal (5km outside of Orebi\u0107), in a camp or tourist apartment, as well as in other neighbouring towns (Viganj, Ku\u010di\u0161te, Postup).<\/p>\n\n\n<p><\/p>\n<!-- Facebook Members Plugin by Crunchify: http:\/\/Crunchify.com\/facebook-members\/ -->\n\t\t<div class=\"fb-recommendations-bar\" data-href=\"http:\/\/orpheus.hr\/en\/werbeck-singing-summer-courses\/\" data-read-time=\"5\" data-side=\"\" data-action=\"like\"><\/div>","protected":false},"excerpt":{"rendered":"<p>Werbeck Singing Summer Courses Your favourite song just came on and you would love to sing along at the top of your voice, but you can&#8217;t, not under any circumstances, because \u2013 you&#8217;re tone deaf! Well, the time has come for us to reveal a truth that might not be too easy to accept. There&#8217;s&#8230;<\/p>\n","protected":false},"author":3,"featured_media":0,"parent":0,"menu_order":0,"comment_status":"closed","ping_status":"closed","template":"","meta":{"footnotes":""},"_links":{"self":[{"href":"http:\/\/orpheus.hr\/en\/wp-json\/wp\/v2\/pages\/1906"}],"collection":[{"href":"http:\/\/orpheus.hr\/en\/wp-json\/wp\/v2\/pages"}],"about":[{"href":"http:\/\/orpheus.hr\/en\/wp-json\/wp\/v2\/types\/page"}],"author":[{"embeddable":true,"href":"http:\/\/orpheus.hr\/en\/wp-json\/wp\/v2\/users\/3"}],"replies":[{"embeddable":true,"href":"http:\/\/orpheus.hr\/en\/wp-json\/wp\/v2\/comments?post=1906"}],"version-history":[{"count":14,"href":"http:\/\/orpheus.hr\/en\/wp-json\/wp\/v2\/pages\/1906\/revisions"}],"predecessor-version":[{"id":3247,"href":"http:\/\/orpheus.hr\/en\/wp-json\/wp\/v2\/pages\/1906\/revisions\/3247"}],"wp:attachment":[{"href":"http:\/\/orpheus.hr\/en\/wp-json\/wp\/v2\/media?parent=1906"}],"curies":[{"name":"wp","href":"https:\/\/api.w.org\/{rel}","templated":true}]}}