{"id":1903,"date":"2014-02-04T19:14:50","date_gmt":"2013-10-27T17:03:04","guid":{"rendered":"http:\/\/orpheus.hr\/en\/?page_id=1903"},"modified":"2016-07-01T13:34:46","modified_gmt":"2016-07-01T13:34:46","slug":"content-of-the-training-programme","status":"publish","type":"page","link":"http:\/\/orpheus.hr\/en\/content-of-the-training-programme\/","title":{"rendered":"Content of the training programme"},"content":{"rendered":"<h3 class=\"headline\">Content of the training programme<\/h3>\n<p><img loading=\"lazy\" decoding=\"async\" class=\"alignleft size-medium wp-image-2953\" src=\"http:\/\/orpheus.hr\/en\/wp-content\/uploads\/2014\/02\/skolovanje-glasa-300x235-300x235.jpg\" alt=\"skolovanje-glasa-300x235\" width=\"300\" height=\"235\" \/><\/p>\n<ul class=\"list-1\">\n<li>Exercises for voice development (Baldo Mikuli\u0107)<\/li>\n<\/ul>\n<p>Individual lessons<br \/>\nGroup lessons<\/p>\n<ul class=\"list-1\">\n<li>Singing (Baldo Mikuli\u0107)<\/li>\n<\/ul>\n<p>Solo singing<br \/>\nChoir singing<\/p>\n<ul class=\"list-1\">\n<li>Study of the book \u201cthe School of Uncovering your Voice\u201d by Valborg Werbeck\u2013 Sv\u00e4rdstr\u00f6m<\/li>\n<\/ul>\n<ul class=\"list-1\">\n<li>Anthroposophy (Katica Radoni\u0107)<\/li>\n<\/ul>\n<ul class=\"list-1\">\n<li>Eurythmy (Alen Guca)<\/li>\n<\/ul>\n<ul class=\"list-1\">\n<li>Feldenkrais Method (Hrvoje Marko Vitturi)<\/li>\n<\/ul>\n<ul class=\"list-1\">\n<li>Biography (Katica Radoni\u0107)<\/li>\n<\/ul>\n<ul class=\"list-1\">\n<li>Piano and Music Theory Foundation (optional) (Teodora Zdeli\u010dan)<\/li>\n<\/ul>\n<p>&nbsp;<\/p>\n<p><strong>Lecturers:<\/strong><br \/>\nBaldo Mikuli\u0107, M.A. in Psychology, certified teacher and therapist of Werbeck-Singing method (the School of Uncovering the Voice)<br \/>\nKatica Radoni\u0107, (graduated in medical pedagogy and social therapy; art therapy; bioghraphy, and carmic diagnostics)<br \/>\nAlen Guca, dipl.jur., dipl. eurythmist, Waldorf teacher<br \/>\nHrvoje Marko Vitturi, bacc. Physioth., Feldenkrais pedagogue, Bones for Life Coach, System Constellation Coach<br \/>\nTeodora Zdeli\u010dan<\/p>\n<!-- Facebook Members Plugin by Crunchify: http:\/\/Crunchify.com\/facebook-members\/ -->\n\t\t<div class=\"fb-recommendations-bar\" data-href=\"http:\/\/orpheus.hr\/en\/content-of-the-training-programme\/\" data-read-time=\"5\" data-side=\"\" data-action=\"like\"><\/div>","protected":false},"excerpt":{"rendered":"<p>Content of the training programme Exercises for voice development (Baldo Mikuli\u0107) Individual lessons Group lessons Singing (Baldo Mikuli\u0107) Solo singing Choir singing Study of the book \u201cthe School of Uncovering your Voice\u201d by Valborg Werbeck\u2013 Sv\u00e4rdstr\u00f6m Anthroposophy (Katica Radoni\u0107) Eurythmy (Alen Guca) Feldenkrais Method (Hrvoje Marko Vitturi) Biography (Katica Radoni\u0107) Piano and Music Theory Foundation&#8230;<\/p>\n","protected":false},"author":3,"featured_media":0,"parent":0,"menu_order":0,"comment_status":"closed","ping_status":"closed","template":"","meta":{"footnotes":""},"_links":{"self":[{"href":"http:\/\/orpheus.hr\/en\/wp-json\/wp\/v2\/pages\/1903"}],"collection":[{"href":"http:\/\/orpheus.hr\/en\/wp-json\/wp\/v2\/pages"}],"about":[{"href":"http:\/\/orpheus.hr\/en\/wp-json\/wp\/v2\/types\/page"}],"author":[{"embeddable":true,"href":"http:\/\/orpheus.hr\/en\/wp-json\/wp\/v2\/users\/3"}],"replies":[{"embeddable":true,"href":"http:\/\/orpheus.hr\/en\/wp-json\/wp\/v2\/comments?post=1903"}],"version-history":[{"count":2,"href":"http:\/\/orpheus.hr\/en\/wp-json\/wp\/v2\/pages\/1903\/revisions"}],"predecessor-version":[{"id":3019,"href":"http:\/\/orpheus.hr\/en\/wp-json\/wp\/v2\/pages\/1903\/revisions\/3019"}],"wp:attachment":[{"href":"http:\/\/orpheus.hr\/en\/wp-json\/wp\/v2\/media?parent=1903"}],"curies":[{"name":"wp","href":"https:\/\/api.w.org\/{rel}","templated":true}]}}