{"id":1898,"date":"2014-02-04T19:09:13","date_gmt":"2013-10-27T16:59:01","guid":{"rendered":"http:\/\/orpheus.hr\/en\/?page_id=1898"},"modified":"2016-07-01T13:32:40","modified_gmt":"2016-07-01T13:32:40","slug":"voice-training","status":"publish","type":"page","link":"http:\/\/orpheus.hr\/en\/voice-training\/","title":{"rendered":"Voice training"},"content":{"rendered":"<h3 class=\"headline\">Voice training according to Werbeck-Singing method<\/h3>\n<p><img loading=\"lazy\" decoding=\"async\" class=\"alignleft size-medium wp-image-2953\" src=\"http:\/\/orpheus.hr\/en\/wp-content\/uploads\/2014\/02\/skolovanje-glasa-300x235-300x235.jpg\" alt=\"skolovanje-glasa-300x235\" width=\"300\" height=\"235\" \/><br \/>\n\u201eORPHEUS &#8211; the School of Uncovering the Voice\u201c offers for the first time in Croatia the possibility of voice training according to Werbeck-Singing method. The training is designed for those who want to use the singing voice in their work, but also for those who wish to use it more effectively in private or professional life, i.e., mainly singers or those who want to learn how to sing, therapists, preschool teachers, primary school teachers and music teachers who actively use singing in their work with children, parents, and everyone else who wants to use singing as a tool for personal development.<\/p>\n<p>&nbsp;<\/p>\n<h3 class=\"headline\">Werbeck singing &#8211; The aim of the training<\/h3>\n<p>The aim of the training is to learn how to uncover, develop, maintain, and use singing voice in everyday life and work. The programme includes therapeutic singing exercises, breathing deepening exercises, and exercises for broadening voice range. Students will study about links between phases of voice development and spiritual forces. Since the voice is the intimate part of every human being, the training also includes individual singing lessons. The training combines theory and practical work. Apart from participation at lessons, each student will be asked to fulfil individual assignments. The students will obtain the certificates upon completion of the programme.<\/p>\n<p>&nbsp;<\/p>\n<h3 class=\"headline\">The study programme has been developed by prof. Baldo Mikuli\u0107, M.A. in Psychology<\/h3>\n<p>The study programme has been developed by prof. Baldo Mikuli\u0107, M.A. in Psychology, the only certified teacher and therapist of Werbeck-Singing method in this part of Europe, based on lengthy experience in teaching singing and therapeutic work with individuals and groups across Croatia, Slovenia, Canada, Slovak Republic, and Check Republic. Professor Mikuli\u0107 also worked at the centre for people with developmental disabilities Association La Branche in Switzerland. Several guest teachers cover specific areas of the programme. Duration of the training Werbeck-Singing method training lasts 4 years and includes 600 hours of lectures. Each year is divided into 4 modules \u2013 three of which will take place in Zagreb, and one (optional) in Orebi\u0107, Pelje\u0161ac Penninsula, Croatia. Duration of each modul is 4-5 days. Price 900\u20ac per year, in four instalments. Cost of travel, accommodation and food is not included in the price. Content of the training programme Exercises for voice development (Baldo Mikuli\u0107) &#8211; Individual lessons &#8211; Group lessons 1) Singing (Baldo Mikuli\u0107) &#8211; Solo singing &#8211; Choir singing 2) Study of the book \u201cthe School of Uncovering your Voice\u201d by Valborg Werbeck\u2013 Sv\u00e4rdstr\u00f6m 3) Anthroposophy (Katica Radoni\u0107) 4) Eurythmy (Alen Guca) 5) Feldenkrais Method (Hrvoje Marko Vitturi) 6) Biography (Katica Radoni\u0107) 7) Piano and Music Theory Foundation (optional) (Teodora Zdeli\u010dan)<\/p>\n<p><strong>Lecturers:<\/strong><br \/>\nBaldo Mikuli\u0107, M.A. in Psychology, certified teacher and therapist of Werbeck-Singing method (the School of Uncovering the Voice) Katica Radoni\u0107, (graduated in medical pedagogy and social therapy; art therapy; bioghraphy, and carmic diagnostics) Alen Guca, dipl.jur., dipl. eurythmist, Waldorf teacher Hrvoje Marko Vitturi, bacc. Physioth., Feldenkrais pedagogue, Bones for Life Coach, System Constellation Coach Teodora Zdeli\u010dan, musician.<\/p>\n<p><strong>Applications:<\/strong><br \/>\nby e-mail info@orpheus.hr, or post. Contact: Baldo Mikuli\u0107 \u201cOrpheus\u201d Horvatovac 92 10000 Zagreb T: +385 (0)91-1714-322 info@orpheus.hr www.orpheus.hr<\/p>\n<!-- Facebook Members Plugin by Crunchify: http:\/\/Crunchify.com\/facebook-members\/ -->\n\t\t<div class=\"fb-recommendations-bar\" data-href=\"http:\/\/orpheus.hr\/en\/voice-training\/\" data-read-time=\"5\" data-side=\"\" data-action=\"like\"><\/div>","protected":false},"excerpt":{"rendered":"<p>Voice training according to Werbeck-Singing method \u201eORPHEUS &#8211; the School of Uncovering the Voice\u201c offers for the first time in Croatia the possibility of voice training according to Werbeck-Singing method. The training is designed for those who want to use the singing voice in their work, but also for those who wish to use it&#8230;<\/p>\n","protected":false},"author":3,"featured_media":0,"parent":0,"menu_order":0,"comment_status":"closed","ping_status":"closed","template":"","meta":{"footnotes":""},"_links":{"self":[{"href":"http:\/\/orpheus.hr\/en\/wp-json\/wp\/v2\/pages\/1898"}],"collection":[{"href":"http:\/\/orpheus.hr\/en\/wp-json\/wp\/v2\/pages"}],"about":[{"href":"http:\/\/orpheus.hr\/en\/wp-json\/wp\/v2\/types\/page"}],"author":[{"embeddable":true,"href":"http:\/\/orpheus.hr\/en\/wp-json\/wp\/v2\/users\/3"}],"replies":[{"embeddable":true,"href":"http:\/\/orpheus.hr\/en\/wp-json\/wp\/v2\/comments?post=1898"}],"version-history":[{"count":1,"href":"http:\/\/orpheus.hr\/en\/wp-json\/wp\/v2\/pages\/1898\/revisions"}],"predecessor-version":[{"id":3018,"href":"http:\/\/orpheus.hr\/en\/wp-json\/wp\/v2\/pages\/1898\/revisions\/3018"}],"wp:attachment":[{"href":"http:\/\/orpheus.hr\/en\/wp-json\/wp\/v2\/media?parent=1898"}],"curies":[{"name":"wp","href":"https:\/\/api.w.org\/{rel}","templated":true}]}}